{"id":248332,"date":"2021-11-12T13:36:30","date_gmt":"2021-11-12T12:36:30","guid":{"rendered":"https:\/\/gyemantekszer.com\/termek\/le-lune-classic-aisling-gyongysor\/"},"modified":"2025-11-07T15:40:40","modified_gmt":"2025-11-07T14:40:40","slug":"le-lune-classic-aisling-gyongysor","status":"publish","type":"product","link":"https:\/\/gyemantekszer.com\/en\/termek\/le-lune-classic-aisling-gyongysor\/","title":{"rendered":"LE LUNE CLASSIC &#8211; Aisling Gy\u00f6ngysor"},"content":{"rendered":"","protected":false},"excerpt":{"rendered":"<p><span data-sheets-value=\"{&quot;1&quot;:2,&quot;2&quot;:&quot;Gy\u00e9m\u00e1nttal kirakott feh\u00e9rarany med\u00e1l van k\u00f6z\u00e9pen egy nagy\u00f6bb gy\u00f6nggyel, egy\u00e9bk\u00e9nt \u00e9desv\u00edzi teny\u00e9sztett gy\u00f6ngysoron.&quot;}\" data-sheets-userformat=\"{&quot;2&quot;:14851,&quot;3&quot;:{&quot;1&quot;:0},&quot;4&quot;:{&quot;1&quot;:2,&quot;2&quot;:16777215},&quot;12&quot;:0,&quot;14&quot;:{&quot;1&quot;:2,&quot;2&quot;:0},&quot;15&quot;:&quot;Calibri&quot;,&quot;16&quot;:11}\">Gy\u00e9m\u00e1nttal kirakott feh\u00e9rarany med\u00e1l van k\u00f6z\u00e9pen egy nagyobb gy\u00f6nggyel elhelyezve az \u00e9desv\u00edzi teny\u00e9sztett gy\u00f6ngysoron.<\/span><\/p>\n","protected":false},"featured_media":239247,"comment_status":"open","ping_status":"closed","template":"","meta":{"_acf_changed":false},"product_brand":[],"product_cat":[1924],"product_tag":[1305,1310,136,133],"class_list":{"0":"post-248332","1":"product","2":"type-product","3":"status-publish","4":"has-post-thumbnail","6":"product_cat-gyongysor","7":"product_tag-feher-arany","8":"product_tag-feher-gyemant","9":"product_tag-gyongyos","10":"product_tag-noi","11":"pa_kollekcio-exkluziv-ekszerek","12":"pa_marka-le-lune","13":"pa_meret-420-cm-hosszu","14":"pa_otvozet-finomsaga-143","15":"pa_suly-166-gr","16":"pa_zarak-karabiner-zar","18":"first","19":"instock","20":"sale","21":"sold-individually","22":"taxable","23":"shipping-taxable","24":"purchasable","25":"product-type-simple"},"acf":[],"_links":{"self":[{"href":"https:\/\/gyemantekszer.com\/en\/wp-json\/wp\/v2\/product\/248332","targetHints":{"allow":["GET"]}}],"collection":[{"href":"https:\/\/gyemantekszer.com\/en\/wp-json\/wp\/v2\/product"}],"about":[{"href":"https:\/\/gyemantekszer.com\/en\/wp-json\/wp\/v2\/types\/product"}],"replies":[{"embeddable":true,"href":"https:\/\/gyemantekszer.com\/en\/wp-json\/wp\/v2\/comments?post=248332"}],"wp:featuredmedia":[{"embeddable":true,"href":"https:\/\/gyemantekszer.com\/en\/wp-json\/wp\/v2\/media\/239247"}],"wp:attachment":[{"href":"https:\/\/gyemantekszer.com\/en\/wp-json\/wp\/v2\/media?parent=248332"}],"wp:term":[{"taxonomy":"product_brand","embeddable":true,"href":"https:\/\/gyemantekszer.com\/en\/wp-json\/wp\/v2\/product_brand?post=248332"},{"taxonomy":"product_cat","embeddable":true,"href":"https:\/\/gyemantekszer.com\/en\/wp-json\/wp\/v2\/product_cat?post=248332"},{"taxonomy":"product_tag","embeddable":true,"href":"https:\/\/gyemantekszer.com\/en\/wp-json\/wp\/v2\/product_tag?post=248332"}],"curies":[{"name":"wp","href":"https:\/\/api.w.org\/{rel}","templated":true}]}}