{"id":248331,"date":"2021-11-12T13:23:20","date_gmt":"2021-11-12T12:23:20","guid":{"rendered":"https:\/\/gyemantekszer.com\/termek\/coscia-kayla-gyongysor\/"},"modified":"2025-09-29T12:53:23","modified_gmt":"2025-09-29T10:53:23","slug":"coscia-kayla-gyongysor","status":"publish","type":"product","link":"https:\/\/gyemantekszer.com\/en\/product\/coscia-kayla-gyongysor\/","title":{"rendered":"COSCIA &#8211; Kayla Gy\u00f6ngysor"},"content":{"rendered":"","protected":false},"excerpt":{"rendered":"<p><span data-sheets-value=\"{&quot;1&quot;:2,&quot;2&quot;:&quot;Mindig divatos, feh\u00e9r teny\u00e9sztett gy\u00f6ngysor minden koroszt\u00e1ly sz\u00e1m\u00e1ra aj\u00e1nljuk gy\u00f6ny\u00f6r\u0171 feh\u00e9rarany karab\u00ednerrel.&quot;}\" data-sheets-userformat=\"{&quot;2&quot;:14851,&quot;3&quot;:{&quot;1&quot;:0},&quot;4&quot;:{&quot;1&quot;:2,&quot;2&quot;:16777215},&quot;12&quot;:0,&quot;14&quot;:{&quot;1&quot;:2,&quot;2&quot;:0},&quot;15&quot;:&quot;Calibri&quot;,&quot;16&quot;:11}\">Mindig divatos, feh\u00e9r teny\u00e9sztett gy\u00f6ngysor minden koroszt\u00e1ly sz\u00e1m\u00e1ra aj\u00e1nljuk gy\u0151ny\u0151r\u0171 feh\u00e9rarany karab\u00ednerrel.<\/span><\/p>\n","protected":false},"featured_media":239242,"comment_status":"open","ping_status":"open","template":"","meta":{"_acf_changed":false},"product_brand":[],"product_cat":[1924],"product_tag":[1384,1390,1375,1379],"class_list":{"0":"post-248331","1":"product","2":"type-product","3":"status-publish","4":"has-post-thumbnail","6":"product_cat-gyongysor","7":"product_tag-for-ladies","8":"product_tag-jewel-setts","9":"product_tag-white-gold","10":"product_tag-with-pearls","11":"pa_kollekcio-exkluziv-ekszerek","12":"pa_marka-coscia","13":"pa_meret-420-cm-hosszu","14":"pa_otvozet-finomsaga-143","15":"pa_suly-256-gr","16":"pa_zarak-karabiner-zar","18":"first","19":"onrequest","20":"taxable","21":"shipping-taxable","22":"product-type-simple"},"acf":[],"_links":{"self":[{"href":"https:\/\/gyemantekszer.com\/en\/wp-json\/wp\/v2\/product\/248331","targetHints":{"allow":["GET"]}}],"collection":[{"href":"https:\/\/gyemantekszer.com\/en\/wp-json\/wp\/v2\/product"}],"about":[{"href":"https:\/\/gyemantekszer.com\/en\/wp-json\/wp\/v2\/types\/product"}],"replies":[{"embeddable":true,"href":"https:\/\/gyemantekszer.com\/en\/wp-json\/wp\/v2\/comments?post=248331"}],"wp:featuredmedia":[{"embeddable":true,"href":"https:\/\/gyemantekszer.com\/en\/wp-json\/wp\/v2\/media\/239242"}],"wp:attachment":[{"href":"https:\/\/gyemantekszer.com\/en\/wp-json\/wp\/v2\/media?parent=248331"}],"wp:term":[{"taxonomy":"product_brand","embeddable":true,"href":"https:\/\/gyemantekszer.com\/en\/wp-json\/wp\/v2\/product_brand?post=248331"},{"taxonomy":"product_cat","embeddable":true,"href":"https:\/\/gyemantekszer.com\/en\/wp-json\/wp\/v2\/product_cat?post=248331"},{"taxonomy":"product_tag","embeddable":true,"href":"https:\/\/gyemantekszer.com\/en\/wp-json\/wp\/v2\/product_tag?post=248331"}],"curies":[{"name":"wp","href":"https:\/\/api.w.org\/{rel}","templated":true}]}}