{"id":248326,"date":"2021-11-12T12:09:41","date_gmt":"2021-11-12T11:09:41","guid":{"rendered":"https:\/\/gyemantekszer.com\/termek\/coscia-robyn-02-gray-akoya-gyongysor\/"},"modified":"2025-09-29T12:53:21","modified_gmt":"2025-09-29T10:53:21","slug":"coscia-robyn-02-gray-akoya-gyongysor","status":"publish","type":"product","link":"https:\/\/gyemantekszer.com\/en\/termek\/coscia-robyn-02-gray-akoya-gyongysor\/","title":{"rendered":"COSCIA &#8211; Robyn 02 Gray AKOYA Gy\u00f6ngysor"},"content":{"rendered":"","protected":false},"excerpt":{"rendered":"<p><span data-sheets-value=\"{&quot;1&quot;:2,&quot;2&quot;:&quot;Legmagasabb min\u0151s\u00edt\u00e9s\u0171 AKOYA gy\u00f6ngysor sz\u00fcrke sz\u00edn\u0171 v\u00e1ltozatban, feh\u00e9rarany z\u00e1rr\u00e9sszel kiv\u00e1ll\u00f3 v\u00e1laszt\u00e1s.&quot;}\" data-sheets-userformat=\"{&quot;2&quot;:14851,&quot;3&quot;:{&quot;1&quot;:0},&quot;4&quot;:{&quot;1&quot;:2,&quot;2&quot;:16777215},&quot;12&quot;:0,&quot;14&quot;:{&quot;1&quot;:2,&quot;2&quot;:0},&quot;15&quot;:&quot;Calibri&quot;,&quot;16&quot;:11}\">Legmagasabb min\u0151s\u00e9g\u0171 AKOYA gy\u00f6ngysor sz\u00fcrke sz\u00edn\u0171 v\u00e1ltozatban, feh\u00e9rarany z\u00e1rr\u00e9sszel kiv\u00e1ll\u00f3 v\u00e1laszt\u00e1s.<\/span><\/p>\n","protected":false},"featured_media":239218,"comment_status":"open","ping_status":"open","template":"","meta":{"_acf_changed":false},"product_brand":[],"product_cat":[1924],"product_tag":[133,1305,136],"class_list":{"0":"post-248326","1":"product","2":"type-product","3":"status-publish","4":"has-post-thumbnail","6":"product_cat-gyongysor","7":"product_tag-noi","8":"product_tag-feher-arany","9":"product_tag-gyongyos","10":"pa_kollekcio-exkluziv-ekszerek","11":"pa_marka-coscia","12":"pa_meret-430-cm-hosszu","13":"pa_otvozet-finomsaga-143","14":"pa_suly-241-gr","15":"pa_zarak-karabiner-zar","17":"first","18":"instock","19":"sale","20":"sold-individually","21":"taxable","22":"shipping-taxable","23":"product-type-simple"},"acf":[],"_links":{"self":[{"href":"https:\/\/gyemantekszer.com\/en\/wp-json\/wp\/v2\/product\/248326","targetHints":{"allow":["GET"]}}],"collection":[{"href":"https:\/\/gyemantekszer.com\/en\/wp-json\/wp\/v2\/product"}],"about":[{"href":"https:\/\/gyemantekszer.com\/en\/wp-json\/wp\/v2\/types\/product"}],"replies":[{"embeddable":true,"href":"https:\/\/gyemantekszer.com\/en\/wp-json\/wp\/v2\/comments?post=248326"}],"wp:featuredmedia":[{"embeddable":true,"href":"https:\/\/gyemantekszer.com\/en\/wp-json\/wp\/v2\/media\/239218"}],"wp:attachment":[{"href":"https:\/\/gyemantekszer.com\/en\/wp-json\/wp\/v2\/media?parent=248326"}],"wp:term":[{"taxonomy":"product_brand","embeddable":true,"href":"https:\/\/gyemantekszer.com\/en\/wp-json\/wp\/v2\/product_brand?post=248326"},{"taxonomy":"product_cat","embeddable":true,"href":"https:\/\/gyemantekszer.com\/en\/wp-json\/wp\/v2\/product_cat?post=248326"},{"taxonomy":"product_tag","embeddable":true,"href":"https:\/\/gyemantekszer.com\/en\/wp-json\/wp\/v2\/product_tag?post=248326"}],"curies":[{"name":"wp","href":"https:\/\/api.w.org\/{rel}","templated":true}]}}