{"id":248288,"date":"2021-04-30T08:49:35","date_gmt":"2021-04-30T06:49:35","guid":{"rendered":"https:\/\/gyemantekszer.com\/termek\/kielo-gyamant-gyuru\/"},"modified":"2025-09-29T12:52:56","modified_gmt":"2025-09-29T10:52:56","slug":"kielo-gyamant-gyuru","status":"publish","type":"product","link":"https:\/\/gyemantekszer.com\/en\/product\/kielo-gyamant-gyuru\/","title":{"rendered":"Kielo Gy\u00e1m\u00e1nt Gy\u0171r\u0171"},"content":{"rendered":"","protected":false},"excerpt":{"rendered":"<p><span data-sheets-value=\"{&quot;1&quot;:2,&quot;2&quot;:&quot;Ennek a feh\u00e9rarany eljegyz\u00e9si gy\u0171r\u0171nek a k\u00f6zep\u00e9n egy ritka feh\u00e9r sz\u00edn\u0171 ( River) csillog\u00f3 gy\u00e9m\u00e1nt t\u00fcnd\u00f6k\u00f6l. Mindenkit elb\u00fcv\u00f6l a sz\u00e9ps\u00e9g\u00e9vel.&quot;}\" data-sheets-userformat=\"{&quot;2&quot;:14851,&quot;3&quot;:{&quot;1&quot;:0},&quot;4&quot;:{&quot;1&quot;:2,&quot;2&quot;:16777215},&quot;12&quot;:0,&quot;14&quot;:{&quot;1&quot;:2,&quot;2&quot;:0},&quot;15&quot;:&quot;Calibri&quot;,&quot;16&quot;:11}\">Ennek a feh\u00e9rarany eljegyz\u00e9si gy\u0171r\u0171nek a k\u00f6zep\u00e9n egy ritka feh\u00e9r sz\u00edn\u0171 (River) csillog\u00f3 gy\u00e9m\u00e1nt t\u00fcnd\u0151k\u0151l. Mindenkit rabul ejt a sz\u00e9ps\u00e9g\u00e9vel.<\/span><\/p>\n","protected":false},"featured_media":239105,"comment_status":"open","ping_status":"open","template":"","meta":{"_acf_changed":false},"product_brand":[],"product_cat":[1917],"product_tag":[135,133,140,1310,1305],"class_list":{"0":"post-248288","1":"product","2":"type-product","3":"status-publish","4":"has-post-thumbnail","6":"product_cat-gyuru","7":"product_tag-eljegyzes","8":"product_tag-noi","9":"product_tag-meretezheto","10":"product_tag-feher-gyemant","11":"product_tag-feher-arany","12":"pa_kollekcio-exkluziv-ekszerek","13":"pa_marka-royal-diamonds-by-alexandra-ronai","14":"pa_meret-1461","15":"pa_otvozet-finomsaga-143","16":"pa_suly-31-gr","18":"first","19":"onrequest","20":"sold-individually","21":"taxable","22":"shipping-taxable","23":"product-type-simple"},"acf":[],"_links":{"self":[{"href":"https:\/\/gyemantekszer.com\/en\/wp-json\/wp\/v2\/product\/248288","targetHints":{"allow":["GET"]}}],"collection":[{"href":"https:\/\/gyemantekszer.com\/en\/wp-json\/wp\/v2\/product"}],"about":[{"href":"https:\/\/gyemantekszer.com\/en\/wp-json\/wp\/v2\/types\/product"}],"replies":[{"embeddable":true,"href":"https:\/\/gyemantekszer.com\/en\/wp-json\/wp\/v2\/comments?post=248288"}],"wp:featuredmedia":[{"embeddable":true,"href":"https:\/\/gyemantekszer.com\/en\/wp-json\/wp\/v2\/media\/239105"}],"wp:attachment":[{"href":"https:\/\/gyemantekszer.com\/en\/wp-json\/wp\/v2\/media?parent=248288"}],"wp:term":[{"taxonomy":"product_brand","embeddable":true,"href":"https:\/\/gyemantekszer.com\/en\/wp-json\/wp\/v2\/product_brand?post=248288"},{"taxonomy":"product_cat","embeddable":true,"href":"https:\/\/gyemantekszer.com\/en\/wp-json\/wp\/v2\/product_cat?post=248288"},{"taxonomy":"product_tag","embeddable":true,"href":"https:\/\/gyemantekszer.com\/en\/wp-json\/wp\/v2\/product_tag?post=248288"}],"curies":[{"name":"wp","href":"https:\/\/api.w.org\/{rel}","templated":true}]}}