{"id":248262,"date":"2021-03-31T11:35:58","date_gmt":"2021-03-31T09:35:58","guid":{"rendered":"https:\/\/gyemantekszer.com\/termek\/carlyne-260-7-karkoto\/"},"modified":"2025-09-29T12:52:43","modified_gmt":"2025-09-29T10:52:43","slug":"carlyne-260-7-karkoto","status":"publish","type":"product","link":"https:\/\/gyemantekszer.com\/en\/product\/carlyne-260-7-karkoto\/","title":{"rendered":"CAROLYNE 260.7 Kark\u00f6t\u0151"},"content":{"rendered":"","protected":false},"excerpt":{"rendered":"<p>\u00daj kollekci\u00f3nk a CAROLYNE, mely s\u00e1rga aranyozott r\u00e9szekkel d\u00edsz\u00edti a kark\u00f6t\u00f6t, a teny\u00e9sztett gy\u00f6ngy \u00e9s a feh\u00e9r Agate dr\u00e1gak\u0151 mellett. Ha a flexibilis megold\u00e1s nem megfelel\u0151, rendelhet\u0151 \u00e1ll\u00edthat\u00f3 karabineres z\u00e1rral (k\u00e9pen), a term\u00e9k \u00e1r plusz 5000.-Ft-\u00e9rt.<\/p>\n<p>Olaszorsz\u00e1gb\u00f3l \u00e9rkeztek ezek a nemes anyagokb\u00f3l gondosan megtervezett gy\u00f6ngy\u00f6s, dr\u00e1gak\u00f6ves \u00e9s aranyozott ez\u00fcst alkatr\u00e9szekkel kieg\u00e9sz\u00edtett<em>\u00a0LE LUNE Glamour<\/em>\u00a0\u00e9kszerek. Divatos sz\u00ednvil\u00e1g\u00e1val \u00e9s nemes anyagv\u00e1laszt\u00e1s\u00e1val feldobja sz\u00fcrke h\u00e9tk\u00f6znapjainkat.<\/p>\n<p>Aj\u00e1nljuk figyelm\u00e9be a\u00a0<em>LE LUNE Glamour<\/em>\u00a0k\u00fcl\u00f6nb\u00f6z\u0151 hossz\u00fas\u00e1g\u00fa gy\u00f6ngysorait, nyak\u00e9kekeit, melyeket vari\u00e1lhat egy\u00e9ni \u00edzl\u00e9s\u00e9nek megfelel\u0151en. Plusz k\u00fcl\u00f6nleges alkalmakra tal\u00e1l hozz\u00e1 f\u00fclbeval\u00f3t is.<\/p>\n","protected":false},"featured_media":239041,"comment_status":"open","ping_status":"open","template":"","meta":{"_acf_changed":false},"product_brand":[],"product_cat":[1921],"product_tag":[1930,1384,1390,1379],"class_list":{"0":"post-248262","1":"product","2":"type-product","3":"status-publish","4":"has-post-thumbnail","6":"product_cat-karkoto","7":"product_tag-ezust","8":"product_tag-for-ladies","9":"product_tag-jewel-setts","10":"product_tag-with-pearls","11":"pa_kollekcio-divat-ekszerek-kiegeszitok","12":"pa_marka-le-lune-glamour","13":"pa_meret-flexibilis-vagy-rendelheto-17-20-cm","14":"pa_otvozet-finomsaga-925-silver","16":"first","17":"onrequest","18":"taxable","19":"shipping-taxable","20":"product-type-simple"},"acf":[],"_links":{"self":[{"href":"https:\/\/gyemantekszer.com\/en\/wp-json\/wp\/v2\/product\/248262","targetHints":{"allow":["GET"]}}],"collection":[{"href":"https:\/\/gyemantekszer.com\/en\/wp-json\/wp\/v2\/product"}],"about":[{"href":"https:\/\/gyemantekszer.com\/en\/wp-json\/wp\/v2\/types\/product"}],"replies":[{"embeddable":true,"href":"https:\/\/gyemantekszer.com\/en\/wp-json\/wp\/v2\/comments?post=248262"}],"wp:featuredmedia":[{"embeddable":true,"href":"https:\/\/gyemantekszer.com\/en\/wp-json\/wp\/v2\/media\/239041"}],"wp:attachment":[{"href":"https:\/\/gyemantekszer.com\/en\/wp-json\/wp\/v2\/media?parent=248262"}],"wp:term":[{"taxonomy":"product_brand","embeddable":true,"href":"https:\/\/gyemantekszer.com\/en\/wp-json\/wp\/v2\/product_brand?post=248262"},{"taxonomy":"product_cat","embeddable":true,"href":"https:\/\/gyemantekszer.com\/en\/wp-json\/wp\/v2\/product_cat?post=248262"},{"taxonomy":"product_tag","embeddable":true,"href":"https:\/\/gyemantekszer.com\/en\/wp-json\/wp\/v2\/product_tag?post=248262"}],"curies":[{"name":"wp","href":"https:\/\/api.w.org\/{rel}","templated":true}]}}