{"id":248248,"date":"2021-01-21T13:07:58","date_gmt":"2021-01-21T12:07:58","guid":{"rendered":"https:\/\/gyemantekszer.com\/termek\/lida-arany-medal\/"},"modified":"2026-02-25T15:55:11","modified_gmt":"2026-02-25T14:55:11","slug":"lida-arany-medal","status":"publish","type":"product","link":"https:\/\/gyemantekszer.com\/en\/termek\/lida-arany-medal\/","title":{"rendered":"Lida arany med\u00e1l"},"content":{"rendered":"","protected":false},"excerpt":{"rendered":"<p><span data-sheets-value=\"{&quot;1&quot;:2,&quot;2&quot;:&quot;Ros\u00e9 aranyb\u00f3l k\u00e9sz\u00fclt, cirk\u00f3nia k\u00f6vekkel d\u00edsz\u00edtett med\u00e1l, mindig divatos szimbolum.&quot;}\" data-sheets-userformat=\"{&quot;2&quot;:14851,&quot;3&quot;:{&quot;1&quot;:0},&quot;4&quot;:{&quot;1&quot;:2,&quot;2&quot;:13624051},&quot;12&quot;:0,&quot;14&quot;:{&quot;1&quot;:2,&quot;2&quot;:0},&quot;15&quot;:&quot;Calibri&quot;,&quot;16&quot;:11}\">Ros\u00e9 aranyb\u00f3l k\u00e9sz\u00fclt, cirk\u00f3nia k\u00f6vekkel d\u00edsz\u00edtett med\u00e1l, mindig divatos szimbolum.<\/span><\/p>\n","protected":false},"featured_media":202213,"comment_status":"open","ping_status":"closed","template":"","meta":{"_acf_changed":false},"product_brand":[],"product_cat":[1980],"product_tag":[1374,1384,1385],"class_list":{"0":"post-248248","1":"product","2":"type-product","3":"status-publish","4":"has-post-thumbnail","6":"product_cat-medal","7":"product_tag-baby-kids","8":"product_tag-for-ladies","9":"product_tag-rose-gold","10":"pa_kollekcio-premium-ekszerek","11":"pa_meret-15-cm-hosszu","12":"pa_otvozet-finomsaga-221","13":"pa_suly-09-gr","15":"first","16":"instock","17":"sale","18":"sold-individually","19":"taxable","20":"shipping-taxable","21":"purchasable","22":"product-type-simple"},"acf":[],"_links":{"self":[{"href":"https:\/\/gyemantekszer.com\/en\/wp-json\/wp\/v2\/product\/248248","targetHints":{"allow":["GET"]}}],"collection":[{"href":"https:\/\/gyemantekszer.com\/en\/wp-json\/wp\/v2\/product"}],"about":[{"href":"https:\/\/gyemantekszer.com\/en\/wp-json\/wp\/v2\/types\/product"}],"replies":[{"embeddable":true,"href":"https:\/\/gyemantekszer.com\/en\/wp-json\/wp\/v2\/comments?post=248248"}],"wp:featuredmedia":[{"embeddable":true,"href":"https:\/\/gyemantekszer.com\/en\/wp-json\/wp\/v2\/media\/202213"}],"wp:attachment":[{"href":"https:\/\/gyemantekszer.com\/en\/wp-json\/wp\/v2\/media?parent=248248"}],"wp:term":[{"taxonomy":"product_brand","embeddable":true,"href":"https:\/\/gyemantekszer.com\/en\/wp-json\/wp\/v2\/product_brand?post=248248"},{"taxonomy":"product_cat","embeddable":true,"href":"https:\/\/gyemantekszer.com\/en\/wp-json\/wp\/v2\/product_cat?post=248248"},{"taxonomy":"product_tag","embeddable":true,"href":"https:\/\/gyemantekszer.com\/en\/wp-json\/wp\/v2\/product_tag?post=248248"}],"curies":[{"name":"wp","href":"https:\/\/api.w.org\/{rel}","templated":true}]}}