{"id":248244,"date":"2020-12-20T11:37:39","date_gmt":"2020-12-20T10:37:39","guid":{"rendered":"https:\/\/gyemantekszer.com\/termek\/aglent-gyemant-gyuru\/"},"modified":"2025-11-19T14:37:20","modified_gmt":"2025-11-19T13:37:20","slug":"aglent-gyemant-gyuru","status":"publish","type":"product","link":"https:\/\/gyemantekszer.com\/en\/termek\/aglent-gyemant-gyuru\/","title":{"rendered":"Aglent Gy\u00e9m\u00e1nt Gy\u0171r\u0171"},"content":{"rendered":"","protected":false},"excerpt":{"rendered":"<p><span data-sheets-value=\"{&quot;1&quot;:2,&quot;2&quot;:&quot;Kagyl\u00f3 form\u00e1j\u00fa csillog\u00f3 feh\u00e9r gy\u00e9m\u00e1ntokkal kirakott feh\u00e9rarany gy\u0171r\u0171, mely szettben k\u00e9sz\u00fclt, hozz\u00e1 ill\u0151 med\u00e1llal \u00e9s f\u00fclbeval\u00f3val.&quot;}\" data-sheets-userformat=\"{&quot;2&quot;:33559171,&quot;3&quot;:{&quot;1&quot;:0},&quot;4&quot;:[null,2,15987699],&quot;10&quot;:2,&quot;12&quot;:0,&quot;15&quot;:&quot;arial,sans,sans-serif&quot;,&quot;28&quot;:1}\">Kagyl\u00f3 form\u00e1j\u00fa, csillog\u00f3 feh\u00e9r gy\u00e9m\u00e1ntokkal kirakott feh\u00e9rarany gy\u0171r\u0171, mely szettben k\u00e9sz\u00fclt, hozz\u00e1 ill\u0151 med\u00e1llal \u00e9s f\u00fclbeval\u00f3val.<\/span><\/p>\n","protected":false},"featured_media":238978,"comment_status":"open","ping_status":"closed","template":"","meta":{"_acf_changed":false},"product_brand":[],"product_cat":[1917],"product_tag":[133,138,140,1310,1305],"class_list":{"0":"post-248244","1":"product","2":"type-product","3":"status-publish","4":"has-post-thumbnail","6":"product_cat-gyuru","7":"product_tag-noi","8":"product_tag-ekszer-szett","9":"product_tag-meretezheto","10":"product_tag-feher-gyemant","11":"product_tag-feher-arany","12":"pa_kollekcio-exkluziv-ekszerek","13":"pa_marka-kifuto-termek","14":"pa_meret-259","15":"pa_otvozet-finomsaga-1761","16":"pa_suly-42-gr","18":"first","19":"instock","20":"sale","21":"sold-individually","22":"taxable","23":"shipping-taxable","24":"purchasable","25":"product-type-simple"},"acf":[],"_links":{"self":[{"href":"https:\/\/gyemantekszer.com\/en\/wp-json\/wp\/v2\/product\/248244","targetHints":{"allow":["GET"]}}],"collection":[{"href":"https:\/\/gyemantekszer.com\/en\/wp-json\/wp\/v2\/product"}],"about":[{"href":"https:\/\/gyemantekszer.com\/en\/wp-json\/wp\/v2\/types\/product"}],"replies":[{"embeddable":true,"href":"https:\/\/gyemantekszer.com\/en\/wp-json\/wp\/v2\/comments?post=248244"}],"wp:featuredmedia":[{"embeddable":true,"href":"https:\/\/gyemantekszer.com\/en\/wp-json\/wp\/v2\/media\/238978"}],"wp:attachment":[{"href":"https:\/\/gyemantekszer.com\/en\/wp-json\/wp\/v2\/media?parent=248244"}],"wp:term":[{"taxonomy":"product_brand","embeddable":true,"href":"https:\/\/gyemantekszer.com\/en\/wp-json\/wp\/v2\/product_brand?post=248244"},{"taxonomy":"product_cat","embeddable":true,"href":"https:\/\/gyemantekszer.com\/en\/wp-json\/wp\/v2\/product_cat?post=248244"},{"taxonomy":"product_tag","embeddable":true,"href":"https:\/\/gyemantekszer.com\/en\/wp-json\/wp\/v2\/product_tag?post=248244"}],"curies":[{"name":"wp","href":"https:\/\/api.w.org\/{rel}","templated":true}]}}