{"id":248231,"date":"2020-11-26T10:42:10","date_gmt":"2020-11-26T09:42:10","guid":{"rendered":"https:\/\/gyemantekszer.com\/termek\/le-lune-diamonds-fausta-gyemant-gyuru\/"},"modified":"2025-09-29T12:52:16","modified_gmt":"2025-09-29T10:52:16","slug":"le-lune-diamonds-fausta-gyemant-gyuru","status":"publish","type":"product","link":"https:\/\/gyemantekszer.com\/en\/product\/le-lune-diamonds-fausta-gyemant-gyuru\/","title":{"rendered":"LE LUNE DIAMONDS &#8211; Fausta Gy\u00e9m\u00e1nt Gy\u0171r\u0171"},"content":{"rendered":"","protected":false},"excerpt":{"rendered":"<p><span data-sheets-value=\"{&quot;1&quot;:2,&quot;2&quot;:&quot;Ha eljegyz\u00e9s, akkor LELUNE DIAMONDS Olasz m\u00e1rk\u00e1nkat aj\u00e1nljuk, t\u00f6k\u00e9letes forma \u00e9s t\u00f6k\u00e9letes min\u0151s\u00e9g ez a karmos feh\u00e9rarany gy\u0171r\u0171.&quot;}\" data-sheets-userformat=\"{&quot;2&quot;:33569347,&quot;3&quot;:{&quot;1&quot;:0},&quot;4&quot;:[null,2,16777215],&quot;9&quot;:1,&quot;12&quot;:0,&quot;14&quot;:[null,2,0],&quot;15&quot;:&quot;Calibri&quot;,&quot;16&quot;:11,&quot;28&quot;:1}\">Ha eljegyz\u00e9s, akkor LELUNE DIAMONDS Olasz m\u00e1rk\u00e1nkat aj\u00e1nljuk, t\u00f6k\u00e9letes forma \u00e9s t\u00f6k\u00e9letes min\u0151s\u00e9g ez a karmos feh\u00e9rarany gy\u0171r\u0171.<\/span><\/p>\n","protected":false},"featured_media":238922,"comment_status":"open","ping_status":"open","template":"","meta":{"_acf_changed":false},"product_brand":[],"product_cat":[1917],"product_tag":[1373,1384,1383,1376,1375],"class_list":{"0":"post-248231","1":"product","2":"type-product","3":"status-publish","4":"has-post-thumbnail","6":"product_cat-gyuru","7":"product_tag-engagement","8":"product_tag-for-ladies","9":"product_tag-sizeable","10":"product_tag-white-diamond","11":"product_tag-white-gold","12":"pa_kollekcio-exkluziv-ekszerek","13":"pa_marka-le-lune","14":"pa_meret-183","15":"pa_otvozet-finomsaga-143","16":"pa_suly-20-g","18":"first","19":"onrequest","20":"taxable","21":"shipping-taxable","22":"product-type-simple"},"acf":[],"_links":{"self":[{"href":"https:\/\/gyemantekszer.com\/en\/wp-json\/wp\/v2\/product\/248231","targetHints":{"allow":["GET"]}}],"collection":[{"href":"https:\/\/gyemantekszer.com\/en\/wp-json\/wp\/v2\/product"}],"about":[{"href":"https:\/\/gyemantekszer.com\/en\/wp-json\/wp\/v2\/types\/product"}],"replies":[{"embeddable":true,"href":"https:\/\/gyemantekszer.com\/en\/wp-json\/wp\/v2\/comments?post=248231"}],"wp:featuredmedia":[{"embeddable":true,"href":"https:\/\/gyemantekszer.com\/en\/wp-json\/wp\/v2\/media\/238922"}],"wp:attachment":[{"href":"https:\/\/gyemantekszer.com\/en\/wp-json\/wp\/v2\/media?parent=248231"}],"wp:term":[{"taxonomy":"product_brand","embeddable":true,"href":"https:\/\/gyemantekszer.com\/en\/wp-json\/wp\/v2\/product_brand?post=248231"},{"taxonomy":"product_cat","embeddable":true,"href":"https:\/\/gyemantekszer.com\/en\/wp-json\/wp\/v2\/product_cat?post=248231"},{"taxonomy":"product_tag","embeddable":true,"href":"https:\/\/gyemantekszer.com\/en\/wp-json\/wp\/v2\/product_tag?post=248231"}],"curies":[{"name":"wp","href":"https:\/\/api.w.org\/{rel}","templated":true}]}}