{"id":248227,"date":"2020-11-25T14:46:19","date_gmt":"2020-11-25T13:46:19","guid":{"rendered":"https:\/\/gyemantekszer.com\/termek\/le-lune-diamonds-catarine-05-gyemant-nyakek\/"},"modified":"2025-09-29T12:52:14","modified_gmt":"2025-09-29T10:52:14","slug":"le-lune-diamonds-catarine-05-gyemant-nyakek","status":"publish","type":"product","link":"https:\/\/gyemantekszer.com\/en\/termek\/le-lune-diamonds-catarine-05-gyemant-nyakek\/","title":{"rendered":"LE LUNE DIAMONDS &#8211; Catarine 05 Gy\u00e9m\u00e1nt Nyak\u00e9k"},"content":{"rendered":"","protected":false},"excerpt":{"rendered":"<p><span data-sheets-value=\"{&quot;1&quot;:2,&quot;2&quot;:&quot;Finoman kidolgozott, Olasz divatnak megfelel\u0151en gy\u00f6ny\u00f6r\u0171 l\u00e1nccal, pont med\u00e1l egy csillog\u00f3 feh\u00e9r gy\u00e9m\u00e1nttal, leny\u0171g\u0151z\u0151en sz\u00e9p.&quot;}\" data-sheets-userformat=\"{&quot;2&quot;:33569347,&quot;3&quot;:{&quot;1&quot;:0},&quot;4&quot;:[null,2,16777215],&quot;9&quot;:1,&quot;12&quot;:0,&quot;14&quot;:[null,2,0],&quot;15&quot;:&quot;Calibri&quot;,&quot;16&quot;:11,&quot;28&quot;:1}\">Finoman kidolgozott, Olasz divatnak megfelel\u0151en gy\u00f6ny\u00f6r\u0171 l\u00e1nccal, pont med\u00e1l egy csillog\u00f3 feh\u00e9r gy\u00e9m\u00e1nttal, leny\u0171g\u0151z\u0151en sz\u00e9p.<\/span><\/p>\n","protected":false},"featured_media":238908,"comment_status":"open","ping_status":"open","template":"","meta":{"_acf_changed":false},"product_brand":[],"product_cat":[1923],"product_tag":[1316,133,138,1310,1305],"class_list":{"0":"post-248227","1":"product","2":"type-product","3":"status-publish","4":"has-post-thumbnail","6":"product_cat-nyakek","7":"product_tag-baba-gyermek","8":"product_tag-noi","9":"product_tag-ekszer-szett","10":"product_tag-feher-gyemant","11":"product_tag-feher-arany","12":"pa_kollekcio-exkluziv-ekszerek","13":"pa_marka-le-lune-diamonds","14":"pa_meret-400-cm-hosszu","15":"pa_otvozet-finomsaga-143","16":"pa_suly-10-gr","17":"pa_zarak-karabiner-zar","19":"first","20":"outofstock","21":"taxable","22":"shipping-taxable","23":"product-type-simple"},"acf":[],"_links":{"self":[{"href":"https:\/\/gyemantekszer.com\/en\/wp-json\/wp\/v2\/product\/248227","targetHints":{"allow":["GET"]}}],"collection":[{"href":"https:\/\/gyemantekszer.com\/en\/wp-json\/wp\/v2\/product"}],"about":[{"href":"https:\/\/gyemantekszer.com\/en\/wp-json\/wp\/v2\/types\/product"}],"replies":[{"embeddable":true,"href":"https:\/\/gyemantekszer.com\/en\/wp-json\/wp\/v2\/comments?post=248227"}],"wp:featuredmedia":[{"embeddable":true,"href":"https:\/\/gyemantekszer.com\/en\/wp-json\/wp\/v2\/media\/238908"}],"wp:attachment":[{"href":"https:\/\/gyemantekszer.com\/en\/wp-json\/wp\/v2\/media?parent=248227"}],"wp:term":[{"taxonomy":"product_brand","embeddable":true,"href":"https:\/\/gyemantekszer.com\/en\/wp-json\/wp\/v2\/product_brand?post=248227"},{"taxonomy":"product_cat","embeddable":true,"href":"https:\/\/gyemantekszer.com\/en\/wp-json\/wp\/v2\/product_cat?post=248227"},{"taxonomy":"product_tag","embeddable":true,"href":"https:\/\/gyemantekszer.com\/en\/wp-json\/wp\/v2\/product_tag?post=248227"}],"curies":[{"name":"wp","href":"https:\/\/api.w.org\/{rel}","templated":true}]}}