{"id":248223,"date":"2020-11-25T13:25:10","date_gmt":"2020-11-25T12:25:10","guid":{"rendered":"https:\/\/gyemantekszer.com\/termek\/le-lune-diamonds-catarine-04-gyemant-fulbevalo\/"},"modified":"2025-09-29T12:52:13","modified_gmt":"2025-09-29T10:52:13","slug":"le-lune-diamonds-catarine-04-gyemant-fulbevalo","status":"publish","type":"product","link":"https:\/\/gyemantekszer.com\/en\/termek\/le-lune-diamonds-catarine-04-gyemant-fulbevalo\/","title":{"rendered":"LE LUNE DIAMONDS &#8211; Catarine 04 Gy\u00e9m\u00e1nt F\u00fclbeval\u00f3"},"content":{"rendered":"","protected":false},"excerpt":{"rendered":"<p><span data-sheets-value=\"{&quot;1&quot;:2,&quot;2&quot;:&quot;Gy\u00f6ny\u00f6r\u0171en kimunk\u00e1lt, term\u00e9szetesen karmos foglalatban (ahol a csillog\u00f3 feh\u00e9r gy\u00e9m\u00e1nttok a legjobban t\u00fcnd\u00f6k\u00f6lnek) k\u00e9sz\u00fclt pont f\u00fclbeval\u00f3. Eleg\u00e1ns, mindennapi \u00e9kszer.&quot;}\" data-sheets-userformat=\"{&quot;2&quot;:33569347,&quot;3&quot;:{&quot;1&quot;:0},&quot;4&quot;:[null,2,16777215],&quot;9&quot;:1,&quot;12&quot;:0,&quot;14&quot;:[null,2,0],&quot;15&quot;:&quot;Calibri&quot;,&quot;16&quot;:11,&quot;28&quot;:1}\">Gy\u00f6ny\u00f6r\u0171en kimunk\u00e1lt, term\u00e9szetesen karmos foglalatban (ahol a csillog\u00f3 feh\u00e9r gy\u00e9m\u00e1nttok a legjobban t\u00fcnd\u00f6k\u00f6lnek) k\u00e9sz\u00fclt pont f\u00fclbeval\u00f3. Eleg\u00e1ns, mindennapi \u00e9kszer.<\/span><\/p>\n","protected":false},"featured_media":238884,"comment_status":"open","ping_status":"open","template":"","meta":{"_acf_changed":false},"product_brand":[],"product_cat":[1357],"product_tag":[1374,1384,1390,1376,1375],"class_list":{"0":"post-248223","1":"product","2":"type-product","3":"status-publish","4":"has-post-thumbnail","6":"product_cat-exclusive-earrings","7":"product_tag-baby-kids","8":"product_tag-for-ladies","9":"product_tag-jewel-setts","10":"product_tag-white-diamond","11":"product_tag-white-gold","12":"pa_kollekcio-exkluziv-ekszerek","13":"pa_marka-le-lune","14":"pa_meret-30-mm-atmero","15":"pa_otvozet-finomsaga-143","16":"pa_suly-10-gr","17":"pa_zarak-stekkeres-atszuros-zar","19":"first","20":"onrequest","21":"taxable","22":"shipping-taxable","23":"product-type-simple"},"acf":[],"_links":{"self":[{"href":"https:\/\/gyemantekszer.com\/en\/wp-json\/wp\/v2\/product\/248223","targetHints":{"allow":["GET"]}}],"collection":[{"href":"https:\/\/gyemantekszer.com\/en\/wp-json\/wp\/v2\/product"}],"about":[{"href":"https:\/\/gyemantekszer.com\/en\/wp-json\/wp\/v2\/types\/product"}],"replies":[{"embeddable":true,"href":"https:\/\/gyemantekszer.com\/en\/wp-json\/wp\/v2\/comments?post=248223"}],"wp:featuredmedia":[{"embeddable":true,"href":"https:\/\/gyemantekszer.com\/en\/wp-json\/wp\/v2\/media\/238884"}],"wp:attachment":[{"href":"https:\/\/gyemantekszer.com\/en\/wp-json\/wp\/v2\/media?parent=248223"}],"wp:term":[{"taxonomy":"product_brand","embeddable":true,"href":"https:\/\/gyemantekszer.com\/en\/wp-json\/wp\/v2\/product_brand?post=248223"},{"taxonomy":"product_cat","embeddable":true,"href":"https:\/\/gyemantekszer.com\/en\/wp-json\/wp\/v2\/product_cat?post=248223"},{"taxonomy":"product_tag","embeddable":true,"href":"https:\/\/gyemantekszer.com\/en\/wp-json\/wp\/v2\/product_tag?post=248223"}],"curies":[{"name":"wp","href":"https:\/\/api.w.org\/{rel}","templated":true}]}}