{"id":248220,"date":"2020-11-06T12:54:56","date_gmt":"2020-11-06T11:54:56","guid":{"rendered":"https:\/\/gyemantekszer.com\/termek\/silvia-gyemant-medal\/"},"modified":"2025-09-29T12:52:06","modified_gmt":"2025-09-29T10:52:06","slug":"silvia-gyemant-medal","status":"publish","type":"product","link":"https:\/\/gyemantekszer.com\/en\/termek\/silvia-gyemant-medal\/","title":{"rendered":"Silvia Gy\u00e9m\u00e1nt med\u00e1l"},"content":{"rendered":"","protected":false},"excerpt":{"rendered":"<p><span data-sheets-value=\"{&quot;1&quot;:2,&quot;2&quot;:&quot;Finoman kidolgozott, feh\u00e9r csillog\u00f3 gy\u00e9m\u00e1ntokkal foglalt feh\u00e9rarany kereszt, mely maradand\u00f3 aj\u00e1nd\u00e9k egy keresztel\u0151re is.&quot;}\" data-sheets-userformat=\"{&quot;2&quot;:33569347,&quot;3&quot;:{&quot;1&quot;:0},&quot;4&quot;:[null,2,16777215],&quot;9&quot;:1,&quot;12&quot;:0,&quot;14&quot;:[null,2,0],&quot;15&quot;:&quot;Calibri&quot;,&quot;16&quot;:11,&quot;28&quot;:1}\">Finoman kidolgozott, feh\u00e9r csillog\u00f3 gy\u00e9m\u00e1ntokkal foglalt feh\u00e9rarany kereszt, mely maradand\u00f3 aj\u00e1nd\u00e9k egy keresztel\u0151re is.<\/span><\/p>\n","protected":false},"featured_media":238880,"comment_status":"open","ping_status":"open","template":"","meta":{"_acf_changed":false},"product_brand":[],"product_cat":[1922],"product_tag":[1316,133,1310,1305],"class_list":{"0":"post-248220","1":"product","2":"type-product","3":"status-publish","4":"has-post-thumbnail","6":"product_cat-medal","7":"product_tag-baba-gyermek","8":"product_tag-noi","9":"product_tag-feher-gyemant","10":"product_tag-feher-arany","11":"pa_kollekcio-exkluziv-ekszerek","12":"pa_marka-kifuto-termek","13":"pa_meret-18-cm-hosszu-2","14":"pa_otvozet-finomsaga-221","15":"pa_suly-17-gr","17":"first","18":"instock","19":"sale","20":"sold-individually","21":"taxable","22":"shipping-taxable","23":"purchasable","24":"product-type-simple"},"acf":[],"_links":{"self":[{"href":"https:\/\/gyemantekszer.com\/en\/wp-json\/wp\/v2\/product\/248220","targetHints":{"allow":["GET"]}}],"collection":[{"href":"https:\/\/gyemantekszer.com\/en\/wp-json\/wp\/v2\/product"}],"about":[{"href":"https:\/\/gyemantekszer.com\/en\/wp-json\/wp\/v2\/types\/product"}],"replies":[{"embeddable":true,"href":"https:\/\/gyemantekszer.com\/en\/wp-json\/wp\/v2\/comments?post=248220"}],"wp:featuredmedia":[{"embeddable":true,"href":"https:\/\/gyemantekszer.com\/en\/wp-json\/wp\/v2\/media\/238880"}],"wp:attachment":[{"href":"https:\/\/gyemantekszer.com\/en\/wp-json\/wp\/v2\/media?parent=248220"}],"wp:term":[{"taxonomy":"product_brand","embeddable":true,"href":"https:\/\/gyemantekszer.com\/en\/wp-json\/wp\/v2\/product_brand?post=248220"},{"taxonomy":"product_cat","embeddable":true,"href":"https:\/\/gyemantekszer.com\/en\/wp-json\/wp\/v2\/product_cat?post=248220"},{"taxonomy":"product_tag","embeddable":true,"href":"https:\/\/gyemantekszer.com\/en\/wp-json\/wp\/v2\/product_tag?post=248220"}],"curies":[{"name":"wp","href":"https:\/\/api.w.org\/{rel}","templated":true}]}}