{"id":248218,"date":"2020-11-06T12:35:51","date_gmt":"2020-11-06T11:35:51","guid":{"rendered":"https:\/\/gyemantekszer.com\/termek\/aitana-gyemant-gyuru\/"},"modified":"2025-12-17T16:05:42","modified_gmt":"2025-12-17T15:05:42","slug":"aitana-gyemant-gyuru","status":"publish","type":"product","link":"https:\/\/gyemantekszer.com\/en\/product\/aitana-gyemant-gyuru\/","title":{"rendered":"Aitana Gy\u00e9m\u00e1nt Gy\u0171r\u0171"},"content":{"rendered":"","protected":false},"excerpt":{"rendered":"<p><span data-sheets-value=\"{&quot;1&quot;:2,&quot;2&quot;:&quot;Modern kialak\u00edt\u00e1ssal k\u00e9sz\u00fclt ez a feh\u00e9rarany \u00e9s s\u00e1rga arany eljegyz\u00e9si gy\u0171r\u0171 egy csod\u00e1latos feh\u00e9r csillog\u00f3 gy\u00e9m\u00e1nttal. Aj\u00e1nljuk figyelm\u00e9be azoknak akik nem kedvelik a karmos foglalatot.&quot;}\" data-sheets-userformat=\"{&quot;2&quot;:33569347,&quot;3&quot;:{&quot;1&quot;:0},&quot;4&quot;:[null,2,16777215],&quot;9&quot;:1,&quot;12&quot;:0,&quot;14&quot;:[null,2,0],&quot;15&quot;:&quot;Calibri&quot;,&quot;16&quot;:11,&quot;28&quot;:1}\">Modern kialak\u00edt\u00e1ssal k\u00e9sz\u00fclt ez a feh\u00e9rarany \u00e9s s\u00e1rga arany eljegyz\u00e9si gy\u0171r\u0171 egy csod\u00e1latos feh\u00e9r csillog\u00f3 gy\u00e9m\u00e1nttal. Aj\u00e1nljuk figyelm\u00e9be azoknak akik nem kedvelik a karmos foglalatot.<\/span><\/p>\n","protected":false},"featured_media":238871,"comment_status":"open","ping_status":"closed","template":"","meta":{"_acf_changed":false},"product_brand":[],"product_cat":[1917],"product_tag":[1373,1384,1389,1383,1376,1375,1388],"class_list":{"0":"post-248218","1":"product","2":"type-product","3":"status-publish","4":"has-post-thumbnail","6":"product_cat-gyuru","7":"product_tag-engagement","8":"product_tag-for-ladies","9":"product_tag-multicolored-gold","10":"product_tag-sizeable","11":"product_tag-white-diamond","12":"product_tag-white-gold","13":"product_tag-yellow-gold","14":"pa_kollekcio-exkluziv-ekszerek","15":"pa_marka-kifuto-termek","16":"pa_meret-303","17":"pa_otvozet-finomsaga-221","18":"pa_suly-29-gr","20":"first","21":"instock","22":"sale","23":"sold-individually","24":"taxable","25":"shipping-taxable","26":"purchasable","27":"product-type-simple"},"acf":[],"_links":{"self":[{"href":"https:\/\/gyemantekszer.com\/en\/wp-json\/wp\/v2\/product\/248218","targetHints":{"allow":["GET"]}}],"collection":[{"href":"https:\/\/gyemantekszer.com\/en\/wp-json\/wp\/v2\/product"}],"about":[{"href":"https:\/\/gyemantekszer.com\/en\/wp-json\/wp\/v2\/types\/product"}],"replies":[{"embeddable":true,"href":"https:\/\/gyemantekszer.com\/en\/wp-json\/wp\/v2\/comments?post=248218"}],"wp:featuredmedia":[{"embeddable":true,"href":"https:\/\/gyemantekszer.com\/en\/wp-json\/wp\/v2\/media\/238871"}],"wp:attachment":[{"href":"https:\/\/gyemantekszer.com\/en\/wp-json\/wp\/v2\/media?parent=248218"}],"wp:term":[{"taxonomy":"product_brand","embeddable":true,"href":"https:\/\/gyemantekszer.com\/en\/wp-json\/wp\/v2\/product_brand?post=248218"},{"taxonomy":"product_cat","embeddable":true,"href":"https:\/\/gyemantekszer.com\/en\/wp-json\/wp\/v2\/product_cat?post=248218"},{"taxonomy":"product_tag","embeddable":true,"href":"https:\/\/gyemantekszer.com\/en\/wp-json\/wp\/v2\/product_tag?post=248218"}],"curies":[{"name":"wp","href":"https:\/\/api.w.org\/{rel}","templated":true}]}}