{"id":248212,"date":"2020-11-06T11:39:32","date_gmt":"2020-11-06T10:39:32","guid":{"rendered":"https:\/\/gyemantekszer.com\/termek\/filip-gyemant-gyuru\/"},"modified":"2025-09-29T12:52:03","modified_gmt":"2025-09-29T10:52:03","slug":"filip-gyemant-gyuru","status":"publish","type":"product","link":"https:\/\/gyemantekszer.com\/en\/product\/filip-gyemant-gyuru\/","title":{"rendered":"Filip gy\u00e9m\u00e1nt gy\u0171r\u0171"},"content":{"rendered":"","protected":false},"excerpt":{"rendered":"<p><span data-sheets-value=\"{&quot;1&quot;:2,&quot;2&quot;:&quot;Eleg\u00e1ns, s\u00e1rga arany f\u00e9rfi pecs\u00e9tgy\u0171r\u0171, mely feh\u00e9rarany d\u00edsz\u00edt\u00e9ssel van ell\u00e1tva \u00e9s a tetej\u00e9n befoglalt feh\u00e9r csillog\u00f3 gy\u00e9m\u00e1ntok d\u00edszelegnek.&quot;}\" data-sheets-userformat=\"{&quot;2&quot;:33569347,&quot;3&quot;:{&quot;1&quot;:0},&quot;4&quot;:[null,2,16777215],&quot;9&quot;:1,&quot;12&quot;:0,&quot;14&quot;:[null,2,0],&quot;15&quot;:&quot;Calibri&quot;,&quot;16&quot;:11,&quot;28&quot;:1}\">Eleg\u00e1ns, s\u00e1rga arany f\u00e9rfi pecs\u00e9tgy\u0171r\u0171, mely feh\u00e9rarany d\u00edsz\u00edt\u00e9ssel van ell\u00e1tva \u00e9s a tetej\u00e9n befoglalt feh\u00e9r csillog\u00f3 gy\u00e9m\u00e1ntok d\u00edszelegnek.<\/span><\/p>\n","protected":false},"featured_media":238844,"comment_status":"open","ping_status":"open","template":"","meta":{"_acf_changed":false},"product_brand":[],"product_cat":[1917],"product_tag":[1378,1383,1376,1375,1388],"class_list":{"0":"post-248212","1":"product","2":"type-product","3":"status-publish","4":"has-post-thumbnail","6":"product_cat-gyuru","7":"product_tag-men","8":"product_tag-sizeable","9":"product_tag-white-diamond","10":"product_tag-white-gold","11":"product_tag-yellow-gold","12":"pa_kollekcio-exkluziv-ekszerek","13":"pa_marka-kifuto-termek","14":"pa_meret-406","15":"pa_otvozet-finomsaga-221","16":"pa_suly-72-gr","18":"first","19":"instock","20":"sold-individually","21":"taxable","22":"shipping-taxable","23":"purchasable","24":"product-type-simple"},"acf":[],"_links":{"self":[{"href":"https:\/\/gyemantekszer.com\/en\/wp-json\/wp\/v2\/product\/248212","targetHints":{"allow":["GET"]}}],"collection":[{"href":"https:\/\/gyemantekszer.com\/en\/wp-json\/wp\/v2\/product"}],"about":[{"href":"https:\/\/gyemantekszer.com\/en\/wp-json\/wp\/v2\/types\/product"}],"replies":[{"embeddable":true,"href":"https:\/\/gyemantekszer.com\/en\/wp-json\/wp\/v2\/comments?post=248212"}],"wp:featuredmedia":[{"embeddable":true,"href":"https:\/\/gyemantekszer.com\/en\/wp-json\/wp\/v2\/media\/238844"}],"wp:attachment":[{"href":"https:\/\/gyemantekszer.com\/en\/wp-json\/wp\/v2\/media?parent=248212"}],"wp:term":[{"taxonomy":"product_brand","embeddable":true,"href":"https:\/\/gyemantekszer.com\/en\/wp-json\/wp\/v2\/product_brand?post=248212"},{"taxonomy":"product_cat","embeddable":true,"href":"https:\/\/gyemantekszer.com\/en\/wp-json\/wp\/v2\/product_cat?post=248212"},{"taxonomy":"product_tag","embeddable":true,"href":"https:\/\/gyemantekszer.com\/en\/wp-json\/wp\/v2\/product_tag?post=248212"}],"curies":[{"name":"wp","href":"https:\/\/api.w.org\/{rel}","templated":true}]}}