{"id":248207,"date":"2020-11-06T11:00:02","date_gmt":"2020-11-06T10:00:02","guid":{"rendered":"https:\/\/gyemantekszer.com\/termek\/almeidan-gyemant-colie\/"},"modified":"2026-01-07T16:46:26","modified_gmt":"2026-01-07T15:46:26","slug":"almeidan-gyemant-colie","status":"publish","type":"product","link":"https:\/\/gyemantekszer.com\/en\/product\/almeidan-gyemant-colie\/","title":{"rendered":"Almeidan Gy\u00e9m\u00e1nt Coli\u00e9"},"content":{"rendered":"","protected":false},"excerpt":{"rendered":"<p><span data-sheets-value=\"{&quot;1&quot;:2,&quot;2&quot;:&quot;Csillog\u00f3, biztons\u00e1gos anker s\u00e1rga arany nyak\u00e9k, melynek k\u00f6zep\u00e9n egy gy\u00e9m\u00e1ntos csillag csuszka med\u00e1l van r\u00e1helyezve. L\u00e1nyoknak kit\u0171n\u0151 aj\u00e1nd\u00e9k egy sz\u00fclinapra ak\u00e1r.&quot;}\" data-sheets-userformat=\"{&quot;2&quot;:33569347,&quot;3&quot;:{&quot;1&quot;:0},&quot;4&quot;:[null,2,16777215],&quot;9&quot;:1,&quot;12&quot;:0,&quot;14&quot;:[null,2,0],&quot;15&quot;:&quot;Calibri&quot;,&quot;16&quot;:11,&quot;28&quot;:1}\">Csillog\u00f3, biztons\u00e1gos anker s\u00e1rga arany nyak\u00e9k, melynek k\u00f6zep\u00e9n egy gy\u00e9m\u00e1ntos csillag csuszka med\u00e1l van r\u00e1helyezve. L\u00e1nyoknak kit\u0171n\u0151 aj\u00e1nd\u00e9k egy sz\u00fclinapra ak\u00e1r.<\/span><\/p>\n","protected":false},"featured_media":238822,"comment_status":"open","ping_status":"closed","template":"","meta":{"_acf_changed":false},"product_brand":[],"product_cat":[1923],"product_tag":[1374,1384,1376,1388],"class_list":{"0":"post-248207","1":"product","2":"type-product","3":"status-publish","4":"has-post-thumbnail","6":"product_cat-nyakek","7":"product_tag-baby-kids","8":"product_tag-for-ladies","9":"product_tag-white-diamond","10":"product_tag-yellow-gold","11":"pa_kollekcio-exkluziv-ekszerek","12":"pa_marka-kifuto-termek","13":"pa_meret-490-cm-hosszu","14":"pa_otvozet-finomsaga-221","15":"pa_suly-25-gr","16":"pa_zarak-karabiner-zar","18":"first","19":"instock","20":"sale","21":"sold-individually","22":"taxable","23":"shipping-taxable","24":"purchasable","25":"product-type-simple"},"acf":[],"_links":{"self":[{"href":"https:\/\/gyemantekszer.com\/en\/wp-json\/wp\/v2\/product\/248207","targetHints":{"allow":["GET"]}}],"collection":[{"href":"https:\/\/gyemantekszer.com\/en\/wp-json\/wp\/v2\/product"}],"about":[{"href":"https:\/\/gyemantekszer.com\/en\/wp-json\/wp\/v2\/types\/product"}],"replies":[{"embeddable":true,"href":"https:\/\/gyemantekszer.com\/en\/wp-json\/wp\/v2\/comments?post=248207"}],"wp:featuredmedia":[{"embeddable":true,"href":"https:\/\/gyemantekszer.com\/en\/wp-json\/wp\/v2\/media\/238822"}],"wp:attachment":[{"href":"https:\/\/gyemantekszer.com\/en\/wp-json\/wp\/v2\/media?parent=248207"}],"wp:term":[{"taxonomy":"product_brand","embeddable":true,"href":"https:\/\/gyemantekszer.com\/en\/wp-json\/wp\/v2\/product_brand?post=248207"},{"taxonomy":"product_cat","embeddable":true,"href":"https:\/\/gyemantekszer.com\/en\/wp-json\/wp\/v2\/product_cat?post=248207"},{"taxonomy":"product_tag","embeddable":true,"href":"https:\/\/gyemantekszer.com\/en\/wp-json\/wp\/v2\/product_tag?post=248207"}],"curies":[{"name":"wp","href":"https:\/\/api.w.org\/{rel}","templated":true}]}}