{"id":248202,"date":"2020-06-24T09:45:43","date_gmt":"2020-06-24T07:45:43","guid":{"rendered":"https:\/\/gyemantekszer.com\/termek\/abelia-gyemant-gyuru\/"},"modified":"2025-09-29T12:51:59","modified_gmt":"2025-09-29T10:51:59","slug":"abelia-gyemant-gyuru","status":"publish","type":"product","link":"https:\/\/gyemantekszer.com\/en\/termek\/abelia-gyemant-gyuru\/","title":{"rendered":"NARDELLI &#8211; Ab\u00e9lia Gy\u00e9m\u00e1nt Gy\u0171r\u0171"},"content":{"rendered":"","protected":false},"excerpt":{"rendered":"<p>Egy GIA certifik\u00e1ci\u00f3val rendelkez\u0151 kiv\u00e1ll\u00f3 tisztas\u00e1g\u00fa, csepp form\u00e1ra csiszolt feh\u00e9r gy\u00e9m\u00e1nthoz k\u00e9sz\u00fclt ez a finom kidolgoz\u00e1s\u00fa feh\u00e9rarany eljegyz\u00e9si gy\u0171r\u0171, mely az olasz Nardelli m\u00e1rka remekm\u0171ve.<\/p>\n","protected":false},"featured_media":238801,"comment_status":"open","ping_status":"open","template":"","meta":{"_acf_changed":false},"product_brand":[],"product_cat":[1917],"product_tag":[135,133,140,1310,1305],"class_list":{"0":"post-248202","1":"product","2":"type-product","3":"status-publish","4":"has-post-thumbnail","6":"product_cat-gyuru","7":"product_tag-eljegyzes","8":"product_tag-noi","9":"product_tag-meretezheto","10":"product_tag-feher-gyemant","11":"product_tag-feher-arany","12":"pa_kollekcio-exkluziv-ekszerek","13":"pa_marka-nardelli","14":"pa_otvozet-finomsaga-143","15":"pa_suly-18-gr","17":"first","18":"instock","19":"sold-individually","20":"taxable","21":"shipping-taxable","22":"purchasable","23":"product-type-simple"},"acf":[],"_links":{"self":[{"href":"https:\/\/gyemantekszer.com\/en\/wp-json\/wp\/v2\/product\/248202","targetHints":{"allow":["GET"]}}],"collection":[{"href":"https:\/\/gyemantekszer.com\/en\/wp-json\/wp\/v2\/product"}],"about":[{"href":"https:\/\/gyemantekszer.com\/en\/wp-json\/wp\/v2\/types\/product"}],"replies":[{"embeddable":true,"href":"https:\/\/gyemantekszer.com\/en\/wp-json\/wp\/v2\/comments?post=248202"}],"wp:featuredmedia":[{"embeddable":true,"href":"https:\/\/gyemantekszer.com\/en\/wp-json\/wp\/v2\/media\/238801"}],"wp:attachment":[{"href":"https:\/\/gyemantekszer.com\/en\/wp-json\/wp\/v2\/media?parent=248202"}],"wp:term":[{"taxonomy":"product_brand","embeddable":true,"href":"https:\/\/gyemantekszer.com\/en\/wp-json\/wp\/v2\/product_brand?post=248202"},{"taxonomy":"product_cat","embeddable":true,"href":"https:\/\/gyemantekszer.com\/en\/wp-json\/wp\/v2\/product_cat?post=248202"},{"taxonomy":"product_tag","embeddable":true,"href":"https:\/\/gyemantekszer.com\/en\/wp-json\/wp\/v2\/product_tag?post=248202"}],"curies":[{"name":"wp","href":"https:\/\/api.w.org\/{rel}","templated":true}]}}