{"id":248156,"date":"2023-03-13T13:00:41","date_gmt":"2023-03-13T12:00:41","guid":{"rendered":"https:\/\/gyemantekszer.com\/termek\/aliz-gyemant-gyuru-2\/"},"modified":"2026-05-05T11:08:46","modified_gmt":"2026-05-05T09:08:46","slug":"aliz-gyemant-gyuru-2","status":"publish","type":"product","link":"https:\/\/gyemantekszer.com\/en\/termek\/aliz-gyemant-gyuru-2\/","title":{"rendered":"Suada gy\u00e9m\u00e0nt gy\u0171r\u0171"},"content":{"rendered":"","protected":false},"excerpt":{"rendered":"<p><span data-sheets-value=\"{&quot;1&quot;:2,&quot;2&quot;:&quot;Elk\u00e1pr\u00e1ztat\u00f3 eljegyz\u00e9si gy\u0171r\u0171 is lehet ez a feh\u00e9rarany, divatos, csillog\u00f3 feh\u00e9r gy\u00e9m\u00e1ntokkal kirakott \u00e9kszer.&quot;}\" data-sheets-userformat=\"{&quot;2&quot;:14851,&quot;3&quot;:{&quot;1&quot;:0},&quot;4&quot;:{&quot;1&quot;:2,&quot;2&quot;:16777215},&quot;12&quot;:0,&quot;14&quot;:{&quot;1&quot;:2,&quot;2&quot;:0},&quot;15&quot;:&quot;Calibri&quot;,&quot;16&quot;:11}\">Elk\u00e1pr\u00e1ztat\u00f3 eljegyz\u00e9si gy\u0171r\u0171 is lehet ez a feh\u00e9rarany, divatos, csillog\u00f3 feh\u00e9r gy\u00e9m\u00e1ntokkal kirakott \u00e9kszer.<\/span><\/p>\n","protected":false},"featured_media":238597,"comment_status":"open","ping_status":"open","template":"","meta":{"_acf_changed":false},"product_brand":[],"product_cat":[1917],"product_tag":[135,133,138,140,1310,1305],"class_list":{"0":"post-248156","1":"product","2":"type-product","3":"status-publish","4":"has-post-thumbnail","6":"product_cat-gyuru","7":"product_tag-eljegyzes","8":"product_tag-noi","9":"product_tag-ekszer-szett","10":"product_tag-meretezheto","11":"product_tag-feher-gyemant","12":"product_tag-feher-arany","13":"pa_kollekcio-exkluziv-ekszerek","14":"pa_marka-royal-diamonds-by-alexandra-ronai","15":"pa_meret-187","16":"pa_otvozet-finomsaga-143","17":"pa_suly-39-gr","19":"first","20":"outofstock","21":"taxable","22":"shipping-taxable","23":"product-type-simple"},"acf":[],"_links":{"self":[{"href":"https:\/\/gyemantekszer.com\/en\/wp-json\/wp\/v2\/product\/248156","targetHints":{"allow":["GET"]}}],"collection":[{"href":"https:\/\/gyemantekszer.com\/en\/wp-json\/wp\/v2\/product"}],"about":[{"href":"https:\/\/gyemantekszer.com\/en\/wp-json\/wp\/v2\/types\/product"}],"replies":[{"embeddable":true,"href":"https:\/\/gyemantekszer.com\/en\/wp-json\/wp\/v2\/comments?post=248156"}],"wp:featuredmedia":[{"embeddable":true,"href":"https:\/\/gyemantekszer.com\/en\/wp-json\/wp\/v2\/media\/238597"}],"wp:attachment":[{"href":"https:\/\/gyemantekszer.com\/en\/wp-json\/wp\/v2\/media?parent=248156"}],"wp:term":[{"taxonomy":"product_brand","embeddable":true,"href":"https:\/\/gyemantekszer.com\/en\/wp-json\/wp\/v2\/product_brand?post=248156"},{"taxonomy":"product_cat","embeddable":true,"href":"https:\/\/gyemantekszer.com\/en\/wp-json\/wp\/v2\/product_cat?post=248156"},{"taxonomy":"product_tag","embeddable":true,"href":"https:\/\/gyemantekszer.com\/en\/wp-json\/wp\/v2\/product_tag?post=248156"}],"curies":[{"name":"wp","href":"https:\/\/api.w.org\/{rel}","templated":true}]}}