{"id":248144,"date":"2019-11-19T10:17:11","date_gmt":"2019-11-19T09:17:11","guid":{"rendered":"https:\/\/gyemantekszer.com\/termek\/nardelli-annah-gyemant-nyakek\/"},"modified":"2025-09-29T12:51:21","modified_gmt":"2025-09-29T10:51:21","slug":"nardelli-annah-gyemant-nyakek","status":"publish","type":"product","link":"https:\/\/gyemantekszer.com\/en\/product\/nardelli-annah-gyemant-nyakek\/","title":{"rendered":"Nardelli &#8211; Annah Gy\u00e9m\u00e1nt Nyak\u00e9k"},"content":{"rendered":"","protected":false},"excerpt":{"rendered":"<p><span data-sheets-value=\"{&quot;1&quot;:2,&quot;2&quot;:&quot;Klasszikus, csepp form\u00e1j\u00fa csillog\u00f3 feh\u00e9r kiv\u00e1ll\u00f3 min\u0151s\u00e9g\u0171 gy\u00e9m\u00e1ntokkal kirakott nyak\u00e9k. \u00c1lland\u00f3, mindennapos viseletre gy\u00f6ny\u00f6r\u0171 \u00e9kszer. Hozz\u00e1 ill\u0151 nyak\u00e9kkel k\u00fcl\u00f6nleges aj\u00e1nd\u00e9k.&quot;}\" data-sheets-userformat=\"{&quot;2&quot;:14915,&quot;3&quot;:{&quot;1&quot;:0},&quot;4&quot;:[null,2,16777215],&quot;9&quot;:1,&quot;12&quot;:0,&quot;14&quot;:[null,2,0],&quot;15&quot;:&quot;Calibri&quot;,&quot;16&quot;:11}\">Klasszikus, csepp form\u00e1j\u00fa csillog\u00f3 feh\u00e9r, kiv\u00e1l\u00f3 min\u0151s\u00e9g\u0171 gy\u00e9m\u00e1ntokkal kirakott nyak\u00e9k. \u00c1lland\u00f3, mindennapos viseletre gy\u00f6ny\u00f6r\u0171 \u00e9kszer. Hozz\u00e1 ill\u0151 f\u00fclbeval\u00f3val \u00e9s gy\u0171r\u0171vel teljes a k\u00e9szlet, aj\u00e1nd\u00e9kk\u00e9nt.<\/span><\/p>\n","protected":false},"featured_media":238541,"comment_status":"open","ping_status":"open","template":"","meta":{"_acf_changed":false},"product_brand":[],"product_cat":[1923],"product_tag":[1384,1390,1376,1375],"class_list":{"0":"post-248144","1":"product","2":"type-product","3":"status-publish","4":"has-post-thumbnail","6":"product_cat-nyakek","7":"product_tag-for-ladies","8":"product_tag-jewel-setts","9":"product_tag-white-diamond","10":"product_tag-white-gold","11":"pa_kollekcio-exkluziv-ekszerek","12":"pa_marka-nardelli","13":"pa_meret-15-cm","14":"pa_meret-43-cm-hosszu","15":"pa_otvozet-finomsaga-143","16":"pa_suly-26-g","17":"pa_zarak-karabiner-zar","19":"first","20":"onrequest","21":"sold-individually","22":"taxable","23":"shipping-taxable","24":"product-type-simple"},"acf":[],"_links":{"self":[{"href":"https:\/\/gyemantekszer.com\/en\/wp-json\/wp\/v2\/product\/248144","targetHints":{"allow":["GET"]}}],"collection":[{"href":"https:\/\/gyemantekszer.com\/en\/wp-json\/wp\/v2\/product"}],"about":[{"href":"https:\/\/gyemantekszer.com\/en\/wp-json\/wp\/v2\/types\/product"}],"replies":[{"embeddable":true,"href":"https:\/\/gyemantekszer.com\/en\/wp-json\/wp\/v2\/comments?post=248144"}],"wp:featuredmedia":[{"embeddable":true,"href":"https:\/\/gyemantekszer.com\/en\/wp-json\/wp\/v2\/media\/238541"}],"wp:attachment":[{"href":"https:\/\/gyemantekszer.com\/en\/wp-json\/wp\/v2\/media?parent=248144"}],"wp:term":[{"taxonomy":"product_brand","embeddable":true,"href":"https:\/\/gyemantekszer.com\/en\/wp-json\/wp\/v2\/product_brand?post=248144"},{"taxonomy":"product_cat","embeddable":true,"href":"https:\/\/gyemantekszer.com\/en\/wp-json\/wp\/v2\/product_cat?post=248144"},{"taxonomy":"product_tag","embeddable":true,"href":"https:\/\/gyemantekszer.com\/en\/wp-json\/wp\/v2\/product_tag?post=248144"}],"curies":[{"name":"wp","href":"https:\/\/api.w.org\/{rel}","templated":true}]}}