{"id":248092,"date":"2019-10-14T10:15:37","date_gmt":"2019-10-14T08:15:37","guid":{"rendered":"https:\/\/gyemantekszer.com\/termek\/artlinea-viviana-ferfi-karikagyuru\/"},"modified":"2025-09-29T12:50:42","modified_gmt":"2025-09-29T10:50:42","slug":"artlinea-viviana-ferfi-karikagyuru","status":"publish","type":"product","link":"https:\/\/gyemantekszer.com\/en\/product\/artlinea-viviana-ferfi-karikagyuru\/","title":{"rendered":"Artlinea Viviana F\u00e9rfi Karikagy\u0171r\u0171"},"content":{"rendered":"","protected":false},"excerpt":{"rendered":"<p>Az \u00faj letisztult \u00e9s kifinomult kollekci\u00f3 a Royal Diamonds \u00e9s az Artlinea \u00faj term\u00e9ke, karikagy\u0171r\u0171 kollekci\u00f3j\u00e1nak darabja, mely kiz\u00e1r\u00f3lag a Royal Diamonds \u00fczleteiben el\u00e9rhet\u0151ek\u2026<\/p>\n<p>Ez a modell\u00a0 eleg\u00e1ns, modern ros\u00e9 arany karikagy\u0171r\u0171, melynek a sz\u00e9l\u00e9n ar\u00e1nyosan feh\u00e9rarany d\u00edsz\u00edt\u00e9s van, \u00edgy kaptunk egy id\u0151t\u00e1ll\u00f3 divatos \u00e9kszert. V\u00e1laszthat\u00f3 s\u00e1rga arany \u2013 feh\u00e9rarany sz\u00ednben is.<\/p>\n<p>A mintakollekci\u00f3ja a Royal Diamonds Exkluz\u00edv \u00c9kszerszalonban (1061 Budapest, Dalsz\u00ednh\u00e1z u. 8) tal\u00e1lhat\u00f3.<\/p>\n","protected":false},"featured_media":234939,"comment_status":"open","ping_status":"open","template":"","meta":{"_acf_changed":false},"product_brand":[],"product_cat":[1979],"product_tag":[1920,1378,1389,1385,1375],"class_list":{"0":"post-248092","1":"product","2":"type-product","3":"status-publish","4":"has-post-thumbnail","6":"product_cat-wedding-ring","7":"product_tag-gravirozhato","8":"product_tag-men","9":"product_tag-multicolored-gold","10":"product_tag-rose-gold","11":"product_tag-white-gold","12":"pa_kollekcio-exkluziv-ekszerek","13":"pa_marka-royal-diamonds-by-alexandra-ronai","14":"pa_meret-5-mm-szeles","15":"pa_meret-308","16":"pa_otvozet-finomsaga-143","18":"first","19":"onrequest","20":"taxable","21":"shipping-taxable","22":"product-type-simple"},"acf":[],"_links":{"self":[{"href":"https:\/\/gyemantekszer.com\/en\/wp-json\/wp\/v2\/product\/248092","targetHints":{"allow":["GET"]}}],"collection":[{"href":"https:\/\/gyemantekszer.com\/en\/wp-json\/wp\/v2\/product"}],"about":[{"href":"https:\/\/gyemantekszer.com\/en\/wp-json\/wp\/v2\/types\/product"}],"replies":[{"embeddable":true,"href":"https:\/\/gyemantekszer.com\/en\/wp-json\/wp\/v2\/comments?post=248092"}],"wp:featuredmedia":[{"embeddable":true,"href":"https:\/\/gyemantekszer.com\/en\/wp-json\/wp\/v2\/media\/234939"}],"wp:attachment":[{"href":"https:\/\/gyemantekszer.com\/en\/wp-json\/wp\/v2\/media?parent=248092"}],"wp:term":[{"taxonomy":"product_brand","embeddable":true,"href":"https:\/\/gyemantekszer.com\/en\/wp-json\/wp\/v2\/product_brand?post=248092"},{"taxonomy":"product_cat","embeddable":true,"href":"https:\/\/gyemantekszer.com\/en\/wp-json\/wp\/v2\/product_cat?post=248092"},{"taxonomy":"product_tag","embeddable":true,"href":"https:\/\/gyemantekszer.com\/en\/wp-json\/wp\/v2\/product_tag?post=248092"}],"curies":[{"name":"wp","href":"https:\/\/api.w.org\/{rel}","templated":true}]}}