{"id":248055,"date":"2019-10-07T12:41:48","date_gmt":"2019-10-07T10:41:48","guid":{"rendered":"https:\/\/gyemantekszer.com\/termek\/artlinea-clariee-ferfi-karikagyuru\/"},"modified":"2025-09-29T12:50:19","modified_gmt":"2025-09-29T10:50:19","slug":"artlinea-clariee-ferfi-karikagyuru","status":"publish","type":"product","link":"https:\/\/gyemantekszer.com\/en\/termek\/artlinea-clariee-ferfi-karikagyuru\/","title":{"rendered":"Artlinea Clariee F\u00e9rfi Karikagy\u0171r\u0171"},"content":{"rendered":"","protected":false},"excerpt":{"rendered":"<p>Ez az \u00faj letisztult \u00e9s kifinomult kollekci\u00f3 a Royal Diamonds \u00e9s az Artlinea \u00faj term\u00e9ke, karikagy\u0171r\u0171 kollekci\u00f3j\u00e1nak darabja, mely kiz\u00e1r\u00f3lag a Royal Diamonds \u00fczleteiben el\u00e9rhet\u0151ek\u2026<\/p>\n<p>Ez a modell f\u00e9ldombor\u00fa karikagy\u0171r\u0171, melynek a k\u00f6zep\u00e9n k\u00f6rbe fut egy hull\u00e1m mely elv\u00e1lasztja a s\u00e1rga aranyat a feh\u00e9raranyt\u00f3l. V\u00e1laszthat\u00f3 ros\u00e9 arany \u00e9s feh\u00e9rarany kombin\u00e1ci\u00f3ban.<\/p>\n<p>A mintakollekci\u00f3ja a Royal Diamonds Exkluz\u00edv \u00c9kszerszalonban (1061 Budapest, Dalsz\u00ednh\u00e1z u. 8) tal\u00e1lhat\u00f3.<\/p>\n","protected":false},"featured_media":234873,"comment_status":"open","ping_status":"open","template":"","meta":{"_acf_changed":false},"product_brand":[],"product_cat":[1979],"product_tag":[1920,1378,1389,1375,1388],"class_list":{"0":"post-248055","1":"product","2":"type-product","3":"status-publish","4":"has-post-thumbnail","6":"product_cat-wedding-ring","7":"product_tag-gravirozhato","8":"product_tag-men","9":"product_tag-multicolored-gold","10":"product_tag-white-gold","11":"product_tag-yellow-gold","12":"pa_kollekcio-exkluziv-ekszerek","13":"pa_marka-royal-diamonds-by-alexandra-ronai","14":"pa_meret-45-mm-szeles","15":"pa_meret-308","16":"pa_otvozet-finomsaga-143","18":"first","19":"onrequest","20":"taxable","21":"shipping-taxable","22":"product-type-simple"},"acf":[],"_links":{"self":[{"href":"https:\/\/gyemantekszer.com\/en\/wp-json\/wp\/v2\/product\/248055","targetHints":{"allow":["GET"]}}],"collection":[{"href":"https:\/\/gyemantekszer.com\/en\/wp-json\/wp\/v2\/product"}],"about":[{"href":"https:\/\/gyemantekszer.com\/en\/wp-json\/wp\/v2\/types\/product"}],"replies":[{"embeddable":true,"href":"https:\/\/gyemantekszer.com\/en\/wp-json\/wp\/v2\/comments?post=248055"}],"wp:featuredmedia":[{"embeddable":true,"href":"https:\/\/gyemantekszer.com\/en\/wp-json\/wp\/v2\/media\/234873"}],"wp:attachment":[{"href":"https:\/\/gyemantekszer.com\/en\/wp-json\/wp\/v2\/media?parent=248055"}],"wp:term":[{"taxonomy":"product_brand","embeddable":true,"href":"https:\/\/gyemantekszer.com\/en\/wp-json\/wp\/v2\/product_brand?post=248055"},{"taxonomy":"product_cat","embeddable":true,"href":"https:\/\/gyemantekszer.com\/en\/wp-json\/wp\/v2\/product_cat?post=248055"},{"taxonomy":"product_tag","embeddable":true,"href":"https:\/\/gyemantekszer.com\/en\/wp-json\/wp\/v2\/product_tag?post=248055"}],"curies":[{"name":"wp","href":"https:\/\/api.w.org\/{rel}","templated":true}]}}