{"id":248035,"date":"2019-08-21T12:58:02","date_gmt":"2019-08-21T10:58:02","guid":{"rendered":"https:\/\/gyemantekszer.com\/termek\/nardelli-blue-love-gyemant-gyuru\/"},"modified":"2025-09-29T12:50:06","modified_gmt":"2025-09-29T10:50:06","slug":"nardelli-blue-love-gyemant-gyuru","status":"publish","type":"product","link":"https:\/\/gyemantekszer.com\/en\/termek\/nardelli-blue-love-gyemant-gyuru\/","title":{"rendered":"Nardelli Blue love gy\u00e9m\u00e1nt gy\u0171r\u0171"},"content":{"rendered":"","protected":false},"excerpt":{"rendered":"<p><span data-sheets-value=\"{&quot;1&quot;:2,&quot;2&quot;:&quot;Ez a csod\u00e1latos feh\u00e9r arany gy\u0171r\u00fc , amit k\u00f6z\u00e9pen egy gy\u00f6ny\u00f6r\u00fcen megcsiszolt akvamarin k\u0151 diszit ,amit k\u00f6rbe raktak csillog\u00f3 feh\u00e9r gy\u00e9m\u00e1nt k\u00f6vekkel.&quot;}\" data-sheets-userformat=\"{&quot;2&quot;:14851,&quot;3&quot;:{&quot;1&quot;:0},&quot;4&quot;:[null,2,16777215],&quot;12&quot;:0,&quot;14&quot;:[null,2,0],&quot;15&quot;:&quot;Calibri&quot;,&quot;16&quot;:11}\">Ez a csod\u00e1latos, klasszikus feh\u00e9rarany gy\u0171r\u0171, melyet k\u00f6z\u00e9pen egy gy\u00f6ny\u00f6r\u0171en csiszolt Akvamarin dr\u00e1gak\u0151 d\u00edsz\u00edt \u00e9s k\u00f6r\u00e9 foglaltak csillog\u00f3 feh\u00e9r gy\u00e9m\u00e1nt k\u00f6veket. Ak\u00e1r eljegyz\u00e9sre is j\u00f3 sz\u00edvvel aj\u00e1nljuk minden kedves \u00darnak.<\/span><\/p>\n","protected":false},"featured_media":238216,"comment_status":"open","ping_status":"open","template":"","meta":{"_acf_changed":false},"product_brand":[],"product_cat":[1917],"product_tag":[133,140,1310,1305],"class_list":{"0":"post-248035","1":"product","2":"type-product","3":"status-publish","4":"has-post-thumbnail","6":"product_cat-gyuru","7":"product_tag-noi","8":"product_tag-meretezheto","9":"product_tag-feher-gyemant","10":"product_tag-feher-arany","11":"pa_kollekcio-exkluziv-ekszerek","12":"pa_marka-nardelli","13":"pa_meret-156","14":"pa_otvozet-finomsaga-143","15":"pa_suly-41-gr","17":"first","18":"onrequest","19":"sold-individually","20":"taxable","21":"shipping-taxable","22":"product-type-simple"},"acf":[],"_links":{"self":[{"href":"https:\/\/gyemantekszer.com\/en\/wp-json\/wp\/v2\/product\/248035","targetHints":{"allow":["GET"]}}],"collection":[{"href":"https:\/\/gyemantekszer.com\/en\/wp-json\/wp\/v2\/product"}],"about":[{"href":"https:\/\/gyemantekszer.com\/en\/wp-json\/wp\/v2\/types\/product"}],"replies":[{"embeddable":true,"href":"https:\/\/gyemantekszer.com\/en\/wp-json\/wp\/v2\/comments?post=248035"}],"wp:featuredmedia":[{"embeddable":true,"href":"https:\/\/gyemantekszer.com\/en\/wp-json\/wp\/v2\/media\/238216"}],"wp:attachment":[{"href":"https:\/\/gyemantekszer.com\/en\/wp-json\/wp\/v2\/media?parent=248035"}],"wp:term":[{"taxonomy":"product_brand","embeddable":true,"href":"https:\/\/gyemantekszer.com\/en\/wp-json\/wp\/v2\/product_brand?post=248035"},{"taxonomy":"product_cat","embeddable":true,"href":"https:\/\/gyemantekszer.com\/en\/wp-json\/wp\/v2\/product_cat?post=248035"},{"taxonomy":"product_tag","embeddable":true,"href":"https:\/\/gyemantekszer.com\/en\/wp-json\/wp\/v2\/product_tag?post=248035"}],"curies":[{"name":"wp","href":"https:\/\/api.w.org\/{rel}","templated":true}]}}