{"id":248021,"date":"2019-08-13T12:00:55","date_gmt":"2019-08-13T10:00:55","guid":{"rendered":"https:\/\/gyemantekszer.com\/termek\/nardelli-forewer-gyemant-fulbevalo\/"},"modified":"2025-09-29T12:49:54","modified_gmt":"2025-09-29T10:49:54","slug":"nardelli-forewer-gyemant-fulbevalo","status":"publish","type":"product","link":"https:\/\/gyemantekszer.com\/en\/termek\/nardelli-forewer-gyemant-fulbevalo\/","title":{"rendered":"Nardelli Forewer gy\u00e9m\u00e1nt f\u00fclbeval\u00f3"},"content":{"rendered":"","protected":false},"excerpt":{"rendered":"<style type=\"text\/css\"><!--td {border: 1px solid #ccc;}br {mso-data-placement:same-cell;}--><\/style>\n<p><span data-sheets-value=\"{&quot;1&quot;:2,&quot;2&quot;:&quot;Ez a nagyszer\u0171en kialakitott gy\u00e9m\u00e1nt f\u00fclbeval\u00f3 t\u00f6k\u00e9letes v\u00e1laszt\u00e1s lehet ak\u00e1r aj\u00e1nd\u00e9kba szerett\u00fcnknek, vagy magunknak egyar\u00e1nt.&quot;}\" data-sheets-userformat=\"{&quot;2&quot;:14851,&quot;3&quot;:{&quot;1&quot;:0},&quot;4&quot;:[null,2,16777215],&quot;12&quot;:0,&quot;14&quot;:[null,2,0],&quot;15&quot;:&quot;Calibri&quot;,&quot;16&quot;:11}\">Ez a nagyszer\u0171en kialak\u00edtott gy\u00e9m\u00e1nt f\u00fclbeval\u00f3 t\u00f6k\u00e9letes v\u00e1laszt\u00e1s lehet ak\u00e1r aj\u00e1nd\u00e9kba szerett\u00fcnknek, vagy magunknak egyar\u00e1nt.<\/span><\/p>\n","protected":false},"featured_media":238154,"comment_status":"open","ping_status":"open","template":"","meta":{"_acf_changed":false},"product_brand":[],"product_cat":[1918],"product_tag":[133,1310,1305],"class_list":{"0":"post-248021","1":"product","2":"type-product","3":"status-publish","4":"has-post-thumbnail","6":"product_cat-fulbevalo","7":"product_tag-noi","8":"product_tag-feher-gyemant","9":"product_tag-feher-arany","10":"pa_kollekcio-exkluziv-ekszerek","11":"pa_marka-nardelli","12":"pa_otvozet-finomsaga-143","13":"pa_suly-28-gr","14":"pa_zarak-stekkeres-atszuros-zar","16":"first","17":"outofstock","18":"sold-individually","19":"taxable","20":"shipping-taxable","21":"product-type-simple"},"acf":[],"_links":{"self":[{"href":"https:\/\/gyemantekszer.com\/en\/wp-json\/wp\/v2\/product\/248021","targetHints":{"allow":["GET"]}}],"collection":[{"href":"https:\/\/gyemantekszer.com\/en\/wp-json\/wp\/v2\/product"}],"about":[{"href":"https:\/\/gyemantekszer.com\/en\/wp-json\/wp\/v2\/types\/product"}],"replies":[{"embeddable":true,"href":"https:\/\/gyemantekszer.com\/en\/wp-json\/wp\/v2\/comments?post=248021"}],"wp:featuredmedia":[{"embeddable":true,"href":"https:\/\/gyemantekszer.com\/en\/wp-json\/wp\/v2\/media\/238154"}],"wp:attachment":[{"href":"https:\/\/gyemantekszer.com\/en\/wp-json\/wp\/v2\/media?parent=248021"}],"wp:term":[{"taxonomy":"product_brand","embeddable":true,"href":"https:\/\/gyemantekszer.com\/en\/wp-json\/wp\/v2\/product_brand?post=248021"},{"taxonomy":"product_cat","embeddable":true,"href":"https:\/\/gyemantekszer.com\/en\/wp-json\/wp\/v2\/product_cat?post=248021"},{"taxonomy":"product_tag","embeddable":true,"href":"https:\/\/gyemantekszer.com\/en\/wp-json\/wp\/v2\/product_tag?post=248021"}],"curies":[{"name":"wp","href":"https:\/\/api.w.org\/{rel}","templated":true}]}}