{"id":248012,"date":"2019-07-01T11:17:45","date_gmt":"2019-07-01T09:17:45","guid":{"rendered":"https:\/\/gyemantekszer.com\/termek\/nardelli-cristine-citrin-gyemant-gyuru\/"},"modified":"2025-09-29T12:49:51","modified_gmt":"2025-09-29T10:49:51","slug":"nardelli-cristine-citrin-gyemant-gyuru","status":"publish","type":"product","link":"https:\/\/gyemantekszer.com\/en\/termek\/nardelli-cristine-citrin-gyemant-gyuru\/","title":{"rendered":"Nardelli Cristine Citrin-Gy\u00e9m\u00e1nt Gy\u0171r\u0171"},"content":{"rendered":"","protected":false},"excerpt":{"rendered":"<p><span data-sheets-value=\"{&quot;1&quot;:2,&quot;2&quot;:&quot;Legeleg\u00e1nsabb s\u00e1rga arany eljegyz\u00e9si gy\u0171r\u0171, modern sz\u00ednv\u00e1laszt\u00e1ssal s\u00e1rga Citrin dr\u00e1gak\u0151vel, gy\u00f6ny\u00f6r\u0171en k\u00f6rbe foglalva feh\u00e9r csillog\u00f3 gy\u00e9m\u00e1ntokkal, visszautas\u00edthatattlan sz\u00e9ps\u00e9g.&quot;}\" data-sheets-userformat=\"{&quot;2&quot;:14851,&quot;3&quot;:{&quot;1&quot;:0},&quot;4&quot;:[null,2,16777215],&quot;12&quot;:0,&quot;14&quot;:[null,2,0],&quot;15&quot;:&quot;Calibri&quot;,&quot;16&quot;:11}\">A legeleg\u00e1nsabb s\u00e1rga arany eljegyz\u00e9si gy\u0171r\u0171, modern sz\u00ednv\u00e1laszt\u00e1ssal egy s\u00e1rga Citrin dr\u00e1gak\u0151vel, mely gy\u00f6ny\u00f6r\u0171en k\u00f6rbe van foglalva feh\u00e9r csillog\u00f3 gy\u00e9m\u00e1ntokkal. Ez egy visszautas\u00edthatatlan sz\u00e9ps\u00e9g.<\/span><\/p>\n","protected":false},"featured_media":238118,"comment_status":"open","ping_status":"open","template":"","meta":{"_acf_changed":false},"product_brand":[],"product_cat":[1917],"product_tag":[135,133,140,1310,1307],"class_list":{"0":"post-248012","1":"product","2":"type-product","3":"status-publish","4":"has-post-thumbnail","6":"product_cat-gyuru","7":"product_tag-eljegyzes","8":"product_tag-noi","9":"product_tag-meretezheto","10":"product_tag-feher-gyemant","11":"product_tag-sarga-arany","12":"pa_kollekcio-exkluziv-ekszerek","13":"pa_marka-nardelli","14":"pa_meret-187","15":"pa_otvozet-finomsaga-143","16":"pa_suly-24-gr","18":"first","19":"onrequest","20":"sold-individually","21":"taxable","22":"shipping-taxable","23":"product-type-simple"},"acf":[],"_links":{"self":[{"href":"https:\/\/gyemantekszer.com\/en\/wp-json\/wp\/v2\/product\/248012","targetHints":{"allow":["GET"]}}],"collection":[{"href":"https:\/\/gyemantekszer.com\/en\/wp-json\/wp\/v2\/product"}],"about":[{"href":"https:\/\/gyemantekszer.com\/en\/wp-json\/wp\/v2\/types\/product"}],"replies":[{"embeddable":true,"href":"https:\/\/gyemantekszer.com\/en\/wp-json\/wp\/v2\/comments?post=248012"}],"wp:featuredmedia":[{"embeddable":true,"href":"https:\/\/gyemantekszer.com\/en\/wp-json\/wp\/v2\/media\/238118"}],"wp:attachment":[{"href":"https:\/\/gyemantekszer.com\/en\/wp-json\/wp\/v2\/media?parent=248012"}],"wp:term":[{"taxonomy":"product_brand","embeddable":true,"href":"https:\/\/gyemantekszer.com\/en\/wp-json\/wp\/v2\/product_brand?post=248012"},{"taxonomy":"product_cat","embeddable":true,"href":"https:\/\/gyemantekszer.com\/en\/wp-json\/wp\/v2\/product_cat?post=248012"},{"taxonomy":"product_tag","embeddable":true,"href":"https:\/\/gyemantekszer.com\/en\/wp-json\/wp\/v2\/product_tag?post=248012"}],"curies":[{"name":"wp","href":"https:\/\/api.w.org\/{rel}","templated":true}]}}