{"id":248011,"date":"2019-07-01T11:02:20","date_gmt":"2019-07-01T09:02:20","guid":{"rendered":"https:\/\/gyemantekszer.com\/termek\/nardelli-pia-topaz-gyemant-gyuru\/"},"modified":"2025-11-01T09:25:21","modified_gmt":"2025-11-01T08:25:21","slug":"nardelli-pia-topaz-gyemant-gyuru","status":"publish","type":"product","link":"https:\/\/gyemantekszer.com\/en\/product\/nardelli-pia-topaz-gyemant-gyuru\/","title":{"rendered":"Nardelli Pia Top\u00e1z-Gy\u00e9m\u00e1nt Gy\u0171r\u0171"},"content":{"rendered":"","protected":false},"excerpt":{"rendered":"<p><span data-sheets-value=\"{&quot;1&quot;:2,&quot;2&quot;:&quot;Legvonz\u00f3bb feh\u00e9rarany eljegyz\u00e9si gy\u0171r\u0171, hozz\u00e1 ill\u0151 K\u00e9k Top\u00e1z dr\u00e1gak\u0151vel, gy\u00f6ny\u00f6r\u0171en k\u00f6rbe foglalva feh\u00e9r csillog\u00f3 gy\u00e9m\u00e1ntokkal, visszautas\u00edthatattlan sz\u00e9ps\u00e9g.&quot;}\" data-sheets-userformat=\"{&quot;2&quot;:14851,&quot;3&quot;:{&quot;1&quot;:0},&quot;4&quot;:[null,2,16777215],&quot;12&quot;:0,&quot;14&quot;:[null,2,0],&quot;15&quot;:&quot;Calibri&quot;,&quot;16&quot;:11}\">Legvonz\u00f3bb feh\u00e9rarany eljegyz\u00e9si gy\u0171r\u0171, hozz\u00e1 ill\u0151 K\u00e9k Top\u00e1z dr\u00e1gak\u0151vel, gy\u00f6ny\u00f6r\u0171en k\u00f6rbe foglalva feh\u00e9r csillog\u00f3 gy\u00e9m\u00e1ntokkal, visszautas\u00edthatatlan sz\u00e9ps\u00e9g.<\/span><\/p>\n","protected":false},"featured_media":249979,"comment_status":"open","ping_status":"closed","template":"","meta":{"_acf_changed":false},"product_brand":[],"product_cat":[1917],"product_tag":[135,1305,1310,140,133],"class_list":{"0":"post-248011","1":"product","2":"type-product","3":"status-publish","4":"has-post-thumbnail","6":"product_cat-gyuru","7":"product_tag-eljegyzes","8":"product_tag-feher-arany","9":"product_tag-feher-gyemant","10":"product_tag-meretezheto","11":"product_tag-noi","12":"pa_kollekcio-exkluziv-ekszerek","13":"pa_marka-nardelli","14":"pa_meret-187","15":"pa_otvozet-finomsaga-143","16":"pa_suly-24-gr","18":"first","19":"onrequest","20":"sold-individually","21":"taxable","22":"shipping-taxable","23":"product-type-simple"},"acf":[],"_links":{"self":[{"href":"https:\/\/gyemantekszer.com\/en\/wp-json\/wp\/v2\/product\/248011","targetHints":{"allow":["GET"]}}],"collection":[{"href":"https:\/\/gyemantekszer.com\/en\/wp-json\/wp\/v2\/product"}],"about":[{"href":"https:\/\/gyemantekszer.com\/en\/wp-json\/wp\/v2\/types\/product"}],"replies":[{"embeddable":true,"href":"https:\/\/gyemantekszer.com\/en\/wp-json\/wp\/v2\/comments?post=248011"}],"wp:featuredmedia":[{"embeddable":true,"href":"https:\/\/gyemantekszer.com\/en\/wp-json\/wp\/v2\/media\/249979"}],"wp:attachment":[{"href":"https:\/\/gyemantekszer.com\/en\/wp-json\/wp\/v2\/media?parent=248011"}],"wp:term":[{"taxonomy":"product_brand","embeddable":true,"href":"https:\/\/gyemantekszer.com\/en\/wp-json\/wp\/v2\/product_brand?post=248011"},{"taxonomy":"product_cat","embeddable":true,"href":"https:\/\/gyemantekszer.com\/en\/wp-json\/wp\/v2\/product_cat?post=248011"},{"taxonomy":"product_tag","embeddable":true,"href":"https:\/\/gyemantekszer.com\/en\/wp-json\/wp\/v2\/product_tag?post=248011"}],"curies":[{"name":"wp","href":"https:\/\/api.w.org\/{rel}","templated":true}]}}