{"id":247998,"date":"2019-06-20T13:43:26","date_gmt":"2019-06-20T11:43:26","guid":{"rendered":"https:\/\/gyemantekszer.com\/termek\/coscia-sancia-gyemant-gyongy-fulbevalo\/"},"modified":"2026-01-08T14:23:11","modified_gmt":"2026-01-08T13:23:11","slug":"coscia-sancia-gyemant-gyongy-fulbevalo","status":"publish","type":"product","link":"https:\/\/gyemantekszer.com\/en\/product\/coscia-sancia-gyemant-gyongy-fulbevalo\/","title":{"rendered":"COSCIA &#8211; Sancia Gy\u00e9m\u00e1nt Gy\u00f6ngy F\u00fclbeval\u00f3"},"content":{"rendered":"","protected":false},"excerpt":{"rendered":"<p><span data-sheets-value=\"{&quot;1&quot;:2,&quot;2&quot;:&quot;K\u00fcl\u00f6nleges form\u00e1j\u00fa feh\u00e9r teny\u00e9sztett gy\u00f6ngy\u00f6kh\u00f6z k\u00e9sz\u00fclt ez a ros\u00e9 arany f\u00fclbeval\u00f3, k\u00f6z\u00e9pen feh\u00e9r csillog\u00f3 egy - egy gy\u00e9m\u00e1nttal kieg\u00e9sz\u00edtve. Beakaszt\u00f3j\u00e1nak k\u00f6sz\u00f6nhet\u0151en egyszer\u0171en kezelhet\u0151, k\u00e9nyelmes viselet.&quot;}\" data-sheets-userformat=\"{&quot;2&quot;:14851,&quot;3&quot;:{&quot;1&quot;:0},&quot;4&quot;:[null,2,16777215],&quot;12&quot;:0,&quot;14&quot;:[null,2,0],&quot;15&quot;:&quot;Calibri&quot;,&quot;16&quot;:11}\">K\u00fcl\u00f6nleges form\u00e1j\u00fa, feh\u00e9r teny\u00e9sztett gy\u00f6ngy\u00f6kh\u00f6z k\u00e9sz\u00fclt ez a ros\u00e9 arany f\u00fclbeval\u00f3, k\u00f6zep\u00e9n egy-egy feh\u00e9r csillog\u00f3 gy\u00e9m\u00e1nttal kieg\u00e9sz\u00edtve. Beakaszt\u00f3j\u00e1nak k\u00f6sz\u00f6nhet\u0151en egyszer\u0171en kezelhet\u0151, k\u00e9nyelmes viselet.<\/span><\/p>\n","protected":false},"featured_media":250025,"comment_status":"open","ping_status":"closed","template":"","meta":{"_acf_changed":false},"product_brand":[],"product_cat":[1918],"product_tag":[1310,136,133,1306],"class_list":{"0":"post-247998","1":"product","2":"type-product","3":"status-publish","4":"has-post-thumbnail","6":"product_cat-fulbevalo","7":"product_tag-feher-gyemant","8":"product_tag-gyongyos","9":"product_tag-noi","10":"product_tag-roze-arany","11":"pa_kollekcio-exkluziv-ekszerek","12":"pa_marka-coscia","13":"pa_meret-40-cm-hosszu","14":"pa_otvozet-finomsaga-143","15":"pa_suly-90-gr","16":"pa_zarak-beakasztos-zar-nelkuli","18":"first","19":"instock","20":"sale","21":"sold-individually","22":"taxable","23":"shipping-taxable","24":"purchasable","25":"product-type-simple"},"acf":[],"_links":{"self":[{"href":"https:\/\/gyemantekszer.com\/en\/wp-json\/wp\/v2\/product\/247998","targetHints":{"allow":["GET"]}}],"collection":[{"href":"https:\/\/gyemantekszer.com\/en\/wp-json\/wp\/v2\/product"}],"about":[{"href":"https:\/\/gyemantekszer.com\/en\/wp-json\/wp\/v2\/types\/product"}],"replies":[{"embeddable":true,"href":"https:\/\/gyemantekszer.com\/en\/wp-json\/wp\/v2\/comments?post=247998"}],"wp:featuredmedia":[{"embeddable":true,"href":"https:\/\/gyemantekszer.com\/en\/wp-json\/wp\/v2\/media\/250025"}],"wp:attachment":[{"href":"https:\/\/gyemantekszer.com\/en\/wp-json\/wp\/v2\/media?parent=247998"}],"wp:term":[{"taxonomy":"product_brand","embeddable":true,"href":"https:\/\/gyemantekszer.com\/en\/wp-json\/wp\/v2\/product_brand?post=247998"},{"taxonomy":"product_cat","embeddable":true,"href":"https:\/\/gyemantekszer.com\/en\/wp-json\/wp\/v2\/product_cat?post=247998"},{"taxonomy":"product_tag","embeddable":true,"href":"https:\/\/gyemantekszer.com\/en\/wp-json\/wp\/v2\/product_tag?post=247998"}],"curies":[{"name":"wp","href":"https:\/\/api.w.org\/{rel}","templated":true}]}}