{"id":247981,"date":"2019-06-20T11:13:01","date_gmt":"2019-06-20T09:13:01","guid":{"rendered":"https:\/\/gyemantekszer.com\/termek\/le-lune-classic-rufina-gyongysor\/"},"modified":"2025-11-06T16:56:04","modified_gmt":"2025-11-06T15:56:04","slug":"le-lune-classic-rufina-gyongysor","status":"publish","type":"product","link":"https:\/\/gyemantekszer.com\/en\/termek\/le-lune-classic-rufina-gyongysor\/","title":{"rendered":"LE LUNE CLASSIC &#8211; Rufina Gy\u00f6ngysor"},"content":{"rendered":"","protected":false},"excerpt":{"rendered":"<p><span data-sheets-value=\"{&quot;1&quot;:2,&quot;2&quot;:&quot;R\u00f3zsasz\u00edn aranyb\u00f3l k\u00e9sz\u00fclt ez a k\u00fcl\u00f6nlegesen, h\u00e1tul \u00e1tt\u00f6rt mint\u00e1val ig\u00e9nyesen elk\u00e9sz\u00edtett foglalat, egy r\u00f3zsasz\u00edn\u0171 Turmalin dr\u00e1gak\u0151vel, mely cs\u00fcng a teny\u00e9sztett gy\u00f6gysor k\u00f6zep\u00e9n. &quot;}\" data-sheets-userformat=\"{&quot;2&quot;:14851,&quot;3&quot;:{&quot;1&quot;:0},&quot;4&quot;:[null,2,16777215],&quot;12&quot;:0,&quot;14&quot;:[null,2,0],&quot;15&quot;:&quot;Calibri&quot;,&quot;16&quot;:11}\">R\u00f3zsasz\u00edn aranyb\u00f3l k\u00e9sz\u00fclt ez a k\u00fcl\u00f6nlegesen, h\u00e1tul \u00e1tt\u00f6rt mint\u00e1val ig\u00e9nyesen elk\u00e9sz\u00edtett foglalat, egy r\u00f3zsasz\u00edn\u0171 Turmalin dr\u00e1gak\u0151vel, mely cs\u00fcng a teny\u00e9sztett gy\u00f6gysor k\u00f6zep\u00e9n. <\/span><\/p>\n","protected":false},"featured_media":250029,"comment_status":"open","ping_status":"closed","template":"","meta":{"_acf_changed":false},"product_brand":[],"product_cat":[1924],"product_tag":[136,133,1306],"class_list":{"0":"post-247981","1":"product","2":"type-product","3":"status-publish","4":"has-post-thumbnail","6":"product_cat-gyongysor","7":"product_tag-gyongyos","8":"product_tag-noi","9":"product_tag-roze-arany","10":"pa_kollekcio-exkluziv-ekszerek","11":"pa_marka-le-lune","12":"pa_meret-420-cm-hosszu","13":"pa_otvozet-finomsaga-143","14":"pa_suly-173-gr","15":"pa_zarak-karabiner-zar","17":"first","18":"instock","19":"sale","20":"sold-individually","21":"taxable","22":"shipping-taxable","23":"purchasable","24":"product-type-simple"},"acf":[],"_links":{"self":[{"href":"https:\/\/gyemantekszer.com\/en\/wp-json\/wp\/v2\/product\/247981","targetHints":{"allow":["GET"]}}],"collection":[{"href":"https:\/\/gyemantekszer.com\/en\/wp-json\/wp\/v2\/product"}],"about":[{"href":"https:\/\/gyemantekszer.com\/en\/wp-json\/wp\/v2\/types\/product"}],"replies":[{"embeddable":true,"href":"https:\/\/gyemantekszer.com\/en\/wp-json\/wp\/v2\/comments?post=247981"}],"wp:featuredmedia":[{"embeddable":true,"href":"https:\/\/gyemantekszer.com\/en\/wp-json\/wp\/v2\/media\/250029"}],"wp:attachment":[{"href":"https:\/\/gyemantekszer.com\/en\/wp-json\/wp\/v2\/media?parent=247981"}],"wp:term":[{"taxonomy":"product_brand","embeddable":true,"href":"https:\/\/gyemantekszer.com\/en\/wp-json\/wp\/v2\/product_brand?post=247981"},{"taxonomy":"product_cat","embeddable":true,"href":"https:\/\/gyemantekszer.com\/en\/wp-json\/wp\/v2\/product_cat?post=247981"},{"taxonomy":"product_tag","embeddable":true,"href":"https:\/\/gyemantekszer.com\/en\/wp-json\/wp\/v2\/product_tag?post=247981"}],"curies":[{"name":"wp","href":"https:\/\/api.w.org\/{rel}","templated":true}]}}