{"id":247933,"date":"2019-03-07T11:17:34","date_gmt":"2019-03-07T10:17:34","guid":{"rendered":"https:\/\/gyemantekszer.com\/termek\/topazzo-gyemant-gyuru\/"},"modified":"2025-11-20T12:40:15","modified_gmt":"2025-11-20T11:40:15","slug":"topazzo-gyemant-gyuru","status":"publish","type":"product","link":"https:\/\/gyemantekszer.com\/en\/termek\/topazzo-gyemant-gyuru\/","title":{"rendered":"Topazzo gy\u00e9m\u00e1nt gy\u0171r\u0171"},"content":{"rendered":"","protected":false},"excerpt":{"rendered":"<p><span data-sheets-value=\"{&quot;1&quot;:2,&quot;2&quot;:&quot;Tudjuk, hogy a feh\u00e9r arany \u00e9s a k\u00e9k top\u00e1z dr\u00e1gak\u0151 t\u00f6k\u00e9letes p\u00e1ros\u00edt\u00e1s, ezt a hat\u00e1st fokozz\u00e1k m\u00e9g a csillog\u00f3 brilli\u00e1ns csiszol\u00e1s\u00fa gy\u00e9m\u00e1ntok is ebben a gy\u0171r\u0171ben.&quot;}\" data-sheets-userformat=\"{&quot;2&quot;:14851,&quot;3&quot;:{&quot;1&quot;:0},&quot;4&quot;:[null,2,16777215],&quot;12&quot;:0,&quot;14&quot;:[null,2,0],&quot;15&quot;:&quot;Calibri&quot;,&quot;16&quot;:11}\">Tudjuk, hogy a feh\u00e9r arany \u00e9s a k\u00e9k top\u00e1z dr\u00e1gak\u0151 t\u00f6k\u00e9letes p\u00e1ros\u00edt\u00e1s, ezt a hat\u00e1st fokozz\u00e1k m\u00e9g a csillog\u00f3 brilli\u00e1ns csiszol\u00e1s\u00fa gy\u00e9m\u00e1ntok is ebben a gy\u0171r\u0171ben.<\/span><\/p>\n","protected":false},"featured_media":234783,"comment_status":"open","ping_status":"closed","template":"","meta":{"_acf_changed":false},"product_brand":[],"product_cat":[1917],"product_tag":[135,133,140,1310,1305],"class_list":{"0":"post-247933","1":"product","2":"type-product","3":"status-publish","4":"has-post-thumbnail","6":"product_cat-gyuru","7":"product_tag-eljegyzes","8":"product_tag-noi","9":"product_tag-meretezheto","10":"product_tag-feher-gyemant","11":"product_tag-feher-arany","12":"pa_kollekcio-exkluziv-ekszerek","13":"pa_marka-royal-diamonds-by-alexandra-ronai","14":"pa_meret-187","15":"pa_otvozet-finomsaga-221","16":"pa_suly-39-gr","18":"first","19":"instock","20":"sale","21":"sold-individually","22":"taxable","23":"shipping-taxable","24":"purchasable","25":"product-type-simple"},"acf":[],"_links":{"self":[{"href":"https:\/\/gyemantekszer.com\/en\/wp-json\/wp\/v2\/product\/247933","targetHints":{"allow":["GET"]}}],"collection":[{"href":"https:\/\/gyemantekszer.com\/en\/wp-json\/wp\/v2\/product"}],"about":[{"href":"https:\/\/gyemantekszer.com\/en\/wp-json\/wp\/v2\/types\/product"}],"replies":[{"embeddable":true,"href":"https:\/\/gyemantekszer.com\/en\/wp-json\/wp\/v2\/comments?post=247933"}],"wp:featuredmedia":[{"embeddable":true,"href":"https:\/\/gyemantekszer.com\/en\/wp-json\/wp\/v2\/media\/234783"}],"wp:attachment":[{"href":"https:\/\/gyemantekszer.com\/en\/wp-json\/wp\/v2\/media?parent=247933"}],"wp:term":[{"taxonomy":"product_brand","embeddable":true,"href":"https:\/\/gyemantekszer.com\/en\/wp-json\/wp\/v2\/product_brand?post=247933"},{"taxonomy":"product_cat","embeddable":true,"href":"https:\/\/gyemantekszer.com\/en\/wp-json\/wp\/v2\/product_cat?post=247933"},{"taxonomy":"product_tag","embeddable":true,"href":"https:\/\/gyemantekszer.com\/en\/wp-json\/wp\/v2\/product_tag?post=247933"}],"curies":[{"name":"wp","href":"https:\/\/api.w.org\/{rel}","templated":true}]}}