{"id":247927,"date":"2019-02-21T13:50:45","date_gmt":"2019-02-21T12:50:45","guid":{"rendered":"https:\/\/gyemantekszer.com\/termek\/ametiszt-love-gyemant-eljegyzesi-gyuru\/"},"modified":"2025-11-19T16:53:46","modified_gmt":"2025-11-19T15:53:46","slug":"ametiszt-love-gyemant-eljegyzesi-gyuru","status":"publish","type":"product","link":"https:\/\/gyemantekszer.com\/en\/product\/ametiszt-love-gyemant-eljegyzesi-gyuru\/","title":{"rendered":"Ametiszt Love gy\u00e9m\u00e1nt eljegyz\u00e9si gy\u0171r\u0171"},"content":{"rendered":"","protected":false},"excerpt":{"rendered":"<p>L\u00e1thatunk egy l\u00e1thatatlan, finom karmos foglalatban elhelyezked\u0151 csodasz\u00e9p Ametiszt dr\u00e1gak\u00f6vet \u00e9s klasszikusan a s\u00edn (a foglalatot k\u00f6rbeveszi) r\u00e9szbe feh\u00e9r csillog\u00f3 gy\u00e9m\u00e1ntokkal kirakott, feh\u00e9r arany eljegyz\u00e9si gy\u0171r\u0171.<\/p>\n","protected":false},"featured_media":234769,"comment_status":"open","ping_status":"closed","template":"","meta":{"_acf_changed":false},"product_brand":[],"product_cat":[1917],"product_tag":[1373,1383,1376,1375],"class_list":{"0":"post-247927","1":"product","2":"type-product","3":"status-publish","4":"has-post-thumbnail","6":"product_cat-gyuru","7":"product_tag-engagement","8":"product_tag-sizeable","9":"product_tag-white-diamond","10":"product_tag-white-gold","11":"pa_kollekcio-exkluziv-ekszerek","12":"pa_marka-royal-diamonds-by-alexandra-ronai","13":"pa_meret-187","14":"pa_otvozet-finomsaga-143","15":"pa_suly-30-gr","17":"first","18":"instock","19":"sale","20":"sold-individually","21":"taxable","22":"shipping-taxable","23":"purchasable","24":"product-type-simple"},"acf":[],"_links":{"self":[{"href":"https:\/\/gyemantekszer.com\/en\/wp-json\/wp\/v2\/product\/247927","targetHints":{"allow":["GET"]}}],"collection":[{"href":"https:\/\/gyemantekszer.com\/en\/wp-json\/wp\/v2\/product"}],"about":[{"href":"https:\/\/gyemantekszer.com\/en\/wp-json\/wp\/v2\/types\/product"}],"replies":[{"embeddable":true,"href":"https:\/\/gyemantekszer.com\/en\/wp-json\/wp\/v2\/comments?post=247927"}],"wp:featuredmedia":[{"embeddable":true,"href":"https:\/\/gyemantekszer.com\/en\/wp-json\/wp\/v2\/media\/234769"}],"wp:attachment":[{"href":"https:\/\/gyemantekszer.com\/en\/wp-json\/wp\/v2\/media?parent=247927"}],"wp:term":[{"taxonomy":"product_brand","embeddable":true,"href":"https:\/\/gyemantekszer.com\/en\/wp-json\/wp\/v2\/product_brand?post=247927"},{"taxonomy":"product_cat","embeddable":true,"href":"https:\/\/gyemantekszer.com\/en\/wp-json\/wp\/v2\/product_cat?post=247927"},{"taxonomy":"product_tag","embeddable":true,"href":"https:\/\/gyemantekszer.com\/en\/wp-json\/wp\/v2\/product_tag?post=247927"}],"curies":[{"name":"wp","href":"https:\/\/api.w.org\/{rel}","templated":true}]}}