{"id":247910,"date":"2019-02-11T11:24:10","date_gmt":"2019-02-11T10:24:10","guid":{"rendered":"https:\/\/gyemantekszer.com\/termek\/royal-navett-gyemant-nyakek\/"},"modified":"2025-09-29T12:48:52","modified_gmt":"2025-09-29T10:48:52","slug":"royal-navett-gyemant-nyakek","status":"publish","type":"product","link":"https:\/\/gyemantekszer.com\/en\/termek\/royal-navett-gyemant-nyakek\/","title":{"rendered":"Royal Navett gy\u00e9m\u00e1nt nyak\u00e9k"},"content":{"rendered":"","protected":false},"excerpt":{"rendered":"<p><span data-sheets-value=\"{&quot;1&quot;:2,&quot;2&quot;:&quot;Ennek a feh\u00e9r arany nyak\u00e9knek k\u00e1pr\u00e1zatos vir\u00e1g form\u00e1j\u00e1t navett \u00e9s csepp alak\u00fa gy\u00e9m\u00e1ntok \u00e9kes\u00edtik melyet kerek csiszol\u00e1s\u00fa gy\u00e9m\u00e1ntos vesznek k\u00f6r\u00fcl. Remek viselet lehet a h\u00e9tk\u00f6znapokra, vagy ak\u00e1r az esti alkalmakra. &quot;}\" data-sheets-userformat=\"{&quot;2&quot;:14851,&quot;3&quot;:{&quot;1&quot;:0},&quot;4&quot;:[null,2,16777215],&quot;12&quot;:0,&quot;14&quot;:[null,2,0],&quot;15&quot;:&quot;Calibri&quot;,&quot;16&quot;:11}\">Ennek a k\u00e1pr\u00e1zatos feh\u00e9r arany nyak\u00e9knek a vir\u00e1g form\u00e1j\u00e1t adj\u00e1k, a navett \u00e9s csepp alak\u00fa gy\u00e9m\u00e1nt dr\u00e1gak\u00f6vek, melyet k\u00f6rben \u00e9kes\u00edtenek a kerek, brilli\u00e1ns csiszol\u00e1s\u00fa gy\u00e9m\u00e1ntok. Kiv\u00e1ll\u00f3 viselet lehet a h\u00e9tk\u00f6znapokra, vagy ak\u00e1r az esti alkalmakra. <\/span><\/p>\n","protected":false},"featured_media":234707,"comment_status":"open","ping_status":"open","template":"","meta":{"_acf_changed":false},"product_brand":[],"product_cat":[1923],"product_tag":[133,138,140,1310,1305],"class_list":{"0":"post-247910","1":"product","2":"type-product","3":"status-publish","4":"has-post-thumbnail","6":"product_cat-nyakek","7":"product_tag-noi","8":"product_tag-ekszer-szett","9":"product_tag-meretezheto","10":"product_tag-feher-gyemant","11":"product_tag-feher-arany","12":"pa_kollekcio-exkluziv-ekszerek","13":"pa_marka-royal-diamonds-by-alexandra-ronai","14":"pa_meret-lanc-440-cm-hosszu-medal-19-cm-atmeroju","15":"pa_otvozet-finomsaga-143","16":"pa_suly-58-gr","17":"pa_zarak-karabiner-zar","19":"first","20":"onrequest","21":"sold-individually","22":"taxable","23":"shipping-taxable","24":"product-type-simple"},"acf":[],"_links":{"self":[{"href":"https:\/\/gyemantekszer.com\/en\/wp-json\/wp\/v2\/product\/247910","targetHints":{"allow":["GET"]}}],"collection":[{"href":"https:\/\/gyemantekszer.com\/en\/wp-json\/wp\/v2\/product"}],"about":[{"href":"https:\/\/gyemantekszer.com\/en\/wp-json\/wp\/v2\/types\/product"}],"replies":[{"embeddable":true,"href":"https:\/\/gyemantekszer.com\/en\/wp-json\/wp\/v2\/comments?post=247910"}],"wp:featuredmedia":[{"embeddable":true,"href":"https:\/\/gyemantekszer.com\/en\/wp-json\/wp\/v2\/media\/234707"}],"wp:attachment":[{"href":"https:\/\/gyemantekszer.com\/en\/wp-json\/wp\/v2\/media?parent=247910"}],"wp:term":[{"taxonomy":"product_brand","embeddable":true,"href":"https:\/\/gyemantekszer.com\/en\/wp-json\/wp\/v2\/product_brand?post=247910"},{"taxonomy":"product_cat","embeddable":true,"href":"https:\/\/gyemantekszer.com\/en\/wp-json\/wp\/v2\/product_cat?post=247910"},{"taxonomy":"product_tag","embeddable":true,"href":"https:\/\/gyemantekszer.com\/en\/wp-json\/wp\/v2\/product_tag?post=247910"}],"curies":[{"name":"wp","href":"https:\/\/api.w.org\/{rel}","templated":true}]}}