{"id":247904,"date":"2019-02-08T10:26:04","date_gmt":"2019-02-08T09:26:04","guid":{"rendered":"https:\/\/gyemantekszer.com\/termek\/tirisi-jewelry-amszterdam-gyemant-karkoto\/"},"modified":"2025-10-24T12:41:47","modified_gmt":"2025-10-24T10:41:47","slug":"tirisi-jewelry-amszterdam-gyemant-karkoto","status":"publish","type":"product","link":"https:\/\/gyemantekszer.com\/en\/product\/tirisi-jewelry-amszterdam-gyemant-karkoto\/","title":{"rendered":"Tirisi Jewelry &#8211; Amszterdam gy\u00e9m\u00e1nt kark\u00f6t\u0151"},"content":{"rendered":"","protected":false},"excerpt":{"rendered":"<p><span data-sheets-value=\"{&quot;1&quot;:2,&quot;2&quot;:&quot;A ROYAL DIAMONDS \u00c9KSZERH\u00c1Z kiz\u00e1r\u00f3lagosan forgalmazza a nemzetk\u00f6zi TIRISI m\u00e1rk\u00e1t. Ez az exkluz\u00edv vil\u00e1g m\u00e1rka t\u00f6bb kateg\u00f3ri\u00e1ban el\u00e9rhet\u0151, melyekr\u0151l b\u00e1tran elmondhat\u00f3, hogy \u00f6tv\u00f6zik a st\u00edlus \u00e9s a divat vil\u00e1g\u00e1t. Ez a k\u00fcl\u00f6nleges sz\u00e9ps\u00e9g\u0171 f\u00fclbeval\u00f3 a TIRISI JEWELRY kollekci\u00f3 darabja. A kollekci\u00f3ra jellemz\u0151, hogy 18 kar\u00e1tos aranyb\u00f3l k\u00e9sz\u00fclt. A kark\u00f6t\u0151 r\u00e9sze , 18 kar\u00e1tos rose arany, a csillog\u00f3 feh\u00e9r k\u00f6vek pedig term\u00e9szetesen gy\u00e9m\u00e1ntok. A kollekci\u00f3hoz tov\u00e1bbi kieg\u00e9sz\u00edt\u0151k tal\u00e1lhat\u00f3ak, gondoljuk ak\u00e1r f\u00fclbeval\u00f3ra vagy gy\u0171r\u0171re...&quot;}\" data-sheets-userformat=\"{&quot;2&quot;:14851,&quot;3&quot;:{&quot;1&quot;:0},&quot;4&quot;:[null,2,16777215],&quot;12&quot;:0,&quot;14&quot;:[null,2,0],&quot;15&quot;:&quot;Calibri&quot;,&quot;16&quot;:11}\">A ROYAL DIAMONDS \u00c9KSZERH\u00c1Z kiz\u00e1r\u00f3lagosan forgalmazza a nemzetk\u00f6zi TIRISI m\u00e1rk\u00e1t. Ez az exkluz\u00edv vil\u00e1g m\u00e1rka t\u00f6bb kateg\u00f3ri\u00e1ban el\u00e9rhet\u0151, melyekr\u0151l b\u00e1tran elmondhat\u00f3, hogy \u00f6tv\u00f6zik a st\u00edlus \u00e9s a divat vil\u00e1g\u00e1t.<\/span><\/p>\n<p>Ez a k\u00fcl\u00f6nleges sz\u00e9ps\u00e9g\u0171 kark\u00f6t\u0151 a TIRISI JEWELRY kollekci\u00f3 darabja. A kollekci\u00f3ra jellemz\u0151, hogy 18 kar\u00e1tos aranyb\u00f3l k\u00e9sz\u00fclt. A kark\u00f6t\u0151 18 kar\u00e1tos roz\u00e9 arany, a csillog\u00f3 feh\u00e9r k\u00f6vek pedig term\u00e9szetesen gy\u00e9m\u00e1ntok.<br \/>\nTov\u00e1bbi szebbn\u00e9l szebb kieg\u00e9sz\u00edt\u0151kkel b\u0151v\u00edthet\u0151 ez a k\u00e1pr\u00e1zatos kollekci\u00f3, gondoljuk ak\u00e1r gy\u0171r\u0171kre vagy nyak\u00e9kekre, \u00e9s hozz\u00e1 f\u00fclbeval\u00f3kra\u2026<\/p>\n","protected":false},"featured_media":234683,"comment_status":"open","ping_status":"closed","template":"","meta":{"_acf_changed":false},"product_brand":[],"product_cat":[1921],"product_tag":[138,1310,133,1306],"class_list":{"0":"post-247904","1":"product","2":"type-product","3":"status-publish","4":"has-post-thumbnail","6":"product_cat-karkoto","7":"product_tag-ekszer-szett","8":"product_tag-feher-gyemant","9":"product_tag-noi","10":"product_tag-roze-arany","11":"pa_kollekcio-exkluziv-ekszerek","12":"pa_marka-tirisi-jewelry","13":"pa_meret-belso-meret-60-x-55-cm","14":"pa_otvozet-finomsaga-143","15":"pa_suly-67-gr","16":"pa_zarak-biztonsagi-zar","18":"first","19":"instock","20":"sold-individually","21":"taxable","22":"shipping-taxable","23":"purchasable","24":"product-type-simple"},"acf":[],"_links":{"self":[{"href":"https:\/\/gyemantekszer.com\/en\/wp-json\/wp\/v2\/product\/247904","targetHints":{"allow":["GET"]}}],"collection":[{"href":"https:\/\/gyemantekszer.com\/en\/wp-json\/wp\/v2\/product"}],"about":[{"href":"https:\/\/gyemantekszer.com\/en\/wp-json\/wp\/v2\/types\/product"}],"replies":[{"embeddable":true,"href":"https:\/\/gyemantekszer.com\/en\/wp-json\/wp\/v2\/comments?post=247904"}],"wp:featuredmedia":[{"embeddable":true,"href":"https:\/\/gyemantekszer.com\/en\/wp-json\/wp\/v2\/media\/234683"}],"wp:attachment":[{"href":"https:\/\/gyemantekszer.com\/en\/wp-json\/wp\/v2\/media?parent=247904"}],"wp:term":[{"taxonomy":"product_brand","embeddable":true,"href":"https:\/\/gyemantekszer.com\/en\/wp-json\/wp\/v2\/product_brand?post=247904"},{"taxonomy":"product_cat","embeddable":true,"href":"https:\/\/gyemantekszer.com\/en\/wp-json\/wp\/v2\/product_cat?post=247904"},{"taxonomy":"product_tag","embeddable":true,"href":"https:\/\/gyemantekszer.com\/en\/wp-json\/wp\/v2\/product_tag?post=247904"}],"curies":[{"name":"wp","href":"https:\/\/api.w.org\/{rel}","templated":true}]}}