{"id":247887,"date":"2018-12-01T14:28:34","date_gmt":"2018-12-01T13:28:34","guid":{"rendered":"https:\/\/gyemantekszer.com\/termek\/royal-ascher-gyemant-gyuru\/"},"modified":"2026-03-10T13:43:47","modified_gmt":"2026-03-10T12:43:47","slug":"royal-ascher-gyemant-gyuru","status":"publish","type":"product","link":"https:\/\/gyemantekszer.com\/en\/product\/royal-ascher-gyemant-gyuru\/","title":{"rendered":"ROYAL &#8211; Shine gy\u00e9m\u00e1nt gy\u0171r\u0171"},"content":{"rendered":"","protected":false},"excerpt":{"rendered":"<p><span data-sheets-value=\"{&quot;1&quot;:2,&quot;2&quot;:&quot;Szol\u00edd eleg\u00e1ns gy\u00e9m\u00e1nt eljegyz\u00e9si gy\u0171r\u0171, mely k\u00fcl\u00f6nlegess\u00e9g\u00e9t a k\u00e1pr\u00e1zatos n\u00e9gysz\u00f6gletes form\u00e1j\u00fa gy\u00e9m\u00e1nt adja. A k\u00f6zponti gy\u00e9m\u00e1ntot apr\u00f3 gy\u00e9m\u00e1ntok diszItik, hogy m\u00e9g k\u00e1pr\u00e1zatosabb csillog\u00e1st \u00e9rhess\u00fcnk el.&quot;}\" data-sheets-userformat=\"{&quot;2&quot;:8403459,&quot;3&quot;:{&quot;1&quot;:0},&quot;4&quot;:[null,2,16777215],&quot;12&quot;:0,&quot;14&quot;:[null,2,0],&quot;15&quot;:&quot;Calibri&quot;,&quot;16&quot;:11,&quot;26&quot;:400}\">Szolid \u00e9s eleg\u00e1ns gy\u00e9m\u00e1nt eljegyz\u00e9si gy\u0171r\u0171, mely k\u00fcl\u00f6nlegess\u00e9g\u00e9t a k\u00e1pr\u00e1zatos n\u00e9gysz\u00f6gletes form\u00e1j\u00fa gy\u00e9m\u00e1nt adja. A k\u00f6zponti gy\u00e9m\u00e1ntot apr\u00f3 gy\u00e9m\u00e1ntok d\u00edsz\u00edtik, hogy m\u00e9g k\u00e1pr\u00e1zatosabb csillog\u00e1st \u00e9rhess\u00fcnk el.<\/span><\/p>\n","protected":false},"featured_media":234663,"comment_status":"open","ping_status":"open","template":"","meta":{"_acf_changed":false},"product_brand":[],"product_cat":[1359],"product_tag":[1373,1384,1385,1383,1376],"class_list":{"0":"post-247887","1":"product","2":"type-product","3":"status-publish","4":"has-post-thumbnail","6":"product_cat-exclusive-rings","7":"product_tag-engagement","8":"product_tag-for-ladies","9":"product_tag-rose-gold","10":"product_tag-sizeable","11":"product_tag-white-diamond","12":"pa_kollekcio-exkluziv-ekszerek","13":"pa_marka-royal-diamonds-by-alexandra-ronai","14":"pa_meret-303","15":"pa_otvozet-finomsaga-143","16":"pa_suly-32-gr","18":"first","19":"onrequest","20":"sold-individually","21":"taxable","22":"shipping-taxable","23":"product-type-simple"},"acf":[],"_links":{"self":[{"href":"https:\/\/gyemantekszer.com\/en\/wp-json\/wp\/v2\/product\/247887","targetHints":{"allow":["GET"]}}],"collection":[{"href":"https:\/\/gyemantekszer.com\/en\/wp-json\/wp\/v2\/product"}],"about":[{"href":"https:\/\/gyemantekszer.com\/en\/wp-json\/wp\/v2\/types\/product"}],"replies":[{"embeddable":true,"href":"https:\/\/gyemantekszer.com\/en\/wp-json\/wp\/v2\/comments?post=247887"}],"wp:featuredmedia":[{"embeddable":true,"href":"https:\/\/gyemantekszer.com\/en\/wp-json\/wp\/v2\/media\/234663"}],"wp:attachment":[{"href":"https:\/\/gyemantekszer.com\/en\/wp-json\/wp\/v2\/media?parent=247887"}],"wp:term":[{"taxonomy":"product_brand","embeddable":true,"href":"https:\/\/gyemantekszer.com\/en\/wp-json\/wp\/v2\/product_brand?post=247887"},{"taxonomy":"product_cat","embeddable":true,"href":"https:\/\/gyemantekszer.com\/en\/wp-json\/wp\/v2\/product_cat?post=247887"},{"taxonomy":"product_tag","embeddable":true,"href":"https:\/\/gyemantekszer.com\/en\/wp-json\/wp\/v2\/product_tag?post=247887"}],"curies":[{"name":"wp","href":"https:\/\/api.w.org\/{rel}","templated":true}]}}