{"id":247884,"date":"2018-12-01T09:25:44","date_gmt":"2018-12-01T08:25:44","guid":{"rendered":"https:\/\/gyemantekszer.com\/termek\/coscia-tahiti-gyongy-fulbevalo-3\/"},"modified":"2025-10-08T16:10:04","modified_gmt":"2025-10-08T14:10:04","slug":"coscia-tahiti-gyongy-fulbevalo-3","status":"publish","type":"product","link":"https:\/\/gyemantekszer.com\/en\/termek\/coscia-tahiti-gyongy-fulbevalo-3\/","title":{"rendered":"COSCIA TAHITI gy\u00f6ngy f\u00fclbeval\u00f3"},"content":{"rendered":"","protected":false},"excerpt":{"rendered":"<p><span data-sheets-value=\"{&quot;1&quot;:2,&quot;2&quot;:&quot;Eleg\u00e1ns vonalvezet\u00e9s\u0171, feh\u00e9r arany f\u00fclbeval\u00f3, melyben az id\u0151tlen sz\u00e9ps\u00e9g\u0171 tahiti gy\u00f6ngy d\u00edszeleg. Egyszer\u0171s\u00e9g\u00e9ben ak\u00e1r h\u00e9tk\u00f6znapra is viselhetj\u00fck, gy\u00f6ny\u00f6r\u0171 nyak\u00e9ket is v\u00e1laszthat hozz\u00e1.&quot;}\" data-sheets-userformat=\"{&quot;2&quot;:8403459,&quot;3&quot;:{&quot;1&quot;:0},&quot;4&quot;:[null,2,16777215],&quot;12&quot;:0,&quot;14&quot;:[null,2,0],&quot;15&quot;:&quot;Calibri&quot;,&quot;16&quot;:11,&quot;26&quot;:400}\">Eleg\u00e1ns vonalvezet\u00e9s\u0171, feh\u00e9r arany f\u00fclbeval\u00f3, melyben az id\u0151tlen sz\u00e9ps\u00e9g\u0171 tahiti gy\u00f6ngy d\u00edszeleg. Egyszer\u0171s\u00e9g\u00e9ben ak\u00e1r h\u00e9tk\u00f6znapra is viselhetj\u00fck, gy\u00f6ny\u00f6r\u0171 nyak\u00e9ket is v\u00e1laszthat hozz\u00e1.<\/span><\/p>\n","protected":false},"featured_media":234653,"comment_status":"open","ping_status":"open","template":"","meta":{"_acf_changed":false},"product_brand":[],"product_cat":[1918],"product_tag":[133,138,1305,136],"class_list":{"0":"post-247884","1":"product","2":"type-product","3":"status-publish","4":"has-post-thumbnail","6":"product_cat-fulbevalo","7":"product_tag-noi","8":"product_tag-ekszer-szett","9":"product_tag-feher-arany","10":"product_tag-gyongyos","11":"pa_kollekcio-exkluziv-ekszerek","12":"pa_marka-coscia","13":"pa_meret-20-cm-hosszu-2","14":"pa_otvozet-finomsaga-143","15":"pa_suly-52-gr","16":"pa_zarak-beakasztos-hagyomanyos-patent-zar","18":"first","19":"onrequest","20":"taxable","21":"shipping-taxable","22":"product-type-simple"},"acf":[],"_links":{"self":[{"href":"https:\/\/gyemantekszer.com\/en\/wp-json\/wp\/v2\/product\/247884","targetHints":{"allow":["GET"]}}],"collection":[{"href":"https:\/\/gyemantekszer.com\/en\/wp-json\/wp\/v2\/product"}],"about":[{"href":"https:\/\/gyemantekszer.com\/en\/wp-json\/wp\/v2\/types\/product"}],"replies":[{"embeddable":true,"href":"https:\/\/gyemantekszer.com\/en\/wp-json\/wp\/v2\/comments?post=247884"}],"wp:featuredmedia":[{"embeddable":true,"href":"https:\/\/gyemantekszer.com\/en\/wp-json\/wp\/v2\/media\/234653"}],"wp:attachment":[{"href":"https:\/\/gyemantekszer.com\/en\/wp-json\/wp\/v2\/media?parent=247884"}],"wp:term":[{"taxonomy":"product_brand","embeddable":true,"href":"https:\/\/gyemantekszer.com\/en\/wp-json\/wp\/v2\/product_brand?post=247884"},{"taxonomy":"product_cat","embeddable":true,"href":"https:\/\/gyemantekszer.com\/en\/wp-json\/wp\/v2\/product_cat?post=247884"},{"taxonomy":"product_tag","embeddable":true,"href":"https:\/\/gyemantekszer.com\/en\/wp-json\/wp\/v2\/product_tag?post=247884"}],"curies":[{"name":"wp","href":"https:\/\/api.w.org\/{rel}","templated":true}]}}