{"id":247881,"date":"2018-12-01T13:10:19","date_gmt":"2018-12-01T12:10:19","guid":{"rendered":"https:\/\/gyemantekszer.com\/termek\/nardelli-ellis-gyemant-nyakek-01\/"},"modified":"2025-09-29T12:48:37","modified_gmt":"2025-09-29T10:48:37","slug":"nardelli-ellis-gyemant-nyakek-01","status":"publish","type":"product","link":"https:\/\/gyemantekszer.com\/en\/termek\/nardelli-ellis-gyemant-nyakek-01\/","title":{"rendered":"Nardelli Elli&#8217;s gy\u00e9m\u00e1nt nyak\u00e9k 01"},"content":{"rendered":"","protected":false},"excerpt":{"rendered":"<p><span data-sheets-value=\"{&quot;1&quot;:2,&quot;2&quot;:&quot;Fiatalok \u00e1ltal k\u00f6zkedvelt, pont med\u00e1l feh\u00e9r csillog\u00f3 gy\u00e9m\u00e1nttal, egy lehelet v\u00e9kony alig \u00e9szrevehet\u0151 m\u00e9gis er\u0151s feh\u00e9r arany l\u00e1ncon. A l\u00e1ncr\u00e9sz \u00e1ll\u00edthat\u00f3 \u00edgy k\u00e9tf\u00e9le hossz\u00fas\u00e1gban viselhet\u0151&quot;}\" data-sheets-userformat=\"{&quot;2&quot;:8403459,&quot;3&quot;:{&quot;1&quot;:0},&quot;4&quot;:[null,2,16777215],&quot;12&quot;:0,&quot;14&quot;:[null,2,0],&quot;15&quot;:&quot;Calibri&quot;,&quot;16&quot;:11,&quot;26&quot;:400}\">Fiatalok \u00e1ltal k\u00f6zkedvelt, pont med\u00e1l feh\u00e9r csillog\u00f3 gy\u00e9m\u00e1nttal, egy lehelet v\u00e9kony alig \u00e9szrevehet\u0151 m\u00e9gis er\u0151s feh\u00e9r arany l\u00e1ncon. A l\u00e1ncr\u00e9sz \u00e1ll\u00edthat\u00f3 \u00edgy k\u00e9tf\u00e9le hossz\u00fas\u00e1gban viselhet\u0151.<\/span><\/p>\n","protected":false},"featured_media":234643,"comment_status":"open","ping_status":"open","template":"","meta":{"_acf_changed":false},"product_brand":[],"product_cat":[1923],"product_tag":[1316,133,138,1310,1305],"class_list":{"0":"post-247881","1":"product","2":"type-product","3":"status-publish","4":"has-post-thumbnail","6":"product_cat-nyakek","7":"product_tag-baba-gyermek","8":"product_tag-noi","9":"product_tag-ekszer-szett","10":"product_tag-feher-gyemant","11":"product_tag-feher-arany","12":"pa_kollekcio-exkluziv-ekszerek","13":"pa_marka-nardelli","14":"pa_meret-39-es-43-cm-hosszu","15":"pa_otvozet-finomsaga-143","16":"pa_suly-16-gr","17":"pa_zarak-karabiner-zar","19":"first","20":"onrequest","21":"sold-individually","22":"taxable","23":"shipping-taxable","24":"product-type-simple"},"acf":[],"_links":{"self":[{"href":"https:\/\/gyemantekszer.com\/en\/wp-json\/wp\/v2\/product\/247881","targetHints":{"allow":["GET"]}}],"collection":[{"href":"https:\/\/gyemantekszer.com\/en\/wp-json\/wp\/v2\/product"}],"about":[{"href":"https:\/\/gyemantekszer.com\/en\/wp-json\/wp\/v2\/types\/product"}],"replies":[{"embeddable":true,"href":"https:\/\/gyemantekszer.com\/en\/wp-json\/wp\/v2\/comments?post=247881"}],"wp:featuredmedia":[{"embeddable":true,"href":"https:\/\/gyemantekszer.com\/en\/wp-json\/wp\/v2\/media\/234643"}],"wp:attachment":[{"href":"https:\/\/gyemantekszer.com\/en\/wp-json\/wp\/v2\/media?parent=247881"}],"wp:term":[{"taxonomy":"product_brand","embeddable":true,"href":"https:\/\/gyemantekszer.com\/en\/wp-json\/wp\/v2\/product_brand?post=247881"},{"taxonomy":"product_cat","embeddable":true,"href":"https:\/\/gyemantekszer.com\/en\/wp-json\/wp\/v2\/product_cat?post=247881"},{"taxonomy":"product_tag","embeddable":true,"href":"https:\/\/gyemantekszer.com\/en\/wp-json\/wp\/v2\/product_tag?post=247881"}],"curies":[{"name":"wp","href":"https:\/\/api.w.org\/{rel}","templated":true}]}}