{"id":247879,"date":"2018-12-01T11:16:52","date_gmt":"2018-12-01T10:16:52","guid":{"rendered":"https:\/\/gyemantekszer.com\/termek\/nardelli-finoa-gyemant-nyakek\/"},"modified":"2025-09-29T12:48:30","modified_gmt":"2025-09-29T10:48:30","slug":"nardelli-finoa-gyemant-nyakek","status":"publish","type":"product","link":"https:\/\/gyemantekszer.com\/en\/termek\/nardelli-finoa-gyemant-nyakek\/","title":{"rendered":"Nardelli Finoa gy\u00e9m\u00e1nt nyak\u00e9k"},"content":{"rendered":"","protected":false},"excerpt":{"rendered":"<p><span data-sheets-value=\"{&quot;1&quot;:2,&quot;2&quot;:&quot;Klasszikus stilus jegyeket hordoz, de modern form\u00e1ban elk\u00e9sz\u00edtve k\u00edn\u00e1ljuk ezt a szettben is kaphat\u00f3, b\u00e1jos feh\u00e9r arany gy\u00e9m\u00e1ntos nyak\u00e9ket. A l\u00e1ncr\u00e9sz \u00e1ll\u00edthat\u00f3 \u00edgy k\u00e9tf\u00e9le hossz\u00fas\u00e1gban viselhet\u0151.&quot;}\" data-sheets-userformat=\"{&quot;2&quot;:8403459,&quot;3&quot;:{&quot;1&quot;:0},&quot;4&quot;:[null,2,16777215],&quot;12&quot;:0,&quot;14&quot;:[null,2,0],&quot;15&quot;:&quot;Calibri&quot;,&quot;16&quot;:11,&quot;26&quot;:400}\">Klasszikus st\u00edlusjegyeket hordoz, de modern form\u00e1ban elk\u00e9sz\u00edtve k\u00edn\u00e1ljuk ezt a szettben is kaphat\u00f3, b\u00e1jos feh\u00e9r arany gy\u00e9m\u00e1ntos nyak\u00e9ket. A l\u00e1ncr\u00e9sz \u00e1ll\u00edthat\u00f3 \u00edgy k\u00e9tf\u00e9le hossz\u00fas\u00e1gban viselhet\u0151.<\/span><\/p>\n","protected":false},"featured_media":234637,"comment_status":"open","ping_status":"open","template":"","meta":{"_acf_changed":false},"product_brand":[],"product_cat":[1923],"product_tag":[1316,133,138,140,1310,1305],"class_list":{"0":"post-247879","1":"product","2":"type-product","3":"status-publish","4":"has-post-thumbnail","6":"product_cat-nyakek","7":"product_tag-baba-gyermek","8":"product_tag-noi","9":"product_tag-ekszer-szett","10":"product_tag-meretezheto","11":"product_tag-feher-gyemant","12":"product_tag-feher-arany","13":"pa_kollekcio-exkluziv-ekszerek","14":"pa_marka-nardelli","15":"pa_meret-39-es-43-cm-hosszu","16":"pa_otvozet-finomsaga-143","17":"pa_suly-21-gr","18":"pa_zarak-karabiner-zar","20":"first","21":"onrequest","22":"taxable","23":"shipping-taxable","24":"product-type-simple"},"acf":[],"_links":{"self":[{"href":"https:\/\/gyemantekszer.com\/en\/wp-json\/wp\/v2\/product\/247879","targetHints":{"allow":["GET"]}}],"collection":[{"href":"https:\/\/gyemantekszer.com\/en\/wp-json\/wp\/v2\/product"}],"about":[{"href":"https:\/\/gyemantekszer.com\/en\/wp-json\/wp\/v2\/types\/product"}],"replies":[{"embeddable":true,"href":"https:\/\/gyemantekszer.com\/en\/wp-json\/wp\/v2\/comments?post=247879"}],"wp:featuredmedia":[{"embeddable":true,"href":"https:\/\/gyemantekszer.com\/en\/wp-json\/wp\/v2\/media\/234637"}],"wp:attachment":[{"href":"https:\/\/gyemantekszer.com\/en\/wp-json\/wp\/v2\/media?parent=247879"}],"wp:term":[{"taxonomy":"product_brand","embeddable":true,"href":"https:\/\/gyemantekszer.com\/en\/wp-json\/wp\/v2\/product_brand?post=247879"},{"taxonomy":"product_cat","embeddable":true,"href":"https:\/\/gyemantekszer.com\/en\/wp-json\/wp\/v2\/product_cat?post=247879"},{"taxonomy":"product_tag","embeddable":true,"href":"https:\/\/gyemantekszer.com\/en\/wp-json\/wp\/v2\/product_tag?post=247879"}],"curies":[{"name":"wp","href":"https:\/\/api.w.org\/{rel}","templated":true}]}}