{"id":247872,"date":"2018-12-01T15:07:35","date_gmt":"2018-12-01T14:07:35","guid":{"rendered":"https:\/\/gyemantekszer.com\/termek\/coscia-couture-gyongy-fulbevalo\/"},"modified":"2026-03-10T13:43:47","modified_gmt":"2026-03-10T12:43:47","slug":"coscia-couture-gyongy-fulbevalo","status":"publish","type":"product","link":"https:\/\/gyemantekszer.com\/en\/product\/coscia-couture-gyongy-fulbevalo\/","title":{"rendered":"COSCIA Couture gy\u00f6ngy f\u00fclbeval\u00f3"},"content":{"rendered":"","protected":false},"excerpt":{"rendered":"<p><span data-sheets-value=\"{&quot;1&quot;:2,&quot;2&quot;:&quot;Eleg\u00e1ns feh\u00e9r arany gy\u00e9m\u00e1ntokkal d\u00edsz\u00edtett gy\u00f6ngy f\u00fclbeval\u00f3, melynek egyedis\u00e9g\u00e9t a feh\u00e9r \u00e9s fekete szikr\u00e1z\u00f3 gy\u00e9m\u00e1ntok k\u00fcl\u00f6nleges \u00f6sszhat\u00e1sa \u00e9s a gy\u00f6ngy gy\u00f6ny\u00f6r\u0171 sz\u00edne adja.&quot;}\" data-sheets-userformat=\"{&quot;2&quot;:8403459,&quot;3&quot;:{&quot;1&quot;:0},&quot;4&quot;:[null,2,16777215],&quot;12&quot;:0,&quot;14&quot;:[null,2,0],&quot;15&quot;:&quot;Calibri&quot;,&quot;16&quot;:11,&quot;26&quot;:400}\">Eleg\u00e1ns, feh\u00e9r arany, gy\u00e9m\u00e1ntokkal d\u00edsz\u00edtett gy\u00f6ngy f\u00fclbeval\u00f3, melynek egyedis\u00e9g\u00e9t a feh\u00e9r \u00e9s fekete szikr\u00e1z\u00f3 gy\u00e9m\u00e1ntok k\u00fcl\u00f6nleges kontrasztja, \u00e9s a teny\u00e9sztett gy\u00f6ngy\u00f6k gy\u00f6ny\u00f6r\u0171 l\u00fcsztere (f\u00e9nye) adja.<\/span><\/p>\n","protected":false},"featured_media":234613,"comment_status":"open","ping_status":"open","template":"","meta":{"_acf_changed":false},"product_brand":[],"product_cat":[1918],"product_tag":[1377,1384,1390,1376,1375,1379],"class_list":{"0":"post-247872","1":"product","2":"type-product","3":"status-publish","4":"has-post-thumbnail","6":"product_cat-fulbevalo","7":"product_tag-black-diamond","8":"product_tag-for-ladies","9":"product_tag-jewel-setts","10":"product_tag-white-diamond","11":"product_tag-white-gold","12":"product_tag-with-pearls","13":"pa_kollekcio-exkluziv-ekszerek","14":"pa_marka-coscia","15":"pa_meret-28-cm-hosszu","16":"pa_otvozet-finomsaga-143","17":"pa_suly-53-gr","18":"pa_zarak-biztonsagi-zar","20":"first","21":"onrequest","22":"sold-individually","23":"taxable","24":"shipping-taxable","25":"product-type-simple"},"acf":[],"_links":{"self":[{"href":"https:\/\/gyemantekszer.com\/en\/wp-json\/wp\/v2\/product\/247872","targetHints":{"allow":["GET"]}}],"collection":[{"href":"https:\/\/gyemantekszer.com\/en\/wp-json\/wp\/v2\/product"}],"about":[{"href":"https:\/\/gyemantekszer.com\/en\/wp-json\/wp\/v2\/types\/product"}],"replies":[{"embeddable":true,"href":"https:\/\/gyemantekszer.com\/en\/wp-json\/wp\/v2\/comments?post=247872"}],"wp:featuredmedia":[{"embeddable":true,"href":"https:\/\/gyemantekszer.com\/en\/wp-json\/wp\/v2\/media\/234613"}],"wp:attachment":[{"href":"https:\/\/gyemantekszer.com\/en\/wp-json\/wp\/v2\/media?parent=247872"}],"wp:term":[{"taxonomy":"product_brand","embeddable":true,"href":"https:\/\/gyemantekszer.com\/en\/wp-json\/wp\/v2\/product_brand?post=247872"},{"taxonomy":"product_cat","embeddable":true,"href":"https:\/\/gyemantekszer.com\/en\/wp-json\/wp\/v2\/product_cat?post=247872"},{"taxonomy":"product_tag","embeddable":true,"href":"https:\/\/gyemantekszer.com\/en\/wp-json\/wp\/v2\/product_tag?post=247872"}],"curies":[{"name":"wp","href":"https:\/\/api.w.org\/{rel}","templated":true}]}}