{"id":247871,"date":"2018-12-01T14:40:19","date_gmt":"2018-12-01T13:40:19","guid":{"rendered":"https:\/\/gyemantekszer.com\/termek\/coscia-barokk-gyongy-fulbevalo-2\/"},"modified":"2025-10-09T16:34:06","modified_gmt":"2025-10-09T14:34:06","slug":"coscia-barokk-gyongy-fulbevalo-2","status":"publish","type":"product","link":"https:\/\/gyemantekszer.com\/en\/termek\/coscia-barokk-gyongy-fulbevalo-2\/","title":{"rendered":"COSCIA Barokk gy\u00f6ngy f\u00fclbeval\u00f3"},"content":{"rendered":"","protected":false},"excerpt":{"rendered":"<p><span data-sheets-value=\"{&quot;1&quot;:2,&quot;2&quot;:&quot;Eleg\u00e1ns feh\u00e9r arany gy\u00e9m\u00e1ntokkal d\u00edsz\u00edtett gy\u00f6ngy f\u00fclbeval\u00f3, melynek egyedis\u00e9g\u00e9t a barokk gy\u00f6ngy\u00f6k teljesen egyedi alakja \u00e9s gy\u00f6ny\u00f6r\u0171 sz\u00edne adja.&quot;}\" data-sheets-userformat=\"{&quot;2&quot;:8403459,&quot;3&quot;:{&quot;1&quot;:0},&quot;4&quot;:[null,2,16777215],&quot;12&quot;:0,&quot;14&quot;:[null,2,0],&quot;15&quot;:&quot;Calibri&quot;,&quot;16&quot;:11,&quot;26&quot;:400}\">Extravag\u00e1ns, barokk form\u00e1j\u00fa teny\u00e9sztett gy\u00f6ngy\u00f6kkel d\u00edsz\u00edtett, egyszer\u0171 beakaszt\u00f3s feh\u00e9r arany, \u00e9s feh\u00e9r gy\u00e9m\u00e1ntokkal kirakott f\u00fclbeval\u00f3.<br \/>\nA barokk gy\u00f6ngy\u00f6k teljesen egyedi alakja \u00e9s gy\u00f6ny\u00f6r\u0171 sz\u00edne adja k\u00fcl\u00f6nlegess\u00e9g\u00e9t.<br \/>\n<\/span><\/p>\n<p><span data-sheets-value=\"{&quot;1&quot;:2,&quot;2&quot;:&quot;Eleg\u00e1ns feh\u00e9r arany gy\u00e9m\u00e1ntokkal d\u00edsz\u00edtett gy\u00f6ngy f\u00fclbeval\u00f3, melynek egyedis\u00e9g\u00e9t a barokk gy\u00f6ngy\u00f6k teljesen egyedi alakja \u00e9s gy\u00f6ny\u00f6r\u0171 sz\u00edne adja.&quot;}\" data-sheets-userformat=\"{&quot;2&quot;:8403459,&quot;3&quot;:{&quot;1&quot;:0},&quot;4&quot;:[null,2,16777215],&quot;12&quot;:0,&quot;14&quot;:[null,2,0],&quot;15&quot;:&quot;Calibri&quot;,&quot;16&quot;:11,&quot;26&quot;:400}\">B\u00e1tran viselhetj\u00fck h\u00e9tk\u00f6znapokon is, \u00e9s szettben v\u00e1laszthat\u00f3 hozz\u00e1 ill\u0151 barokk Gy\u00f6ngy\u00f6s nyak\u00e9k.<\/span><\/p>\n<p>&nbsp;<\/p>\n","protected":false},"featured_media":234605,"comment_status":"open","ping_status":"closed","template":"","meta":{"_acf_changed":false},"product_brand":[],"product_cat":[1918],"product_tag":[133,138,1310,1305,136],"class_list":{"0":"post-247871","1":"product","2":"type-product","3":"status-publish","4":"has-post-thumbnail","6":"product_cat-fulbevalo","7":"product_tag-noi","8":"product_tag-ekszer-szett","9":"product_tag-feher-gyemant","10":"product_tag-feher-arany","11":"product_tag-gyongyos","12":"pa_kollekcio-exkluziv-ekszerek","13":"pa_marka-coscia","14":"pa_meret-30-cm-hosszu","15":"pa_otvozet-finomsaga-143","16":"pa_suly-125-gr","17":"pa_zarak-beakasztos-hagyomanyos-patent-zar","19":"first","20":"instock","21":"sold-individually","22":"taxable","23":"shipping-taxable","24":"purchasable","25":"product-type-simple"},"acf":[],"_links":{"self":[{"href":"https:\/\/gyemantekszer.com\/en\/wp-json\/wp\/v2\/product\/247871","targetHints":{"allow":["GET"]}}],"collection":[{"href":"https:\/\/gyemantekszer.com\/en\/wp-json\/wp\/v2\/product"}],"about":[{"href":"https:\/\/gyemantekszer.com\/en\/wp-json\/wp\/v2\/types\/product"}],"replies":[{"embeddable":true,"href":"https:\/\/gyemantekszer.com\/en\/wp-json\/wp\/v2\/comments?post=247871"}],"wp:featuredmedia":[{"embeddable":true,"href":"https:\/\/gyemantekszer.com\/en\/wp-json\/wp\/v2\/media\/234605"}],"wp:attachment":[{"href":"https:\/\/gyemantekszer.com\/en\/wp-json\/wp\/v2\/media?parent=247871"}],"wp:term":[{"taxonomy":"product_brand","embeddable":true,"href":"https:\/\/gyemantekszer.com\/en\/wp-json\/wp\/v2\/product_brand?post=247871"},{"taxonomy":"product_cat","embeddable":true,"href":"https:\/\/gyemantekszer.com\/en\/wp-json\/wp\/v2\/product_cat?post=247871"},{"taxonomy":"product_tag","embeddable":true,"href":"https:\/\/gyemantekszer.com\/en\/wp-json\/wp\/v2\/product_tag?post=247871"}],"curies":[{"name":"wp","href":"https:\/\/api.w.org\/{rel}","templated":true}]}}