{"id":247865,"date":"2019-02-12T09:48:54","date_gmt":"2019-02-12T08:48:54","guid":{"rendered":"https:\/\/gyemantekszer.com\/termek\/nardelli-young-zafir-gyuru\/"},"modified":"2025-09-29T12:48:26","modified_gmt":"2025-09-29T10:48:26","slug":"nardelli-young-zafir-gyuru","status":"publish","type":"product","link":"https:\/\/gyemantekszer.com\/en\/product\/nardelli-young-zafir-gyuru\/","title":{"rendered":"Nardelli Young zaf\u00edr gy\u0171r\u0171"},"content":{"rendered":"","protected":false},"excerpt":{"rendered":"<p>Ez a klasszikus st\u00edlusban megalkotott, finoman eleg\u00e1ns feh\u00e9rarany gy\u0171r\u0171 val\u00f3di \u00e9kk\u00f6ve b\u00e1rmely k\u00fcl\u00f6nleges alkalomnak. K\u00f6z\u00e9ppontj\u00e1ban egy leny\u0171g\u00f6z\u0151, ov\u00e1lis csiszol\u00e1s\u00fa zaf\u00edr dr\u00e1gak\u0151 ragyog, amelyet apr\u00f3, feh\u00e9r \u00a0gy\u00e9m\u00e1ntok \u00f6lelnek k\u00f6rbe, m\u00e9g ink\u00e1bb kiemelve a k\u00f6zponti dr\u00e1gak\u0151 term\u00e9szetes sz\u00e9ps\u00e9g\u00e9t.<br data-start=\"514\" data-end=\"517\" \/>Az id\u0151t\u00e1ll\u00f3 formavil\u00e1g \u00e9s a gondos kidolgoz\u00e1s teszi ezt a darabot t\u00f6k\u00e9letess\u00e9 eljegyz\u00e9shez, \u00e9vfordul\u00f3ra vagy ak\u00e1r egy igaz\u00e1n k\u00fcl\u00f6nleges aj\u00e1nd\u00e9knak is.<\/p>\n","protected":false},"featured_media":234573,"comment_status":"open","ping_status":"open","template":"","meta":{"_acf_changed":false},"product_brand":[],"product_cat":[1917],"product_tag":[1373,1384,1383,1376,1375,1928],"class_list":{"0":"post-247865","1":"product","2":"type-product","3":"status-publish","4":"has-post-thumbnail","6":"product_cat-gyuru","7":"product_tag-engagement","8":"product_tag-for-ladies","9":"product_tag-sizeable","10":"product_tag-white-diamond","11":"product_tag-white-gold","12":"product_tag-zafir","13":"pa_kollekcio-exkluziv-ekszerek","14":"pa_marka-nardelli","15":"pa_meret-259","16":"pa_otvozet-finomsaga-143","17":"pa_suly-18-gr","19":"first","20":"onrequest","21":"sold-individually","22":"taxable","23":"shipping-taxable","24":"product-type-simple"},"acf":[],"_links":{"self":[{"href":"https:\/\/gyemantekszer.com\/en\/wp-json\/wp\/v2\/product\/247865","targetHints":{"allow":["GET"]}}],"collection":[{"href":"https:\/\/gyemantekszer.com\/en\/wp-json\/wp\/v2\/product"}],"about":[{"href":"https:\/\/gyemantekszer.com\/en\/wp-json\/wp\/v2\/types\/product"}],"replies":[{"embeddable":true,"href":"https:\/\/gyemantekszer.com\/en\/wp-json\/wp\/v2\/comments?post=247865"}],"wp:featuredmedia":[{"embeddable":true,"href":"https:\/\/gyemantekszer.com\/en\/wp-json\/wp\/v2\/media\/234573"}],"wp:attachment":[{"href":"https:\/\/gyemantekszer.com\/en\/wp-json\/wp\/v2\/media?parent=247865"}],"wp:term":[{"taxonomy":"product_brand","embeddable":true,"href":"https:\/\/gyemantekszer.com\/en\/wp-json\/wp\/v2\/product_brand?post=247865"},{"taxonomy":"product_cat","embeddable":true,"href":"https:\/\/gyemantekszer.com\/en\/wp-json\/wp\/v2\/product_cat?post=247865"},{"taxonomy":"product_tag","embeddable":true,"href":"https:\/\/gyemantekszer.com\/en\/wp-json\/wp\/v2\/product_tag?post=247865"}],"curies":[{"name":"wp","href":"https:\/\/api.w.org\/{rel}","templated":true}]}}