{"id":247862,"date":"2018-12-01T12:01:41","date_gmt":"2018-12-01T11:01:41","guid":{"rendered":"https:\/\/gyemantekszer.com\/termek\/le-lune-classic-heart-gyongysor\/"},"modified":"2026-03-10T13:43:47","modified_gmt":"2026-03-10T12:43:47","slug":"le-lune-classic-heart-gyongysor","status":"publish","type":"product","link":"https:\/\/gyemantekszer.com\/en\/termek\/le-lune-classic-heart-gyongysor\/","title":{"rendered":"LE LUNE CLASSIC heart gy\u00f6ngysor"},"content":{"rendered":"","protected":false},"excerpt":{"rendered":"<p><span data-sheets-value=\"{&quot;1&quot;:2,&quot;2&quot;:&quot;Egy elb\u0171v\u00f6l\u00f6en kifinomult gy\u00f6gysort aj\u00e1nlunk, melynek a k\u00f6zep\u00e9n d\u00edszeleg feh\u00e9r gy\u00e9m\u00e1ntokkal kirakott sziv form\u00e1ly\u00fa feh\u00e9r arany med\u00e1l. Egy meghitt alkalomra t\u00f6k\u00e9letes aj\u00e1nd\u00e9k minden h\u00f6lgynek.&quot;}\" data-sheets-userformat=\"{&quot;2&quot;:8403459,&quot;3&quot;:{&quot;1&quot;:0},&quot;4&quot;:[null,2,16777215],&quot;12&quot;:0,&quot;14&quot;:[null,2,0],&quot;15&quot;:&quot;Calibri&quot;,&quot;16&quot;:11,&quot;26&quot;:400}\">Egy elb\u0171v\u0151l\u0151en kifinomult gy\u00f6ngysort aj\u00e1nlunk, melynek a k\u00f6zep\u00e9n d\u00edszeleg feh\u00e9r gy\u00e9m\u00e1ntokkal kirakott sz\u00edv form\u00e1j\u00fa feh\u00e9r arany med\u00e1l. Egy meghitt alkalomra t\u00f6k\u00e9letes aj\u00e1nd\u00e9k minden h\u00f6lgynek.<\/span><\/p>\n","protected":false},"featured_media":234553,"comment_status":"open","ping_status":"open","template":"","meta":{"_acf_changed":false},"product_brand":[],"product_cat":[1924],"product_tag":[133,1305,136],"class_list":{"0":"post-247862","1":"product","2":"type-product","3":"status-publish","4":"has-post-thumbnail","6":"product_cat-gyongysor","7":"product_tag-noi","8":"product_tag-feher-arany","9":"product_tag-gyongyos","10":"pa_kollekcio-exkluziv-ekszerek","11":"pa_marka-coscia","12":"pa_meret-415-cm-hosszu","13":"pa_otvozet-finomsaga-143","14":"pa_suly-184-gr","15":"pa_zarak-karabiner-zar","17":"first","18":"onrequest","19":"sold-individually","20":"taxable","21":"shipping-taxable","22":"product-type-simple"},"acf":[],"_links":{"self":[{"href":"https:\/\/gyemantekszer.com\/en\/wp-json\/wp\/v2\/product\/247862","targetHints":{"allow":["GET"]}}],"collection":[{"href":"https:\/\/gyemantekszer.com\/en\/wp-json\/wp\/v2\/product"}],"about":[{"href":"https:\/\/gyemantekszer.com\/en\/wp-json\/wp\/v2\/types\/product"}],"replies":[{"embeddable":true,"href":"https:\/\/gyemantekszer.com\/en\/wp-json\/wp\/v2\/comments?post=247862"}],"wp:featuredmedia":[{"embeddable":true,"href":"https:\/\/gyemantekszer.com\/en\/wp-json\/wp\/v2\/media\/234553"}],"wp:attachment":[{"href":"https:\/\/gyemantekszer.com\/en\/wp-json\/wp\/v2\/media?parent=247862"}],"wp:term":[{"taxonomy":"product_brand","embeddable":true,"href":"https:\/\/gyemantekszer.com\/en\/wp-json\/wp\/v2\/product_brand?post=247862"},{"taxonomy":"product_cat","embeddable":true,"href":"https:\/\/gyemantekszer.com\/en\/wp-json\/wp\/v2\/product_cat?post=247862"},{"taxonomy":"product_tag","embeddable":true,"href":"https:\/\/gyemantekszer.com\/en\/wp-json\/wp\/v2\/product_tag?post=247862"}],"curies":[{"name":"wp","href":"https:\/\/api.w.org\/{rel}","templated":true}]}}