{"id":247857,"date":"2018-11-29T14:40:27","date_gmt":"2018-11-29T13:40:27","guid":{"rendered":"https:\/\/gyemantekszer.com\/termek\/martina-arany-medal-01\/"},"modified":"2026-04-17T17:02:04","modified_gmt":"2026-04-17T15:02:04","slug":"martina-arany-medal-01","status":"publish","type":"product","link":"https:\/\/gyemantekszer.com\/en\/product\/martina-arany-medal-01\/","title":{"rendered":"Martina arany med\u00e1l 01"},"content":{"rendered":"","protected":false},"excerpt":{"rendered":"<p><span data-sheets-value=\"{&quot;1&quot;:2,&quot;2&quot;:&quot;Modern, feh\u00e9r arany kereszt med\u00e1l amit sz\u00e9p feh\u00e9r csillog\u00f3 k\u00f6vek d\u00cdsz\u00cdtenek.&quot;}\" data-sheets-userformat=\"{&quot;2&quot;:8403459,&quot;3&quot;:{&quot;1&quot;:0},&quot;4&quot;:[null,2,13624051],&quot;12&quot;:0,&quot;14&quot;:[null,2,0],&quot;15&quot;:&quot;Calibri&quot;,&quot;16&quot;:11,&quot;26&quot;:400}\">Modern, feh\u00e9r arany kereszt med\u00e1l, amit sz\u00e9p feh\u00e9r csillog\u00f3 k\u00f6vek d\u00edsz\u00edtenek.<\/span><\/p>\n","protected":false},"featured_media":237741,"comment_status":"open","ping_status":"closed","template":"","meta":{"_acf_changed":false},"product_brand":[],"product_cat":[1922],"product_tag":[1374,1384,1375],"class_list":{"0":"post-247857","1":"product","2":"type-product","3":"status-publish","4":"has-post-thumbnail","6":"product_cat-medal","7":"product_tag-baby-kids","8":"product_tag-for-ladies","9":"product_tag-white-gold","10":"pa_kollekcio-premium-ekszerek","11":"pa_meret-18-cm-hosszu-2","12":"pa_otvozet-finomsaga-221","13":"pa_suly-15-gr","15":"first","16":"instock","17":"sale","18":"sold-individually","19":"taxable","20":"shipping-taxable","21":"purchasable","22":"product-type-simple"},"acf":[],"_links":{"self":[{"href":"https:\/\/gyemantekszer.com\/en\/wp-json\/wp\/v2\/product\/247857","targetHints":{"allow":["GET"]}}],"collection":[{"href":"https:\/\/gyemantekszer.com\/en\/wp-json\/wp\/v2\/product"}],"about":[{"href":"https:\/\/gyemantekszer.com\/en\/wp-json\/wp\/v2\/types\/product"}],"replies":[{"embeddable":true,"href":"https:\/\/gyemantekszer.com\/en\/wp-json\/wp\/v2\/comments?post=247857"}],"wp:featuredmedia":[{"embeddable":true,"href":"https:\/\/gyemantekszer.com\/en\/wp-json\/wp\/v2\/media\/237741"}],"wp:attachment":[{"href":"https:\/\/gyemantekszer.com\/en\/wp-json\/wp\/v2\/media?parent=247857"}],"wp:term":[{"taxonomy":"product_brand","embeddable":true,"href":"https:\/\/gyemantekszer.com\/en\/wp-json\/wp\/v2\/product_brand?post=247857"},{"taxonomy":"product_cat","embeddable":true,"href":"https:\/\/gyemantekszer.com\/en\/wp-json\/wp\/v2\/product_cat?post=247857"},{"taxonomy":"product_tag","embeddable":true,"href":"https:\/\/gyemantekszer.com\/en\/wp-json\/wp\/v2\/product_tag?post=247857"}],"curies":[{"name":"wp","href":"https:\/\/api.w.org\/{rel}","templated":true}]}}