{"id":247855,"date":"2018-11-29T11:08:30","date_gmt":"2018-11-29T10:08:30","guid":{"rendered":"https:\/\/gyemantekszer.com\/termek\/joyce-arany-lanc-02\/"},"modified":"2026-02-28T12:43:05","modified_gmt":"2026-02-28T11:43:05","slug":"joyce-arany-lanc-02","status":"publish","type":"product","link":"https:\/\/gyemantekszer.com\/en\/termek\/joyce-arany-lanc-02\/","title":{"rendered":"Joyce arany l\u00e1nc 02"},"content":{"rendered":"","protected":false},"excerpt":{"rendered":"<p><span data-sheets-value=\"{&quot;1&quot;:2,&quot;2&quot;:&quot;Finom eleg\u00e1ns, feh\u00e9r aranyb\u00f3l k\u00e9sz\u00fclt, v\u00e9kony pancer l\u00e1nc, igaz\u00e1n fiatalos aj\u00e1nd\u00e9k, mely klasszikus jellege miatt minden koroszt\u00e1ly sz\u00e1m\u00e1ra kiv\u00e1l\u00f3 aj\u00e1nd\u00e9k lehet.&quot;}\" data-sheets-userformat=\"{&quot;2&quot;:8403459,&quot;3&quot;:{&quot;1&quot;:0},&quot;4&quot;:[null,2,13624051],&quot;12&quot;:0,&quot;14&quot;:[null,2,0],&quot;15&quot;:&quot;Calibri&quot;,&quot;16&quot;:11,&quot;26&quot;:400}\">Finom eleg\u00e1ns, feh\u00e9r aranyb\u00f3l k\u00e9sz\u00fclt pancer l\u00e1nc, igaz\u00e1n fiatalos \u00e9kszer, mely klasszikus jellege miatt minden koroszt\u00e1ly sz\u00e1m\u00e1ra kiv\u00e1l\u00f3 aj\u00e1nd\u00e9k lehet.<\/span><\/p>\n","protected":false},"featured_media":237734,"comment_status":"open","ping_status":"closed","template":"","meta":{"_acf_changed":false},"product_brand":[],"product_cat":[1923],"product_tag":[1316,133,134,1305],"class_list":{"0":"post-247855","1":"product","2":"type-product","3":"status-publish","4":"has-post-thumbnail","6":"product_cat-nyakek","7":"product_tag-baba-gyermek","8":"product_tag-noi","9":"product_tag-ferfi","10":"product_tag-feher-arany","11":"pa_kollekcio-premium-ekszerek","12":"pa_meret-460-cm-hosszu","13":"pa_otvozet-finomsaga-221","14":"pa_suly-42-gr","15":"pa_zarak-karabiner-zar","17":"first","18":"instock","19":"sale","20":"sold-individually","21":"taxable","22":"shipping-taxable","23":"purchasable","24":"product-type-simple"},"acf":[],"_links":{"self":[{"href":"https:\/\/gyemantekszer.com\/en\/wp-json\/wp\/v2\/product\/247855","targetHints":{"allow":["GET"]}}],"collection":[{"href":"https:\/\/gyemantekszer.com\/en\/wp-json\/wp\/v2\/product"}],"about":[{"href":"https:\/\/gyemantekszer.com\/en\/wp-json\/wp\/v2\/types\/product"}],"replies":[{"embeddable":true,"href":"https:\/\/gyemantekszer.com\/en\/wp-json\/wp\/v2\/comments?post=247855"}],"wp:featuredmedia":[{"embeddable":true,"href":"https:\/\/gyemantekszer.com\/en\/wp-json\/wp\/v2\/media\/237734"}],"wp:attachment":[{"href":"https:\/\/gyemantekszer.com\/en\/wp-json\/wp\/v2\/media?parent=247855"}],"wp:term":[{"taxonomy":"product_brand","embeddable":true,"href":"https:\/\/gyemantekszer.com\/en\/wp-json\/wp\/v2\/product_brand?post=247855"},{"taxonomy":"product_cat","embeddable":true,"href":"https:\/\/gyemantekszer.com\/en\/wp-json\/wp\/v2\/product_cat?post=247855"},{"taxonomy":"product_tag","embeddable":true,"href":"https:\/\/gyemantekszer.com\/en\/wp-json\/wp\/v2\/product_tag?post=247855"}],"curies":[{"name":"wp","href":"https:\/\/api.w.org\/{rel}","templated":true}]}}