{"id":247850,"date":"2018-11-27T11:49:41","date_gmt":"2018-11-27T10:49:41","guid":{"rendered":"https:\/\/gyemantekszer.com\/termek\/round-amore-gyemant-gyuru\/"},"modified":"2026-03-10T13:43:47","modified_gmt":"2026-03-10T12:43:47","slug":"round-amore-gyemant-gyuru","status":"publish","type":"product","link":"https:\/\/gyemantekszer.com\/en\/product\/round-amore-gyemant-gyuru\/","title":{"rendered":"ROYAL &#8211; Amore gy\u00e9m\u00e1nt gy\u0171r\u0171"},"content":{"rendered":"<ol>\n<li>B<\/li>\n<\/ol>\n","protected":false},"excerpt":{"rendered":"<p><span data-sheets-value=\"{&quot;1&quot;:2,&quot;2&quot;:&quot;Ez a feh\u00e9r aranyb\u00f3l k\u00e9sz\u00fclt divat gy\u0171r\u0171 rendkiv\u00fcl mutat\u00f3s darab. A gy\u00e9m\u00e1ntok szorosan egym\u00e1s mell\u00e9 lettek helyezve az \u00e9kszer \u00e9kek\u00e9nt. Rendkiv\u00fcl fiatalos benyom\u00e1st kelt minden gener\u00e1ci\u00f3 sz\u00e1m\u00e1ra.&quot;}\" data-sheets-userformat=\"{&quot;2&quot;:8403459,&quot;3&quot;:{&quot;1&quot;:0},&quot;4&quot;:[null,2,16777215],&quot;12&quot;:0,&quot;14&quot;:[null,2,0],&quot;15&quot;:&quot;Calibri&quot;,&quot;16&quot;:11,&quot;26&quot;:400}\">Ez a feh\u00e9r aranyb\u00f3l k\u00e9sz\u00fclt divat gy\u0171r\u0171 rendk\u00edv\u00fcl mutat\u00f3s darab. A gy\u00e9m\u00e1ntok szorosan egym\u00e1s mell\u00e9 lettek helyezve az \u00e9kszer \u00e9kek\u00e9nt. Rendk\u00edv\u00fcl fiatalos benyom\u00e1st kelt minden gener\u00e1ci\u00f3 sz\u00e1m\u00e1ra.<\/span><\/p>\n","protected":false},"featured_media":234519,"comment_status":"open","ping_status":"open","template":"","meta":{"_acf_changed":false},"product_brand":[],"product_cat":[1917],"product_tag":[1384,1383,1376,1375],"class_list":{"0":"post-247850","1":"product","2":"type-product","3":"status-publish","4":"has-post-thumbnail","6":"product_cat-gyuru","7":"product_tag-for-ladies","8":"product_tag-sizeable","9":"product_tag-white-diamond","10":"product_tag-white-gold","11":"pa_kollekcio-exkluziv-ekszerek","12":"pa_marka-nardelli","13":"pa_meret-156","14":"pa_otvozet-finomsaga-143","15":"pa_suly-59-gr","17":"first","18":"onrequest","19":"taxable","20":"shipping-taxable","21":"product-type-simple"},"acf":[],"_links":{"self":[{"href":"https:\/\/gyemantekszer.com\/en\/wp-json\/wp\/v2\/product\/247850","targetHints":{"allow":["GET"]}}],"collection":[{"href":"https:\/\/gyemantekszer.com\/en\/wp-json\/wp\/v2\/product"}],"about":[{"href":"https:\/\/gyemantekszer.com\/en\/wp-json\/wp\/v2\/types\/product"}],"replies":[{"embeddable":true,"href":"https:\/\/gyemantekszer.com\/en\/wp-json\/wp\/v2\/comments?post=247850"}],"wp:featuredmedia":[{"embeddable":true,"href":"https:\/\/gyemantekszer.com\/en\/wp-json\/wp\/v2\/media\/234519"}],"wp:attachment":[{"href":"https:\/\/gyemantekszer.com\/en\/wp-json\/wp\/v2\/media?parent=247850"}],"wp:term":[{"taxonomy":"product_brand","embeddable":true,"href":"https:\/\/gyemantekszer.com\/en\/wp-json\/wp\/v2\/product_brand?post=247850"},{"taxonomy":"product_cat","embeddable":true,"href":"https:\/\/gyemantekszer.com\/en\/wp-json\/wp\/v2\/product_cat?post=247850"},{"taxonomy":"product_tag","embeddable":true,"href":"https:\/\/gyemantekszer.com\/en\/wp-json\/wp\/v2\/product_tag?post=247850"}],"curies":[{"name":"wp","href":"https:\/\/api.w.org\/{rel}","templated":true}]}}