{"id":247848,"date":"2018-11-27T11:25:20","date_gmt":"2018-11-27T10:25:20","guid":{"rendered":"https:\/\/gyemantekszer.com\/termek\/flexible-spring-gyemant-gyuru\/"},"modified":"2025-09-29T12:48:14","modified_gmt":"2025-09-29T10:48:14","slug":"flexible-spring-gyemant-gyuru","status":"publish","type":"product","link":"https:\/\/gyemantekszer.com\/en\/product\/flexible-spring-gyemant-gyuru\/","title":{"rendered":"Flexible spring gy\u00e9m\u00e1nt gy\u0171r\u0171"},"content":{"rendered":"","protected":false},"excerpt":{"rendered":"<p><span data-sheets-value=\"{&quot;1&quot;:2,&quot;2&quot;:&quot;Extravag\u00e1ns kokt\u00e9l gy\u0171r\u0171, melyben a gy\u00e9m\u00e1ntok ink\u00e1bb csak kieg\u00e9sz\u00edt\u0151 d\u00edsz\u00edt\u00e9sk\u00e9nt jelenik meg. A gy\u0171r\u0171 k\u00f6z\u00e9ppontj\u00e1ban egy k\u00fcl\u00f6nlegesen megcsiszolt barack szIn\u0171 szInesdr\u00e1gak\u0151 a hold k\u0151 \u00e1ll. Ez a \u00e9kszer egyed\u00fcl\u00e1ll\u00f3 m\u00f3don lett kialakItva mely a rug\u00f3ssIn r\u00e9sznek k\u00f6sz\u00f6nhet\u0151en k\u00e9nyelmes viseletet biztosIt visel\u0151j\u00e9nek.&quot;}\" data-sheets-userformat=\"{&quot;2&quot;:8403459,&quot;3&quot;:{&quot;1&quot;:0},&quot;4&quot;:[null,2,16777215],&quot;12&quot;:0,&quot;14&quot;:[null,2,0],&quot;15&quot;:&quot;Calibri&quot;,&quot;16&quot;:11,&quot;26&quot;:400}\">Extravag\u00e1ns kokt\u00e9l gy\u0171r\u0171, melyben a gy\u00e9m\u00e1ntok ink\u00e1bb csak kieg\u00e9sz\u00edt\u0151 d\u00edsz\u00edt\u00e9sk\u00e9nt jelennek meg. A gy\u0171r\u0171 k\u00f6z\u00e9ppontj\u00e1ban egy k\u00fcl\u00f6nlegesen megcsiszolt barack sz\u00edn\u0171 sz\u00ednes dr\u00e1gak\u0151, a holdk\u0151 \u00e1ll. Ez az \u00e9kszer egyed\u00fcl\u00e1ll\u00f3 m\u00f3don lett kialak\u00edtva, mely a rug\u00f3s s\u00edn r\u00e9sz\u00e9nek k\u00f6sz\u00f6nhet\u0151en k\u00e9nyelmes viseletet biztos\u00edt visel\u0151j\u00e9nek.<\/span><\/p>\n","protected":false},"featured_media":234515,"comment_status":"open","ping_status":"open","template":"","meta":{"_acf_changed":false},"product_brand":[],"product_cat":[1359],"product_tag":[1384,1927,1385,1383],"class_list":{"0":"post-247848","1":"product","2":"type-product","3":"status-publish","4":"has-post-thumbnail","6":"product_cat-exclusive-rings","7":"product_tag-for-ladies","8":"product_tag-konyak-gyemant","9":"product_tag-rose-gold","10":"product_tag-sizeable","11":"pa_kollekcio-exkluziv-ekszerek","12":"pa_marka-nardelli","13":"pa_meret-56-62","14":"pa_otvozet-finomsaga-143","15":"pa_suly-142-gr","17":"first","18":"onrequest","19":"sold-individually","20":"taxable","21":"shipping-taxable","22":"product-type-simple"},"acf":[],"_links":{"self":[{"href":"https:\/\/gyemantekszer.com\/en\/wp-json\/wp\/v2\/product\/247848","targetHints":{"allow":["GET"]}}],"collection":[{"href":"https:\/\/gyemantekszer.com\/en\/wp-json\/wp\/v2\/product"}],"about":[{"href":"https:\/\/gyemantekszer.com\/en\/wp-json\/wp\/v2\/types\/product"}],"replies":[{"embeddable":true,"href":"https:\/\/gyemantekszer.com\/en\/wp-json\/wp\/v2\/comments?post=247848"}],"wp:featuredmedia":[{"embeddable":true,"href":"https:\/\/gyemantekszer.com\/en\/wp-json\/wp\/v2\/media\/234515"}],"wp:attachment":[{"href":"https:\/\/gyemantekszer.com\/en\/wp-json\/wp\/v2\/media?parent=247848"}],"wp:term":[{"taxonomy":"product_brand","embeddable":true,"href":"https:\/\/gyemantekszer.com\/en\/wp-json\/wp\/v2\/product_brand?post=247848"},{"taxonomy":"product_cat","embeddable":true,"href":"https:\/\/gyemantekszer.com\/en\/wp-json\/wp\/v2\/product_cat?post=247848"},{"taxonomy":"product_tag","embeddable":true,"href":"https:\/\/gyemantekszer.com\/en\/wp-json\/wp\/v2\/product_tag?post=247848"}],"curies":[{"name":"wp","href":"https:\/\/api.w.org\/{rel}","templated":true}]}}