{"id":247846,"date":"2018-10-23T08:16:05","date_gmt":"2018-10-23T06:16:05","guid":{"rendered":"https:\/\/gyemantekszer.com\/termek\/royal-illusione-gyemant-gyuru\/"},"modified":"2025-09-29T12:48:13","modified_gmt":"2025-09-29T10:48:13","slug":"royal-illusione-gyemant-gyuru","status":"publish","type":"product","link":"https:\/\/gyemantekszer.com\/en\/product\/royal-illusione-gyemant-gyuru\/","title":{"rendered":"Royal Illusione gy\u00e9m\u00e1nt gy\u0171r\u0171"},"content":{"rendered":"","protected":false},"excerpt":{"rendered":"<p><span data-sheets-value=\"{&quot;1&quot;:2,&quot;2&quot;:&quot;Elb\u0171v\u00f6l\u0151en szikr\u00e1z\u00f3, modern vonalvezet\u00e9s\u0171, l\u00e1tv\u00e1nyos gy\u00e9m\u00e1nt, feh\u00e9r arany gy\u0171r\u0171, mely egy hozz\u00e1 ill\u0151 f\u00fclbeval\u00f3val egy igaz\u00e1n sz\u00e9p szolid de m\u00e9gis k\u00fcl\u00f6nleges megjelen\u00e9st adhat.&quot;}\" data-sheets-userformat=\"{&quot;2&quot;:8403459,&quot;3&quot;:{&quot;1&quot;:0},&quot;4&quot;:[null,2,16777215],&quot;12&quot;:0,&quot;14&quot;:[null,2,0],&quot;15&quot;:&quot;Calibri&quot;,&quot;16&quot;:11,&quot;26&quot;:400}\">Elb\u0171v\u00f6l\u0151en szikr\u00e1z\u00f3, modern vonalvezet\u00e9s\u0171, l\u00e1tv\u00e1nyos gy\u00e9m\u00e1nt feh\u00e9r arany gy\u0171r\u0171, mely egy hozz\u00e1 ill\u0151 f\u00fclbeval\u00f3val egy igaz\u00e1n sz\u00e9p, szolid de m\u00e9gis k\u00fcl\u00f6nleges megjelen\u00e9st adhat.<\/span><\/p>\n","protected":false},"featured_media":234507,"comment_status":"open","ping_status":"open","template":"","meta":{"_acf_changed":false},"product_brand":[],"product_cat":[1917],"product_tag":[1373,1384,1390,1383,1376,1375],"class_list":{"0":"post-247846","1":"product","2":"type-product","3":"status-publish","4":"has-post-thumbnail","6":"product_cat-gyuru","7":"product_tag-engagement","8":"product_tag-for-ladies","9":"product_tag-jewel-setts","10":"product_tag-sizeable","11":"product_tag-white-diamond","12":"product_tag-white-gold","13":"pa_kollekcio-exkluziv-ekszerek","14":"pa_marka-royal-diamonds-by-alexandra-ronai","15":"pa_meret-156","16":"pa_otvozet-finomsaga-143","17":"pa_suly-39-gr","19":"first","20":"onrequest","21":"sold-individually","22":"taxable","23":"shipping-taxable","24":"product-type-simple"},"acf":[],"_links":{"self":[{"href":"https:\/\/gyemantekszer.com\/en\/wp-json\/wp\/v2\/product\/247846","targetHints":{"allow":["GET"]}}],"collection":[{"href":"https:\/\/gyemantekszer.com\/en\/wp-json\/wp\/v2\/product"}],"about":[{"href":"https:\/\/gyemantekszer.com\/en\/wp-json\/wp\/v2\/types\/product"}],"replies":[{"embeddable":true,"href":"https:\/\/gyemantekszer.com\/en\/wp-json\/wp\/v2\/comments?post=247846"}],"wp:featuredmedia":[{"embeddable":true,"href":"https:\/\/gyemantekszer.com\/en\/wp-json\/wp\/v2\/media\/234507"}],"wp:attachment":[{"href":"https:\/\/gyemantekszer.com\/en\/wp-json\/wp\/v2\/media?parent=247846"}],"wp:term":[{"taxonomy":"product_brand","embeddable":true,"href":"https:\/\/gyemantekszer.com\/en\/wp-json\/wp\/v2\/product_brand?post=247846"},{"taxonomy":"product_cat","embeddable":true,"href":"https:\/\/gyemantekszer.com\/en\/wp-json\/wp\/v2\/product_cat?post=247846"},{"taxonomy":"product_tag","embeddable":true,"href":"https:\/\/gyemantekszer.com\/en\/wp-json\/wp\/v2\/product_tag?post=247846"}],"curies":[{"name":"wp","href":"https:\/\/api.w.org\/{rel}","templated":true}]}}