{"id":247779,"date":"2018-08-03T09:08:13","date_gmt":"2018-08-03T07:08:13","guid":{"rendered":"https:\/\/gyemantekszer.com\/termek\/tirisi-jewerly-seoul-flower-smokey-gyemant-gyuru\/"},"modified":"2025-10-13T13:23:14","modified_gmt":"2025-10-13T11:23:14","slug":"tirisi-jewerly-seoul-flower-smokey-gyemant-gyuru","status":"publish","type":"product","link":"https:\/\/gyemantekszer.com\/en\/product\/tirisi-jewerly-seoul-flower-smokey-gyemant-gyuru\/","title":{"rendered":"Tirisi Jewerly &#8211; Seoul Flower Smokey gy\u00e9m\u00e1nt gy\u0171r\u0171"},"content":{"rendered":"","protected":false},"excerpt":{"rendered":"<p>A ROYAL DIAMONDS \u00c9KSZERH\u00c1Z kiz\u00e1r\u00f3lagosan forgalmazza a nemzetk\u00f6zi TIRISI m\u00e1rk\u00e1t. Ez az exkluz\u00edv vil\u00e1gm\u00e1rka t\u00f6bb kateg\u00f3ri\u00e1ban el\u00e9rhet\u0151, melyekr\u0151l b\u00e1tran elmondhat\u00f3, hogy \u00f6tv\u00f6zik a st\u00edlus \u00e9s a divat vil\u00e1g\u00e1t.\u00a0A TIRISI JEWELRY kollekci\u00f3ra jellemz\u0151, hogy teljesen 18 kar\u00e1tos aranyb\u00f3l k\u00e9sz\u00fcl, k\u00fcl\u00f6nb\u00f6z\u0151 dr\u00e1gak\u00f6vek \u00e9s gy\u00e9m\u00e1ntok d\u00edsz\u00edt\u00e9s\u00e9vel.<\/p>\n<p><span data-sheets-value=\"{&quot;1&quot;:2,&quot;2&quot;:&quot;A ROYAL DIAMONDS \u00c9KSZERH\u00c1Z kiz\u00e1r\u00f3lagosan forgalmazza a nemzetk\u00f6zi TIRISI m\u00e1rk\u00e1t. Ez az exkluz\u00edv vil\u00e1g m\u00e1rka t\u00f6bb kateg\u00f3ri\u00e1ban el\u00e9rhet\u0151, melyekr\u0151l b\u00e1tran elmondhat\u00f3, hogy \u00f6tv\u00f6zik a st\u00edlus \u00e9s a divat vil\u00e1g\u00e1t. Ez a k\u00fcl\u00f6nleges sz\u00e9ps\u00e9g\u0171 gy\u0171r\u0171 a TIRISI JEWELRY kollekci\u00f3 darabja. A kollekci\u00f3ra jellemz\u0151, hogy vagy teljesen 18 kar\u00e1tos aranyb\u00f3l, vagy vegyesen 18 kar\u00e1tos aranyb\u00f3l \u00e9s ez\u00fcstb\u0151l k\u00e9sz\u0171l. A gy\u0171r\u0171 r\u00e9sze , 18 kar\u00e1tos rose arany, a csillog\u00f3 feh\u00e9r k\u00f6vek pedig term\u00e9szetesen gy\u00e9m\u00e1ntok. A kollekci\u00f3hoz tov\u00e1bbi kieg\u00e9sz\u00edt\u0151k tal\u00e1lhat\u00f3ak, gondoljuk ak\u00e1r f\u00fclbeval\u00f3ra vagy kark\u00f6t\u0151kre...&quot;}\" data-sheets-userformat=\"{&quot;2&quot;:8403459,&quot;3&quot;:[null,0],&quot;4&quot;:[null,2,16777215],&quot;12&quot;:0,&quot;14&quot;:[null,2,0],&quot;15&quot;:&quot;Calibri&quot;,&quot;16&quot;:11,&quot;26&quot;:400}\">Ez a k\u00fcl\u00f6nleges f\u00fcstkvarc gy\u0171r\u0171 18 kar\u00e1tos roz\u00e9 arany foglalatban, a TIRISI JEWELRY kollekci\u00f3 darabja. Az oldal\u00e1t d\u00edsz\u00edt\u0151 csillog\u00f3 feh\u00e9r k\u00f6vek pedig term\u00e9szetesen gy\u00e9m\u00e1ntok. A kollekci\u00f3hoz tov\u00e1bbi kieg\u00e9sz\u00edt\u0151k tal\u00e1lhat\u00f3ak, gondoljuk ak\u00e1r f\u00fclbeval\u00f3ra vagy kark\u00f6t\u0151kre&#8230;<\/span><\/p>\n","protected":false},"featured_media":237508,"comment_status":"open","ping_status":"closed","template":"","meta":{"_acf_changed":false},"product_brand":[],"product_cat":[1359],"product_tag":[1384,1390,1385,1376],"class_list":{"0":"post-247779","1":"product","2":"type-product","3":"status-publish","4":"has-post-thumbnail","6":"product_cat-exclusive-rings","7":"product_tag-for-ladies","8":"product_tag-jewel-setts","9":"product_tag-rose-gold","10":"product_tag-white-diamond","11":"pa_kollekcio-exkluziv-ekszerek","12":"pa_marka-tirisi-jewelry","13":"pa_meret-183","14":"pa_otvozet-finomsaga-143","15":"pa_suly-51-gr","17":"first","18":"instock","19":"sold-individually","20":"taxable","21":"shipping-taxable","22":"purchasable","23":"product-type-simple"},"acf":[],"_links":{"self":[{"href":"https:\/\/gyemantekszer.com\/en\/wp-json\/wp\/v2\/product\/247779","targetHints":{"allow":["GET"]}}],"collection":[{"href":"https:\/\/gyemantekszer.com\/en\/wp-json\/wp\/v2\/product"}],"about":[{"href":"https:\/\/gyemantekszer.com\/en\/wp-json\/wp\/v2\/types\/product"}],"replies":[{"embeddable":true,"href":"https:\/\/gyemantekszer.com\/en\/wp-json\/wp\/v2\/comments?post=247779"}],"wp:featuredmedia":[{"embeddable":true,"href":"https:\/\/gyemantekszer.com\/en\/wp-json\/wp\/v2\/media\/237508"}],"wp:attachment":[{"href":"https:\/\/gyemantekszer.com\/en\/wp-json\/wp\/v2\/media?parent=247779"}],"wp:term":[{"taxonomy":"product_brand","embeddable":true,"href":"https:\/\/gyemantekszer.com\/en\/wp-json\/wp\/v2\/product_brand?post=247779"},{"taxonomy":"product_cat","embeddable":true,"href":"https:\/\/gyemantekszer.com\/en\/wp-json\/wp\/v2\/product_cat?post=247779"},{"taxonomy":"product_tag","embeddable":true,"href":"https:\/\/gyemantekszer.com\/en\/wp-json\/wp\/v2\/product_tag?post=247779"}],"curies":[{"name":"wp","href":"https:\/\/api.w.org\/{rel}","templated":true}]}}