{"id":247772,"date":"2018-07-25T12:26:39","date_gmt":"2018-07-25T10:26:39","guid":{"rendered":"https:\/\/gyemantekszer.com\/termek\/royal-love-gyemant-karikagyuru-7\/"},"modified":"2025-10-22T12:49:48","modified_gmt":"2025-10-22T10:49:48","slug":"royal-love-gyemant-karikagyuru-7","status":"publish","type":"product","link":"https:\/\/gyemantekszer.com\/en\/termek\/royal-love-gyemant-karikagyuru-7\/","title":{"rendered":"ROYAL &#8211; Love gy\u00e9m\u00e1nt karikagy\u0171r\u0171  7"},"content":{"rendered":"","protected":false},"excerpt":{"rendered":"<p>Olaszorsz\u00e1gban k\u00e9sz\u00fclt, ez a saj\u00e1t tervez\u00e9s\u0171 konyak gy\u00e9m\u00e1nt karikagy\u0171r\u0171, r\u00f3zsasz\u00edn aranyb\u00f3l. K\u00fcl\u00f6nleges hull\u00e1mos vonalvezet\u00e9se rendk\u00edv\u00fcl egyediv\u00e9 teszi az \u00e9kszert. A forma kialak\u00edt\u00e1s\u00e1nak k\u00f6sz\u00f6nhet\u0151en t\u00f6bbf\u00e9le sz\u00ednnel kombin\u00e1lhat\u00f3 k\u00e9t, h\u00e1rom darabbal egyszerre viselve, ez\u00e1ltal l\u00e1tv\u00e1nyos kokt\u00e9lgy\u0171r\u0171 alak\u00edthat\u00f3 ki a hull\u00e1mos form\u00e1kb\u00f3l.<\/p>\n","protected":false},"featured_media":237483,"comment_status":"open","ping_status":"closed","template":"","meta":{"_acf_changed":false},"product_brand":[],"product_cat":[1917,1919],"product_tag":[135,1545,140,133,1306],"class_list":{"0":"post-247772","1":"product","2":"type-product","3":"status-publish","4":"has-post-thumbnail","6":"product_cat-gyuru","7":"product_cat-karikagyuru","8":"product_tag-eljegyzes","9":"product_tag-konyak-gyemant","10":"product_tag-meretezheto","11":"product_tag-noi","12":"product_tag-roze-arany","13":"pa_kollekcio-exkluziv-ekszerek","14":"pa_marka-royal-diamonds-by-alexandra-ronai","15":"pa_meret-187","16":"pa_otvozet-finomsaga-143","17":"pa_suly-58-gr","19":"first","20":"instock","21":"sold-individually","22":"taxable","23":"shipping-taxable","24":"purchasable","25":"product-type-simple"},"acf":[],"_links":{"self":[{"href":"https:\/\/gyemantekszer.com\/en\/wp-json\/wp\/v2\/product\/247772","targetHints":{"allow":["GET"]}}],"collection":[{"href":"https:\/\/gyemantekszer.com\/en\/wp-json\/wp\/v2\/product"}],"about":[{"href":"https:\/\/gyemantekszer.com\/en\/wp-json\/wp\/v2\/types\/product"}],"replies":[{"embeddable":true,"href":"https:\/\/gyemantekszer.com\/en\/wp-json\/wp\/v2\/comments?post=247772"}],"wp:featuredmedia":[{"embeddable":true,"href":"https:\/\/gyemantekszer.com\/en\/wp-json\/wp\/v2\/media\/237483"}],"wp:attachment":[{"href":"https:\/\/gyemantekszer.com\/en\/wp-json\/wp\/v2\/media?parent=247772"}],"wp:term":[{"taxonomy":"product_brand","embeddable":true,"href":"https:\/\/gyemantekszer.com\/en\/wp-json\/wp\/v2\/product_brand?post=247772"},{"taxonomy":"product_cat","embeddable":true,"href":"https:\/\/gyemantekszer.com\/en\/wp-json\/wp\/v2\/product_cat?post=247772"},{"taxonomy":"product_tag","embeddable":true,"href":"https:\/\/gyemantekszer.com\/en\/wp-json\/wp\/v2\/product_tag?post=247772"}],"curies":[{"name":"wp","href":"https:\/\/api.w.org\/{rel}","templated":true}]}}