{"id":247748,"date":"2018-07-03T10:41:54","date_gmt":"2018-07-03T08:41:54","guid":{"rendered":"https:\/\/gyemantekszer.com\/termek\/grace-gyemant-gyuru\/"},"modified":"2025-09-29T12:47:11","modified_gmt":"2025-09-29T10:47:11","slug":"grace-gyemant-gyuru","status":"publish","type":"product","link":"https:\/\/gyemantekszer.com\/en\/termek\/grace-gyemant-gyuru\/","title":{"rendered":"ROYAL &#8211; Grace gy\u00e9m\u00e1nt gy\u0171r\u0171"},"content":{"rendered":"","protected":false},"excerpt":{"rendered":"<p>Ez a l\u00e1tv\u00e1nyos, modern st\u00edlus\u00fa, \u00e1mulatba ejt\u0151en sz\u00e9p, k\u00e1pr\u00e1zatos eljegyz\u00e9si gy\u00e9m\u00e1nt gy\u0171r\u0171, r\u00f3zsasz\u00edn \u00e9s feh\u00e9r arany felhaszn\u00e1l\u00e1s\u00e1val k\u00e9sz\u00fclt. Biztos v\u00e1laszt\u00e1s erre az alkalomra.<\/p>\n","protected":false},"featured_media":237400,"comment_status":"open","ping_status":"open","template":"","meta":{"_acf_changed":false},"product_brand":[],"product_cat":[1359],"product_tag":[1373,1384,1385,1383,1376,1375],"class_list":{"0":"post-247748","1":"product","2":"type-product","3":"status-publish","4":"has-post-thumbnail","6":"product_cat-exclusive-rings","7":"product_tag-engagement","8":"product_tag-for-ladies","9":"product_tag-rose-gold","10":"product_tag-sizeable","11":"product_tag-white-diamond","12":"product_tag-white-gold","13":"pa_kollekcio-exkluziv-ekszerek","14":"pa_marka-royal-diamonds-by-alexandra-ronai","15":"pa_meret-259","16":"pa_otvozet-finomsaga-143","17":"pa_suly-45-gr","19":"first","20":"outofstock","21":"sold-individually","22":"taxable","23":"shipping-taxable","24":"product-type-simple"},"acf":[],"_links":{"self":[{"href":"https:\/\/gyemantekszer.com\/en\/wp-json\/wp\/v2\/product\/247748","targetHints":{"allow":["GET"]}}],"collection":[{"href":"https:\/\/gyemantekszer.com\/en\/wp-json\/wp\/v2\/product"}],"about":[{"href":"https:\/\/gyemantekszer.com\/en\/wp-json\/wp\/v2\/types\/product"}],"replies":[{"embeddable":true,"href":"https:\/\/gyemantekszer.com\/en\/wp-json\/wp\/v2\/comments?post=247748"}],"wp:featuredmedia":[{"embeddable":true,"href":"https:\/\/gyemantekszer.com\/en\/wp-json\/wp\/v2\/media\/237400"}],"wp:attachment":[{"href":"https:\/\/gyemantekszer.com\/en\/wp-json\/wp\/v2\/media?parent=247748"}],"wp:term":[{"taxonomy":"product_brand","embeddable":true,"href":"https:\/\/gyemantekszer.com\/en\/wp-json\/wp\/v2\/product_brand?post=247748"},{"taxonomy":"product_cat","embeddable":true,"href":"https:\/\/gyemantekszer.com\/en\/wp-json\/wp\/v2\/product_cat?post=247748"},{"taxonomy":"product_tag","embeddable":true,"href":"https:\/\/gyemantekszer.com\/en\/wp-json\/wp\/v2\/product_tag?post=247748"}],"curies":[{"name":"wp","href":"https:\/\/api.w.org\/{rel}","templated":true}]}}