{"id":247726,"date":"2018-06-29T15:29:31","date_gmt":"2018-06-29T13:29:31","guid":{"rendered":"https:\/\/gyemantekszer.com\/termek\/nardelli-drop-sapphire-gyemant-fulbevalo\/"},"modified":"2025-09-29T12:46:58","modified_gmt":"2025-09-29T10:46:58","slug":"nardelli-drop-sapphire-gyemant-fulbevalo","status":"publish","type":"product","link":"https:\/\/gyemantekszer.com\/en\/product\/nardelli-drop-sapphire-gyemant-fulbevalo\/","title":{"rendered":"Nardelli Drop Sapphire gy\u00e9m\u00e1nt f\u00fclbeval\u00f3"},"content":{"rendered":"","protected":false},"excerpt":{"rendered":"<p>Klasszikus st\u00edlus\u00fa feh\u00e9r arany gy\u00e9m\u00e1nt f\u00fclbeval\u00f3, mely k\u00f6z\u00e9ppontj\u00e1ban egy ov\u00e1lis form\u00e1ra csiszolt csod\u00e1latos zaf\u00edr \u00e1ll. A k\u00f6z\u00e9ps\u0151 k\u00f6vet brili\u00e1ns csiszol\u00e1s\u00fa gy\u00e9m\u00e1ntok veszik k\u00f6rbe.<\/p>\n<p>Kiv\u00e1l\u00f3 min\u0151s\u00e9g\u0171 v\u00e1logatott alapanyagok, egyedi design, kifinomult tervez\u00e9s \u00e9s magas sz\u00ednvonal\u00fa kivitelez\u00e9s \u00e1ll az olasz \u00e9kszerm\u0171hely titk\u00e1nak sikerei m\u00f6g\u00f6tt, amellyel igazi autentikus m\u0171v\u00e9szi alkot\u00e1ss\u00e1 teszik \u00e9kszereiket. A csal\u00e1di k\u00e9zm\u0171ves v\u00e1llalkoz\u00e1sb\u00f3l, a Nardelli csal\u00e1d az \u00e9vtizedek alatt igazi nemzetk\u00f6zi m\u00e1rkacsoportt\u00e1 n\u0151tte ki mag\u00e1t, \u00e9s szakmailag komoly elismerts\u00e9gre tett szert.<\/p>\n","protected":false},"featured_media":237335,"comment_status":"open","ping_status":"open","template":"","meta":{"_acf_changed":false},"product_brand":[],"product_cat":[1918],"product_tag":[1384,1390,1376,1375,1928],"class_list":{"0":"post-247726","1":"product","2":"type-product","3":"status-publish","4":"has-post-thumbnail","6":"product_cat-fulbevalo","7":"product_tag-for-ladies","8":"product_tag-jewel-setts","9":"product_tag-white-diamond","10":"product_tag-white-gold","11":"product_tag-zafir","12":"pa_kollekcio-exkluziv-ekszerek","13":"pa_marka-nardelli","14":"pa_meret-13-cm-hosszu","15":"pa_otvozet-finomsaga-143","16":"pa_suly-38-gr","17":"pa_zarak-biztonsagi-zar","19":"first","20":"onrequest","21":"sold-individually","22":"taxable","23":"shipping-taxable","24":"product-type-simple"},"acf":[],"_links":{"self":[{"href":"https:\/\/gyemantekszer.com\/en\/wp-json\/wp\/v2\/product\/247726","targetHints":{"allow":["GET"]}}],"collection":[{"href":"https:\/\/gyemantekszer.com\/en\/wp-json\/wp\/v2\/product"}],"about":[{"href":"https:\/\/gyemantekszer.com\/en\/wp-json\/wp\/v2\/types\/product"}],"replies":[{"embeddable":true,"href":"https:\/\/gyemantekszer.com\/en\/wp-json\/wp\/v2\/comments?post=247726"}],"wp:featuredmedia":[{"embeddable":true,"href":"https:\/\/gyemantekszer.com\/en\/wp-json\/wp\/v2\/media\/237335"}],"wp:attachment":[{"href":"https:\/\/gyemantekszer.com\/en\/wp-json\/wp\/v2\/media?parent=247726"}],"wp:term":[{"taxonomy":"product_brand","embeddable":true,"href":"https:\/\/gyemantekszer.com\/en\/wp-json\/wp\/v2\/product_brand?post=247726"},{"taxonomy":"product_cat","embeddable":true,"href":"https:\/\/gyemantekszer.com\/en\/wp-json\/wp\/v2\/product_cat?post=247726"},{"taxonomy":"product_tag","embeddable":true,"href":"https:\/\/gyemantekszer.com\/en\/wp-json\/wp\/v2\/product_tag?post=247726"}],"curies":[{"name":"wp","href":"https:\/\/api.w.org\/{rel}","templated":true}]}}