{"id":247724,"date":"2018-06-29T15:11:42","date_gmt":"2018-06-29T13:11:42","guid":{"rendered":"https:\/\/gyemantekszer.com\/termek\/lively-gyemant-gyuru\/"},"modified":"2025-09-29T12:46:58","modified_gmt":"2025-09-29T10:46:58","slug":"lively-gyemant-gyuru","status":"publish","type":"product","link":"https:\/\/gyemantekszer.com\/en\/product\/lively-gyemant-gyuru\/","title":{"rendered":"NARDELLI &#8211; Lively gy\u00e9m\u00e1nt gy\u0171r\u0171"},"content":{"rendered":"","protected":false},"excerpt":{"rendered":"<p>K\u00fcl\u00f6nleges sz\u00edn \u00f6ssze\u00e1ll\u00edt\u00e1s\u00fa gy\u00e9m\u00e1nt gy\u0171r\u0171, melyben csod\u00e1latosan harmoniz\u00e1lnak a sz\u00ednes dr\u00e1gak\u00f6vek \u00e9s a csillog\u00f3 feh\u00e9r, fekete \u00e9s a konyak gy\u00e9m\u00e1ntok.<\/p>\n<p>Kiv\u00e1l\u00f3 min\u0151s\u00e9g\u0171 v\u00e1logatott alapanyagok, egyedi design, kifinomult tervez\u00e9s \u00e9s magas sz\u00ednvonal\u00fa kivitelez\u00e9s \u00e1ll az olasz \u00e9kszerm\u0171hely titk\u00e1nak sikerei m\u00f6g\u00f6tt, amellyel igazi autentikus m\u0171v\u00e9szi alkot\u00e1ss\u00e1 teszik \u00e9kszereiket. A csal\u00e1di k\u00e9zm\u0171ves v\u00e1llalkoz\u00e1sb\u00f3l, a Nardelli csal\u00e1d az \u00e9vtizedek alatt igazi nemzetk\u00f6zi m\u00e1rkacsoportt\u00e1 n\u0151tte ki mag\u00e1t, \u00e9s szakmailag komoly elismerts\u00e9gre tett szert.<\/p>\n<p>&nbsp;<\/p>\n","protected":false},"featured_media":237330,"comment_status":"open","ping_status":"open","template":"","meta":{"_acf_changed":false},"product_brand":[],"product_cat":[1917],"product_tag":[1377,1384,1933,1927,1385,1934,1376,1928],"class_list":{"0":"post-247724","1":"product","2":"type-product","3":"status-publish","4":"has-post-thumbnail","6":"product_cat-gyuru","7":"product_tag-black-diamond","8":"product_tag-for-ladies","9":"product_tag-koktelgyuru","10":"product_tag-konyak-gyemant","11":"product_tag-rose-gold","12":"product_tag-rubin","13":"product_tag-white-diamond","14":"product_tag-zafir","15":"pa_kollekcio-exkluziv-ekszerek","16":"pa_marka-nardelli","17":"pa_meret-156","18":"pa_otvozet-finomsaga-143","19":"pa_suly-119-gr","21":"first","22":"onrequest","23":"sold-individually","24":"taxable","25":"shipping-taxable","26":"product-type-simple"},"acf":[],"_links":{"self":[{"href":"https:\/\/gyemantekszer.com\/en\/wp-json\/wp\/v2\/product\/247724","targetHints":{"allow":["GET"]}}],"collection":[{"href":"https:\/\/gyemantekszer.com\/en\/wp-json\/wp\/v2\/product"}],"about":[{"href":"https:\/\/gyemantekszer.com\/en\/wp-json\/wp\/v2\/types\/product"}],"replies":[{"embeddable":true,"href":"https:\/\/gyemantekszer.com\/en\/wp-json\/wp\/v2\/comments?post=247724"}],"wp:featuredmedia":[{"embeddable":true,"href":"https:\/\/gyemantekszer.com\/en\/wp-json\/wp\/v2\/media\/237330"}],"wp:attachment":[{"href":"https:\/\/gyemantekszer.com\/en\/wp-json\/wp\/v2\/media?parent=247724"}],"wp:term":[{"taxonomy":"product_brand","embeddable":true,"href":"https:\/\/gyemantekszer.com\/en\/wp-json\/wp\/v2\/product_brand?post=247724"},{"taxonomy":"product_cat","embeddable":true,"href":"https:\/\/gyemantekszer.com\/en\/wp-json\/wp\/v2\/product_cat?post=247724"},{"taxonomy":"product_tag","embeddable":true,"href":"https:\/\/gyemantekszer.com\/en\/wp-json\/wp\/v2\/product_tag?post=247724"}],"curies":[{"name":"wp","href":"https:\/\/api.w.org\/{rel}","templated":true}]}}