{"id":247720,"date":"2022-11-16T09:32:52","date_gmt":"2022-11-16T08:32:52","guid":{"rendered":"https:\/\/gyemantekszer.com\/termek\/tj-milano-sweeties-hematite-gyemant-nyakek\/"},"modified":"2025-09-29T12:46:56","modified_gmt":"2025-09-29T10:46:56","slug":"tj-milano-sweeties-hematite-gyemant-nyakek","status":"publish","type":"product","link":"https:\/\/gyemantekszer.com\/en\/product\/tj-milano-sweeties-hematite-gyemant-nyakek\/","title":{"rendered":"TIRISI Jewelry &#8211; Milano Sweeties Hematite White Gy\u00e9m\u00e1nt Nyak\u00e9k"},"content":{"rendered":"","protected":false},"excerpt":{"rendered":"<p>A ROYAL DIAMONDS \u00c9KSZERH\u00c1Z kiz\u00e1r\u00f3lagosan forgalmazza a nemzetk\u00f6zi TIRISI m\u00e1rk\u00e1t. Ez az exkluz\u00edv vil\u00e1g m\u00e1rka t\u00f6bb kateg\u00f3ri\u00e1ban el\u00e9rhet\u0151, melyekr\u0151l b\u00e1tran elmondhat\u00f3, hogy \u00f6tv\u00f6zik a st\u00edlus \u00e9s a divat vil\u00e1g\u00e1t. Ez a k\u00fcl\u00f6nleges sz\u00e9ps\u00e9g\u0171 nyak\u00e9k a TIRISI JEWELRY kollekci\u00f3 darabja. A kollekci\u00f3ra jellemz\u0151, hogy teljesen 18 kar\u00e1tos aranyb\u00f3l k\u00e9sz\u00fcl, k\u00fcl\u00f6nb\u00f6z\u0151 dr\u00e1gak\u00f6vek \u00e9s gy\u00e9m\u00e1ntok d\u00edsz\u00edt\u00e9s\u00e9vel.<\/p>\n<p>Ennek a k\u00fcl\u00f6nleges nyak\u00e9knek a k\u00f6z\u00e9ppontj\u00e1ban Hematit dr\u00e1gak\u0151 tal\u00e1lhat\u00f3 melynek csillog\u00e1s\u00e1t egy r\u00e9teg csiszolt hegyikrist\u00e1ly fokozza. Az \u00e9kszer sz\u00e9ps\u00e9g\u00e9t a feh\u00e9r gy\u00e9m\u00e1ntok hangs\u00falyozz\u00e1k. A kollekci\u00f3hoz tov\u00e1bbi kieg\u00e9sz\u00edt\u0151k tal\u00e1lhat\u00f3ak, gondoljuk ak\u00e1r f\u00fclbeval\u00f3ra vagy gy\u0171r\u0171re \u2026<\/p>\n","protected":false},"featured_media":226744,"comment_status":"open","ping_status":"open","template":"","meta":{"_acf_changed":false},"product_brand":[],"product_cat":[1923],"product_tag":[1384,1390,1376,1375],"class_list":{"0":"post-247720","1":"product","2":"type-product","3":"status-publish","4":"has-post-thumbnail","6":"product_cat-nyakek","7":"product_tag-for-ladies","8":"product_tag-jewel-setts","9":"product_tag-white-diamond","10":"product_tag-white-gold","11":"pa_kollekcio-exkluziv-ekszerek","12":"pa_marka-tirisi-jewelry","13":"pa_meret-40-43-cm-hosszu","14":"pa_otvozet-finomsaga-143","15":"pa_suly-39-gr","16":"pa_zarak-karabiner-zar","18":"first","19":"instock","20":"sold-individually","21":"taxable","22":"shipping-taxable","23":"purchasable","24":"product-type-simple"},"acf":[],"_links":{"self":[{"href":"https:\/\/gyemantekszer.com\/en\/wp-json\/wp\/v2\/product\/247720","targetHints":{"allow":["GET"]}}],"collection":[{"href":"https:\/\/gyemantekszer.com\/en\/wp-json\/wp\/v2\/product"}],"about":[{"href":"https:\/\/gyemantekszer.com\/en\/wp-json\/wp\/v2\/types\/product"}],"replies":[{"embeddable":true,"href":"https:\/\/gyemantekszer.com\/en\/wp-json\/wp\/v2\/comments?post=247720"}],"wp:featuredmedia":[{"embeddable":true,"href":"https:\/\/gyemantekszer.com\/en\/wp-json\/wp\/v2\/media\/226744"}],"wp:attachment":[{"href":"https:\/\/gyemantekszer.com\/en\/wp-json\/wp\/v2\/media?parent=247720"}],"wp:term":[{"taxonomy":"product_brand","embeddable":true,"href":"https:\/\/gyemantekszer.com\/en\/wp-json\/wp\/v2\/product_brand?post=247720"},{"taxonomy":"product_cat","embeddable":true,"href":"https:\/\/gyemantekszer.com\/en\/wp-json\/wp\/v2\/product_cat?post=247720"},{"taxonomy":"product_tag","embeddable":true,"href":"https:\/\/gyemantekszer.com\/en\/wp-json\/wp\/v2\/product_tag?post=247720"}],"curies":[{"name":"wp","href":"https:\/\/api.w.org\/{rel}","templated":true}]}}