{"id":247711,"date":"2018-06-26T14:47:25","date_gmt":"2018-06-26T12:47:25","guid":{"rendered":"https:\/\/gyemantekszer.com\/termek\/coscia-lidias-gyongy-fulbevalo\/"},"modified":"2025-09-29T12:46:47","modified_gmt":"2025-09-29T10:46:47","slug":"coscia-lidias-gyongy-fulbevalo","status":"publish","type":"product","link":"https:\/\/gyemantekszer.com\/en\/termek\/coscia-lidias-gyongy-fulbevalo\/","title":{"rendered":"Coscia Lidias gy\u00f6ngy f\u00fclbeval\u00f3"},"content":{"rendered":"","protected":false},"excerpt":{"rendered":"<p>Eleg\u00e1ns feh\u00e9r gy\u00f6ngy f\u00fclbeval\u00f3, kiv\u00e1l\u00f3 viselet nem csak alkalmakra, hanem a mindennapok kiv\u00e1l\u00f3 kieg\u00e9sz\u00edt\u0151je. Megnyer\u0151 aj\u00e1nd\u00e9k minden alkalomra fiataloknak \u00e9s id\u0151sebbeknek egyar\u00e1nt.<\/p>\n","protected":false},"featured_media":237289,"comment_status":"open","ping_status":"open","template":"","meta":{"_acf_changed":false},"product_brand":[],"product_cat":[1918],"product_tag":[133,1305,136],"class_list":{"0":"post-247711","1":"product","2":"type-product","3":"status-publish","4":"has-post-thumbnail","6":"product_cat-fulbevalo","7":"product_tag-noi","8":"product_tag-feher-arany","9":"product_tag-gyongyos","10":"pa_kollekcio-exkluziv-ekszerek","11":"pa_marka-coscia","12":"pa_meret-30-cm-hosszu","13":"pa_suly-24-gr","14":"pa_zarak-stekkeres-atszuros-zar","16":"first","17":"onrequest","18":"sale","19":"sold-individually","20":"taxable","21":"shipping-taxable","22":"product-type-simple"},"acf":[],"_links":{"self":[{"href":"https:\/\/gyemantekszer.com\/en\/wp-json\/wp\/v2\/product\/247711","targetHints":{"allow":["GET"]}}],"collection":[{"href":"https:\/\/gyemantekszer.com\/en\/wp-json\/wp\/v2\/product"}],"about":[{"href":"https:\/\/gyemantekszer.com\/en\/wp-json\/wp\/v2\/types\/product"}],"replies":[{"embeddable":true,"href":"https:\/\/gyemantekszer.com\/en\/wp-json\/wp\/v2\/comments?post=247711"}],"wp:featuredmedia":[{"embeddable":true,"href":"https:\/\/gyemantekszer.com\/en\/wp-json\/wp\/v2\/media\/237289"}],"wp:attachment":[{"href":"https:\/\/gyemantekszer.com\/en\/wp-json\/wp\/v2\/media?parent=247711"}],"wp:term":[{"taxonomy":"product_brand","embeddable":true,"href":"https:\/\/gyemantekszer.com\/en\/wp-json\/wp\/v2\/product_brand?post=247711"},{"taxonomy":"product_cat","embeddable":true,"href":"https:\/\/gyemantekszer.com\/en\/wp-json\/wp\/v2\/product_cat?post=247711"},{"taxonomy":"product_tag","embeddable":true,"href":"https:\/\/gyemantekszer.com\/en\/wp-json\/wp\/v2\/product_tag?post=247711"}],"curies":[{"name":"wp","href":"https:\/\/api.w.org\/{rel}","templated":true}]}}