{"id":247698,"date":"2018-06-05T19:46:56","date_gmt":"2018-06-05T17:46:56","guid":{"rendered":"https:\/\/gyemantekszer.com\/termek\/nadi-gyongy-fulbevalo\/"},"modified":"2026-03-10T15:29:06","modified_gmt":"2026-03-10T14:29:06","slug":"nadi-gyongy-fulbevalo","status":"publish","type":"product","link":"https:\/\/gyemantekszer.com\/en\/product\/nadi-gyongy-fulbevalo\/","title":{"rendered":"Nadi gy\u00f6ngy f\u00fclbeval\u00f3"},"content":{"rendered":"","protected":false},"excerpt":{"rendered":"<p>Eleg\u00e1ns gy\u00f6ngy f\u00fclbeval\u00f3, kiv\u00e1l\u00f3 viselet nem csak alkalmakra, hanem a mindennapok kiv\u00e1l\u00f3 kieg\u00e9sz\u00edt\u0151je. Megnyer\u0151 aj\u00e1nd\u00e9k minden alkalomra fiataloknak \u00e9s id\u0151sebbeknek egyar\u00e1nt.<\/p>\n","protected":false},"featured_media":237247,"comment_status":"open","ping_status":"closed","template":"","meta":{"_acf_changed":false},"product_brand":[],"product_cat":[1918],"product_tag":[1384,1375,1379],"class_list":{"0":"post-247698","1":"product","2":"type-product","3":"status-publish","4":"has-post-thumbnail","6":"product_cat-fulbevalo","7":"product_tag-for-ladies","8":"product_tag-white-gold","9":"product_tag-with-pearls","10":"pa_kollekcio-exkluziv-ekszerek","11":"pa_marka-coscia","12":"pa_meret-07-cm-atmero","13":"pa_otvozet-finomsaga-143","14":"pa_suly-24-gr","16":"first","17":"instock","18":"sale","19":"sold-individually","20":"taxable","21":"shipping-taxable","22":"purchasable","23":"product-type-simple"},"acf":[],"_links":{"self":[{"href":"https:\/\/gyemantekszer.com\/en\/wp-json\/wp\/v2\/product\/247698","targetHints":{"allow":["GET"]}}],"collection":[{"href":"https:\/\/gyemantekszer.com\/en\/wp-json\/wp\/v2\/product"}],"about":[{"href":"https:\/\/gyemantekszer.com\/en\/wp-json\/wp\/v2\/types\/product"}],"replies":[{"embeddable":true,"href":"https:\/\/gyemantekszer.com\/en\/wp-json\/wp\/v2\/comments?post=247698"}],"wp:featuredmedia":[{"embeddable":true,"href":"https:\/\/gyemantekszer.com\/en\/wp-json\/wp\/v2\/media\/237247"}],"wp:attachment":[{"href":"https:\/\/gyemantekszer.com\/en\/wp-json\/wp\/v2\/media?parent=247698"}],"wp:term":[{"taxonomy":"product_brand","embeddable":true,"href":"https:\/\/gyemantekszer.com\/en\/wp-json\/wp\/v2\/product_brand?post=247698"},{"taxonomy":"product_cat","embeddable":true,"href":"https:\/\/gyemantekszer.com\/en\/wp-json\/wp\/v2\/product_cat?post=247698"},{"taxonomy":"product_tag","embeddable":true,"href":"https:\/\/gyemantekszer.com\/en\/wp-json\/wp\/v2\/product_tag?post=247698"}],"curies":[{"name":"wp","href":"https:\/\/api.w.org\/{rel}","templated":true}]}}